{"id":17735,"date":"2025-10-12T09:34:30","date_gmt":"2025-10-12T12:34:30","guid":{"rendered":"https:\/\/nrmuebles.com\/?post_type=product&#038;p=17735"},"modified":"2025-11-11T15:50:02","modified_gmt":"2025-11-11T18:50:02","slug":"almohadon-oasis","status":"publish","type":"product","link":"https:\/\/nrmuebles.com\/en\/product\/almohadon-oasis\/","title":{"rendered":"Almohad\u00f3n Oasis"},"content":{"rendered":"<h4>Informaci\u00f3n t\u00e9cnica<\/h4>\n<ul>\n<li>Alto: 4 cm<\/li>\n<li>Ancho: 46 cm<\/li>\n<li>Profundidad: 45 cm<\/li>\n<\/ul>\n<p><img fetchpriority=\"high\" decoding=\"async\" class=\"alignnone wp-image-17737\" src=\"https:\/\/nrmuebles.com\/wp-content\/uploads\/2025\/10\/Fotos-almohadon-31-300x300.jpg\" alt=\"\" width=\"450\" height=\"450\" srcset=\"https:\/\/nrmuebles.com\/wp-content\/uploads\/2025\/10\/Fotos-almohadon-31-300x300.jpg 300w, https:\/\/nrmuebles.com\/wp-content\/uploads\/2025\/10\/Fotos-almohadon-31-1024x1024.jpg 1024w, https:\/\/nrmuebles.com\/wp-content\/uploads\/2025\/10\/Fotos-almohadon-31-150x150.jpg 150w, https:\/\/nrmuebles.com\/wp-content\/uploads\/2025\/10\/Fotos-almohadon-31-768x768.jpg 768w, https:\/\/nrmuebles.com\/wp-content\/uploads\/2025\/10\/Fotos-almohadon-31-1536x1536.jpg 1536w, https:\/\/nrmuebles.com\/wp-content\/uploads\/2025\/10\/Fotos-almohadon-31-2048x2048.jpg 2048w, https:\/\/nrmuebles.com\/wp-content\/uploads\/2025\/10\/Fotos-almohadon-31-12x12.jpg 12w, https:\/\/nrmuebles.com\/wp-content\/uploads\/2025\/10\/Fotos-almohadon-31-600x600.jpg 600w, https:\/\/nrmuebles.com\/wp-content\/uploads\/2025\/10\/Fotos-almohadon-31-50x50.jpg 50w, https:\/\/nrmuebles.com\/wp-content\/uploads\/2025\/10\/Fotos-almohadon-31-100x100.jpg 100w\" sizes=\"(max-width: 450px) 100vw, 450px\" \/>\u00a0 <img decoding=\"async\" class=\"alignnone wp-image-17738\" src=\"https:\/\/nrmuebles.com\/wp-content\/uploads\/2025\/10\/Fotos-almohadon-29-300x300.jpg\" alt=\"\" width=\"450\" height=\"450\" srcset=\"https:\/\/nrmuebles.com\/wp-content\/uploads\/2025\/10\/Fotos-almohadon-29-300x300.jpg 300w, https:\/\/nrmuebles.com\/wp-content\/uploads\/2025\/10\/Fotos-almohadon-29-1024x1024.jpg 1024w, https:\/\/nrmuebles.com\/wp-content\/uploads\/2025\/10\/Fotos-almohadon-29-150x150.jpg 150w, https:\/\/nrmuebles.com\/wp-content\/uploads\/2025\/10\/Fotos-almohadon-29-768x768.jpg 768w, https:\/\/nrmuebles.com\/wp-content\/uploads\/2025\/10\/Fotos-almohadon-29-1536x1536.jpg 1536w, https:\/\/nrmuebles.com\/wp-content\/uploads\/2025\/10\/Fotos-almohadon-29-2048x2048.jpg 2048w, https:\/\/nrmuebles.com\/wp-content\/uploads\/2025\/10\/Fotos-almohadon-29-12x12.jpg 12w, https:\/\/nrmuebles.com\/wp-content\/uploads\/2025\/10\/Fotos-almohadon-29-600x600.jpg 600w, https:\/\/nrmuebles.com\/wp-content\/uploads\/2025\/10\/Fotos-almohadon-29-50x50.jpg 50w, https:\/\/nrmuebles.com\/wp-content\/uploads\/2025\/10\/Fotos-almohadon-29-100x100.jpg 100w\" sizes=\"(max-width: 450px) 100vw, 450px\" \/><\/p>","protected":false},"excerpt":{"rendered":"<p>Almohad\u00f3n Oasis \u00b7 Dise\u00f1ado especialmente para el Sill\u00f3n Oasis.<\/p>\n<p>Ofrece el complemento ideal en confort y estilo. Aporta suavidad, dise\u00f1o y una terminaci\u00f3n perfecta para tu espacio de descanso.<\/p>","protected":false},"featured_media":17742,"comment_status":"open","ping_status":"closed","template":"","meta":{"_joinchat":[]},"product_brand":[],"product_cat":[77,63],"product_tag":[],"class_list":{"0":"post-17735","1":"product","2":"type-product","3":"status-publish","4":"has-post-thumbnail","6":"product_cat-accesorios","7":"product_cat-sillones","8":"pa_colores-disponibles-beige","10":"first","11":"instock","12":"featured","13":"shipping-taxable","14":"purchasable","15":"product-type-variable"},"yoast_head":"<!-- This site is optimized with the Yoast SEO plugin v27.2 - https:\/\/yoast.com\/product\/yoast-seo-wordpress\/ -->\n<title>Almohad\u00f3n Oasis - Nr Muebles<\/title>\n<meta name=\"description\" content=\"Almohad\u00f3n Oasis \u00b7 Dise\u00f1ado especialmente para el Sill\u00f3n Oasis. Aporta suavidad, dise\u00f1o y una terminaci\u00f3n perfecta para tu espacio de descanso.\" \/>\n<meta name=\"robots\" content=\"index, follow, max-snippet:-1, max-image-preview:large, max-video-preview:-1\" \/>\n<link rel=\"canonical\" href=\"https:\/\/nrmuebles.com\/en\/product\/almohadon-oasis\/\" \/>\n<meta property=\"og:locale\" content=\"en_GB\" \/>\n<meta property=\"og:type\" content=\"article\" \/>\n<meta property=\"og:title\" content=\"Almohad\u00f3n Oasis - Nr Muebles\" \/>\n<meta property=\"og:description\" content=\"Almohad\u00f3n Oasis \u00b7 Dise\u00f1ado especialmente para el Sill\u00f3n Oasis. Aporta suavidad, dise\u00f1o y una terminaci\u00f3n perfecta para tu espacio de descanso.\" \/>\n<meta property=\"og:url\" content=\"https:\/\/nrmuebles.com\/en\/product\/almohadon-oasis\/\" \/>\n<meta property=\"og:site_name\" content=\"Nr Muebles\" \/>\n<meta property=\"article:modified_time\" content=\"2025-11-11T18:50:02+00:00\" \/>\n<meta property=\"og:image\" content=\"https:\/\/nrmuebles.com\/wp-content\/uploads\/2025\/10\/c-scaled.png\" \/>\n\t<meta property=\"og:image:width\" content=\"2560\" \/>\n\t<meta property=\"og:image:height\" content=\"2560\" \/>\n\t<meta property=\"og:image:type\" content=\"image\/png\" \/>\n<meta name=\"twitter:card\" content=\"summary_large_image\" \/>\n<meta name=\"twitter:label1\" content=\"Estimated reading time\" \/>\n\t<meta name=\"twitter:data1\" content=\"1 minute\" \/>\n<script type=\"application\/ld+json\" class=\"yoast-schema-graph\">{\"@context\":\"https:\/\/schema.org\",\"@graph\":[{\"@type\":\"WebPage\",\"@id\":\"https:\/\/nrmuebles.com\/product\/almohadon-oasis\/\",\"url\":\"https:\/\/nrmuebles.com\/product\/almohadon-oasis\/\",\"name\":\"Almohad\u00f3n Oasis - Nr Muebles\",\"isPartOf\":{\"@id\":\"https:\/\/nrmuebles.com\/#website\"},\"primaryImageOfPage\":{\"@id\":\"https:\/\/nrmuebles.com\/product\/almohadon-oasis\/#primaryimage\"},\"image\":{\"@id\":\"https:\/\/nrmuebles.com\/product\/almohadon-oasis\/#primaryimage\"},\"thumbnailUrl\":\"https:\/\/nrmuebles.com\/wp-content\/uploads\/2025\/10\/c-scaled.png\",\"datePublished\":\"2025-10-12T12:34:30+00:00\",\"dateModified\":\"2025-11-11T18:50:02+00:00\",\"description\":\"Almohad\u00f3n Oasis \u00b7 Dise\u00f1ado especialmente para el Sill\u00f3n Oasis. Aporta suavidad, dise\u00f1o y una terminaci\u00f3n perfecta para tu espacio de descanso.\",\"breadcrumb\":{\"@id\":\"https:\/\/nrmuebles.com\/product\/almohadon-oasis\/#breadcrumb\"},\"inLanguage\":\"en-GB\",\"potentialAction\":[{\"@type\":\"ReadAction\",\"target\":[\"https:\/\/nrmuebles.com\/product\/almohadon-oasis\/\"]}]},{\"@type\":\"ImageObject\",\"inLanguage\":\"en-GB\",\"@id\":\"https:\/\/nrmuebles.com\/product\/almohadon-oasis\/#primaryimage\",\"url\":\"https:\/\/nrmuebles.com\/wp-content\/uploads\/2025\/10\/c-scaled.png\",\"contentUrl\":\"https:\/\/nrmuebles.com\/wp-content\/uploads\/2025\/10\/c-scaled.png\",\"width\":2560,\"height\":2560},{\"@type\":\"BreadcrumbList\",\"@id\":\"https:\/\/nrmuebles.com\/product\/almohadon-oasis\/#breadcrumb\",\"itemListElement\":[{\"@type\":\"ListItem\",\"position\":1,\"name\":\"Inicio\",\"item\":\"https:\/\/nrmuebles.com\/\"},{\"@type\":\"ListItem\",\"position\":2,\"name\":\"Productos\",\"item\":\"https:\/\/nrmuebles.com\/productos\/\"},{\"@type\":\"ListItem\",\"position\":3,\"name\":\"Almohad\u00f3n Oasis\"}]},{\"@type\":\"WebSite\",\"@id\":\"https:\/\/nrmuebles.com\/#website\",\"url\":\"https:\/\/nrmuebles.com\/\",\"name\":\"Nr Muebles\",\"description\":\"\",\"potentialAction\":[{\"@type\":\"SearchAction\",\"target\":{\"@type\":\"EntryPoint\",\"urlTemplate\":\"https:\/\/nrmuebles.com\/?s={search_term_string}\"},\"query-input\":{\"@type\":\"PropertyValueSpecification\",\"valueRequired\":true,\"valueName\":\"search_term_string\"}}],\"inLanguage\":\"en-GB\"}]}<\/script>\n<!-- \/ Yoast SEO plugin. -->","yoast_head_json":{"title":"Almohad\u00f3n Oasis - Nr Muebles","description":"Almohad\u00f3n Oasis \u00b7 Dise\u00f1ado especialmente para el Sill\u00f3n Oasis. Aporta suavidad, dise\u00f1o y una terminaci\u00f3n perfecta para tu espacio de descanso.","robots":{"index":"index","follow":"follow","max-snippet":"max-snippet:-1","max-image-preview":"max-image-preview:large","max-video-preview":"max-video-preview:-1"},"canonical":"https:\/\/nrmuebles.com\/en\/product\/almohadon-oasis\/","og_locale":"en_GB","og_type":"article","og_title":"Almohad\u00f3n Oasis - Nr Muebles","og_description":"Almohad\u00f3n Oasis \u00b7 Dise\u00f1ado especialmente para el Sill\u00f3n Oasis. Aporta suavidad, dise\u00f1o y una terminaci\u00f3n perfecta para tu espacio de descanso.","og_url":"https:\/\/nrmuebles.com\/en\/product\/almohadon-oasis\/","og_site_name":"Nr Muebles","article_modified_time":"2025-11-11T18:50:02+00:00","og_image":[{"width":2560,"height":2560,"url":"https:\/\/nrmuebles.com\/wp-content\/uploads\/2025\/10\/c-scaled.png","type":"image\/png"}],"twitter_card":"summary_large_image","twitter_misc":{"Estimated reading time":"1 minute"},"schema":{"@context":"https:\/\/schema.org","@graph":[{"@type":"WebPage","@id":"https:\/\/nrmuebles.com\/product\/almohadon-oasis\/","url":"https:\/\/nrmuebles.com\/product\/almohadon-oasis\/","name":"Almohad\u00f3n Oasis - Nr Muebles","isPartOf":{"@id":"https:\/\/nrmuebles.com\/#website"},"primaryImageOfPage":{"@id":"https:\/\/nrmuebles.com\/product\/almohadon-oasis\/#primaryimage"},"image":{"@id":"https:\/\/nrmuebles.com\/product\/almohadon-oasis\/#primaryimage"},"thumbnailUrl":"https:\/\/nrmuebles.com\/wp-content\/uploads\/2025\/10\/c-scaled.png","datePublished":"2025-10-12T12:34:30+00:00","dateModified":"2025-11-11T18:50:02+00:00","description":"Almohad\u00f3n Oasis \u00b7 Dise\u00f1ado especialmente para el Sill\u00f3n Oasis. Aporta suavidad, dise\u00f1o y una terminaci\u00f3n perfecta para tu espacio de descanso.","breadcrumb":{"@id":"https:\/\/nrmuebles.com\/product\/almohadon-oasis\/#breadcrumb"},"inLanguage":"en-GB","potentialAction":[{"@type":"ReadAction","target":["https:\/\/nrmuebles.com\/product\/almohadon-oasis\/"]}]},{"@type":"ImageObject","inLanguage":"en-GB","@id":"https:\/\/nrmuebles.com\/product\/almohadon-oasis\/#primaryimage","url":"https:\/\/nrmuebles.com\/wp-content\/uploads\/2025\/10\/c-scaled.png","contentUrl":"https:\/\/nrmuebles.com\/wp-content\/uploads\/2025\/10\/c-scaled.png","width":2560,"height":2560},{"@type":"BreadcrumbList","@id":"https:\/\/nrmuebles.com\/product\/almohadon-oasis\/#breadcrumb","itemListElement":[{"@type":"ListItem","position":1,"name":"Inicio","item":"https:\/\/nrmuebles.com\/"},{"@type":"ListItem","position":2,"name":"Productos","item":"https:\/\/nrmuebles.com\/productos\/"},{"@type":"ListItem","position":3,"name":"Almohad\u00f3n Oasis"}]},{"@type":"WebSite","@id":"https:\/\/nrmuebles.com\/#website","url":"https:\/\/nrmuebles.com\/","name":"Nr Muebles","description":"","potentialAction":[{"@type":"SearchAction","target":{"@type":"EntryPoint","urlTemplate":"https:\/\/nrmuebles.com\/?s={search_term_string}"},"query-input":{"@type":"PropertyValueSpecification","valueRequired":true,"valueName":"search_term_string"}}],"inLanguage":"en-GB"}]}},"_links":{"self":[{"href":"https:\/\/nrmuebles.com\/en\/wp-json\/wp\/v2\/product\/17735","targetHints":{"allow":["GET"]}}],"collection":[{"href":"https:\/\/nrmuebles.com\/en\/wp-json\/wp\/v2\/product"}],"about":[{"href":"https:\/\/nrmuebles.com\/en\/wp-json\/wp\/v2\/types\/product"}],"replies":[{"embeddable":true,"href":"https:\/\/nrmuebles.com\/en\/wp-json\/wp\/v2\/comments?post=17735"}],"wp:featuredmedia":[{"embeddable":true,"href":"https:\/\/nrmuebles.com\/en\/wp-json\/wp\/v2\/media\/17742"}],"wp:attachment":[{"href":"https:\/\/nrmuebles.com\/en\/wp-json\/wp\/v2\/media?parent=17735"}],"wp:term":[{"taxonomy":"product_brand","embeddable":true,"href":"https:\/\/nrmuebles.com\/en\/wp-json\/wp\/v2\/product_brand?post=17735"},{"taxonomy":"product_cat","embeddable":true,"href":"https:\/\/nrmuebles.com\/en\/wp-json\/wp\/v2\/product_cat?post=17735"},{"taxonomy":"product_tag","embeddable":true,"href":"https:\/\/nrmuebles.com\/en\/wp-json\/wp\/v2\/product_tag?post=17735"}],"curies":[{"name":"wp","href":"https:\/\/api.w.org\/{rel}","templated":true}]}}