{"id":17718,"date":"2025-09-07T18:41:49","date_gmt":"2025-09-07T21:41:49","guid":{"rendered":"https:\/\/nrmuebles.com\/?post_type=product&#038;p=17718"},"modified":"2025-10-13T23:22:12","modified_gmt":"2025-10-14T02:22:12","slug":"6-sillones-oasis-mesa-indonesia-tapa-plastica","status":"publish","type":"product","link":"https:\/\/nrmuebles.com\/en\/product\/6-sillones-oasis-mesa-indonesia-tapa-plastica\/","title":{"rendered":"6 Sillones Oasis + Mesa Indonesia tapa pl\u00e1stica"},"content":{"rendered":"<h4>Informaci\u00f3n t\u00e9cnica: Mesa<\/h4>\n<ul>\n<li>Alto: 75,5 cm.<\/li>\n<li>Ancho: 90 cm.<\/li>\n<li>Profundidad: 150 cm.<\/li>\n<li>Peso: 14,5 kg.<\/li>\n<li>Resistencia: 30 kg.<\/li>\n<\/ul>\n<h4>Informaci\u00f3n t\u00e9cnica: Sill\u00f3n<\/h4>\n<ul>\n<li>Alto: 79 cm.<\/li>\n<li>Ancho: 69,6 cm.<\/li>\n<li>Profundidad: 72,6 cm.<\/li>\n<\/ul>\n<p><img fetchpriority=\"high\" decoding=\"async\" class=\"alignnone wp-image-17723\" src=\"https:\/\/nrmuebles.com\/wp-content\/uploads\/2025\/09\/Foto-2-300x300.jpg\" alt=\"\" width=\"450\" height=\"450\" srcset=\"https:\/\/nrmuebles.com\/wp-content\/uploads\/2025\/09\/Foto-2-300x300.jpg 300w, https:\/\/nrmuebles.com\/wp-content\/uploads\/2025\/09\/Foto-2-1024x1024.jpg 1024w, https:\/\/nrmuebles.com\/wp-content\/uploads\/2025\/09\/Foto-2-150x150.jpg 150w, https:\/\/nrmuebles.com\/wp-content\/uploads\/2025\/09\/Foto-2-768x768.jpg 768w, https:\/\/nrmuebles.com\/wp-content\/uploads\/2025\/09\/Foto-2-12x12.jpg 12w, https:\/\/nrmuebles.com\/wp-content\/uploads\/2025\/09\/Foto-2-600x600.jpg 600w, https:\/\/nrmuebles.com\/wp-content\/uploads\/2025\/09\/Foto-2-50x50.jpg 50w, https:\/\/nrmuebles.com\/wp-content\/uploads\/2025\/09\/Foto-2-100x100.jpg 100w, https:\/\/nrmuebles.com\/wp-content\/uploads\/2025\/09\/Foto-2.jpg 1080w\" sizes=\"(max-width: 450px) 100vw, 450px\" \/>\u00a0<img decoding=\"async\" class=\"alignnone wp-image-17722\" src=\"https:\/\/nrmuebles.com\/wp-content\/uploads\/2025\/09\/Foto-1-300x300.jpg\" alt=\"\" width=\"450\" height=\"450\" srcset=\"https:\/\/nrmuebles.com\/wp-content\/uploads\/2025\/09\/Foto-1-300x300.jpg 300w, https:\/\/nrmuebles.com\/wp-content\/uploads\/2025\/09\/Foto-1-1024x1024.jpg 1024w, https:\/\/nrmuebles.com\/wp-content\/uploads\/2025\/09\/Foto-1-150x150.jpg 150w, https:\/\/nrmuebles.com\/wp-content\/uploads\/2025\/09\/Foto-1-768x768.jpg 768w, https:\/\/nrmuebles.com\/wp-content\/uploads\/2025\/09\/Foto-1-12x12.jpg 12w, https:\/\/nrmuebles.com\/wp-content\/uploads\/2025\/09\/Foto-1-600x600.jpg 600w, https:\/\/nrmuebles.com\/wp-content\/uploads\/2025\/09\/Foto-1-50x50.jpg 50w, https:\/\/nrmuebles.com\/wp-content\/uploads\/2025\/09\/Foto-1-100x100.jpg 100w, https:\/\/nrmuebles.com\/wp-content\/uploads\/2025\/09\/Foto-1.jpg 1080w\" sizes=\"(max-width: 450px) 100vw, 450px\" \/><\/p>","protected":false},"excerpt":{"rendered":"<ul>\n<li>\u00a1Con tu juego de jard\u00edn NR vas a armar el espacio m\u00e1s c\u00f3modo y lindo para recibir a tus invitados!<\/li>\n<\/ul>","protected":false},"featured_media":17725,"comment_status":"open","ping_status":"closed","template":"","meta":{"_joinchat":[]},"product_brand":[],"product_cat":[15],"product_tag":[],"class_list":{"0":"post-17718","1":"product","2":"type-product","3":"status-publish","4":"has-post-thumbnail","6":"product_cat-combos","7":"pa_colores-disponibles-blanco","8":"pa_colores-disponibles-capuchino","9":"pa_colores-disponibles-grafitto","11":"first","12":"instock","13":"featured","14":"shipping-taxable","15":"purchasable","16":"product-type-variable"},"yoast_head":"<!-- This site is optimized with the Yoast SEO plugin v27.2 - https:\/\/yoast.com\/product\/yoast-seo-wordpress\/ -->\n<title>6 Sillones Oasis + Mesa Indonesia tapa pl\u00e1stica - Nr Muebles<\/title>\n<meta name=\"description\" content=\"\u00a1Con tu juego de jard\u00edn NR vas a armar el espacio m\u00e1s c\u00f3modo y lindo para recibir a tus invitados!\" \/>\n<meta name=\"robots\" content=\"index, follow, max-snippet:-1, max-image-preview:large, max-video-preview:-1\" \/>\n<link rel=\"canonical\" href=\"https:\/\/nrmuebles.com\/en\/product\/6-sillones-oasis-mesa-indonesia-tapa-plastica\/\" \/>\n<meta property=\"og:locale\" content=\"en_GB\" \/>\n<meta property=\"og:type\" content=\"article\" \/>\n<meta property=\"og:title\" content=\"6 Sillones Oasis + Mesa Indonesia tapa pl\u00e1stica - Nr Muebles\" \/>\n<meta property=\"og:description\" content=\"\u00a1Con tu juego de jard\u00edn NR vas a armar el espacio m\u00e1s c\u00f3modo y lindo para recibir a tus invitados!\" \/>\n<meta property=\"og:url\" content=\"https:\/\/nrmuebles.com\/en\/product\/6-sillones-oasis-mesa-indonesia-tapa-plastica\/\" \/>\n<meta property=\"og:site_name\" content=\"Nr Muebles\" \/>\n<meta property=\"article:modified_time\" content=\"2025-10-14T02:22:12+00:00\" \/>\n<meta property=\"og:image\" content=\"https:\/\/nrmuebles.com\/wp-content\/uploads\/2025\/09\/6-OASIS-INDO-PLASTICO-CAPUCHINO-01-scaled.png\" \/>\n\t<meta property=\"og:image:width\" content=\"2464\" \/>\n\t<meta property=\"og:image:height\" content=\"2560\" \/>\n\t<meta property=\"og:image:type\" content=\"image\/png\" \/>\n<meta name=\"twitter:card\" content=\"summary_large_image\" \/>\n<meta name=\"twitter:label1\" content=\"Estimated reading time\" \/>\n\t<meta name=\"twitter:data1\" content=\"1 minute\" \/>\n<script type=\"application\/ld+json\" class=\"yoast-schema-graph\">{\"@context\":\"https:\/\/schema.org\",\"@graph\":[{\"@type\":\"WebPage\",\"@id\":\"https:\/\/nrmuebles.com\/product\/6-sillones-oasis-mesa-indonesia-tapa-plastica\/\",\"url\":\"https:\/\/nrmuebles.com\/product\/6-sillones-oasis-mesa-indonesia-tapa-plastica\/\",\"name\":\"6 Sillones Oasis + Mesa Indonesia tapa pl\u00e1stica - Nr Muebles\",\"isPartOf\":{\"@id\":\"https:\/\/nrmuebles.com\/#website\"},\"primaryImageOfPage\":{\"@id\":\"https:\/\/nrmuebles.com\/product\/6-sillones-oasis-mesa-indonesia-tapa-plastica\/#primaryimage\"},\"image\":{\"@id\":\"https:\/\/nrmuebles.com\/product\/6-sillones-oasis-mesa-indonesia-tapa-plastica\/#primaryimage\"},\"thumbnailUrl\":\"https:\/\/nrmuebles.com\/wp-content\/uploads\/2025\/09\/6-OASIS-INDO-PLASTICO-CAPUCHINO-01-scaled.png\",\"datePublished\":\"2025-09-07T21:41:49+00:00\",\"dateModified\":\"2025-10-14T02:22:12+00:00\",\"description\":\"\u00a1Con tu juego de jard\u00edn NR vas a armar el espacio m\u00e1s c\u00f3modo y lindo para recibir a tus invitados!\",\"breadcrumb\":{\"@id\":\"https:\/\/nrmuebles.com\/product\/6-sillones-oasis-mesa-indonesia-tapa-plastica\/#breadcrumb\"},\"inLanguage\":\"en-GB\",\"potentialAction\":[{\"@type\":\"ReadAction\",\"target\":[\"https:\/\/nrmuebles.com\/product\/6-sillones-oasis-mesa-indonesia-tapa-plastica\/\"]}]},{\"@type\":\"ImageObject\",\"inLanguage\":\"en-GB\",\"@id\":\"https:\/\/nrmuebles.com\/product\/6-sillones-oasis-mesa-indonesia-tapa-plastica\/#primaryimage\",\"url\":\"https:\/\/nrmuebles.com\/wp-content\/uploads\/2025\/09\/6-OASIS-INDO-PLASTICO-CAPUCHINO-01-scaled.png\",\"contentUrl\":\"https:\/\/nrmuebles.com\/wp-content\/uploads\/2025\/09\/6-OASIS-INDO-PLASTICO-CAPUCHINO-01-scaled.png\",\"width\":2464,\"height\":2560},{\"@type\":\"BreadcrumbList\",\"@id\":\"https:\/\/nrmuebles.com\/product\/6-sillones-oasis-mesa-indonesia-tapa-plastica\/#breadcrumb\",\"itemListElement\":[{\"@type\":\"ListItem\",\"position\":1,\"name\":\"Inicio\",\"item\":\"https:\/\/nrmuebles.com\/\"},{\"@type\":\"ListItem\",\"position\":2,\"name\":\"Productos\",\"item\":\"https:\/\/nrmuebles.com\/productos\/\"},{\"@type\":\"ListItem\",\"position\":3,\"name\":\"6 Sillones Oasis + Mesa Indonesia tapa pl\u00e1stica\"}]},{\"@type\":\"WebSite\",\"@id\":\"https:\/\/nrmuebles.com\/#website\",\"url\":\"https:\/\/nrmuebles.com\/\",\"name\":\"Nr Muebles\",\"description\":\"\",\"potentialAction\":[{\"@type\":\"SearchAction\",\"target\":{\"@type\":\"EntryPoint\",\"urlTemplate\":\"https:\/\/nrmuebles.com\/?s={search_term_string}\"},\"query-input\":{\"@type\":\"PropertyValueSpecification\",\"valueRequired\":true,\"valueName\":\"search_term_string\"}}],\"inLanguage\":\"en-GB\"}]}<\/script>\n<!-- \/ Yoast SEO plugin. -->","yoast_head_json":{"title":"6 Sillones Oasis + Mesa Indonesia tapa pl\u00e1stica - Nr Muebles","description":"\u00a1Con tu juego de jard\u00edn NR vas a armar el espacio m\u00e1s c\u00f3modo y lindo para recibir a tus invitados!","robots":{"index":"index","follow":"follow","max-snippet":"max-snippet:-1","max-image-preview":"max-image-preview:large","max-video-preview":"max-video-preview:-1"},"canonical":"https:\/\/nrmuebles.com\/en\/product\/6-sillones-oasis-mesa-indonesia-tapa-plastica\/","og_locale":"en_GB","og_type":"article","og_title":"6 Sillones Oasis + Mesa Indonesia tapa pl\u00e1stica - Nr Muebles","og_description":"\u00a1Con tu juego de jard\u00edn NR vas a armar el espacio m\u00e1s c\u00f3modo y lindo para recibir a tus invitados!","og_url":"https:\/\/nrmuebles.com\/en\/product\/6-sillones-oasis-mesa-indonesia-tapa-plastica\/","og_site_name":"Nr Muebles","article_modified_time":"2025-10-14T02:22:12+00:00","og_image":[{"width":2464,"height":2560,"url":"https:\/\/nrmuebles.com\/wp-content\/uploads\/2025\/09\/6-OASIS-INDO-PLASTICO-CAPUCHINO-01-scaled.png","type":"image\/png"}],"twitter_card":"summary_large_image","twitter_misc":{"Estimated reading time":"1 minute"},"schema":{"@context":"https:\/\/schema.org","@graph":[{"@type":"WebPage","@id":"https:\/\/nrmuebles.com\/product\/6-sillones-oasis-mesa-indonesia-tapa-plastica\/","url":"https:\/\/nrmuebles.com\/product\/6-sillones-oasis-mesa-indonesia-tapa-plastica\/","name":"6 Sillones Oasis + Mesa Indonesia tapa pl\u00e1stica - Nr Muebles","isPartOf":{"@id":"https:\/\/nrmuebles.com\/#website"},"primaryImageOfPage":{"@id":"https:\/\/nrmuebles.com\/product\/6-sillones-oasis-mesa-indonesia-tapa-plastica\/#primaryimage"},"image":{"@id":"https:\/\/nrmuebles.com\/product\/6-sillones-oasis-mesa-indonesia-tapa-plastica\/#primaryimage"},"thumbnailUrl":"https:\/\/nrmuebles.com\/wp-content\/uploads\/2025\/09\/6-OASIS-INDO-PLASTICO-CAPUCHINO-01-scaled.png","datePublished":"2025-09-07T21:41:49+00:00","dateModified":"2025-10-14T02:22:12+00:00","description":"\u00a1Con tu juego de jard\u00edn NR vas a armar el espacio m\u00e1s c\u00f3modo y lindo para recibir a tus invitados!","breadcrumb":{"@id":"https:\/\/nrmuebles.com\/product\/6-sillones-oasis-mesa-indonesia-tapa-plastica\/#breadcrumb"},"inLanguage":"en-GB","potentialAction":[{"@type":"ReadAction","target":["https:\/\/nrmuebles.com\/product\/6-sillones-oasis-mesa-indonesia-tapa-plastica\/"]}]},{"@type":"ImageObject","inLanguage":"en-GB","@id":"https:\/\/nrmuebles.com\/product\/6-sillones-oasis-mesa-indonesia-tapa-plastica\/#primaryimage","url":"https:\/\/nrmuebles.com\/wp-content\/uploads\/2025\/09\/6-OASIS-INDO-PLASTICO-CAPUCHINO-01-scaled.png","contentUrl":"https:\/\/nrmuebles.com\/wp-content\/uploads\/2025\/09\/6-OASIS-INDO-PLASTICO-CAPUCHINO-01-scaled.png","width":2464,"height":2560},{"@type":"BreadcrumbList","@id":"https:\/\/nrmuebles.com\/product\/6-sillones-oasis-mesa-indonesia-tapa-plastica\/#breadcrumb","itemListElement":[{"@type":"ListItem","position":1,"name":"Inicio","item":"https:\/\/nrmuebles.com\/"},{"@type":"ListItem","position":2,"name":"Productos","item":"https:\/\/nrmuebles.com\/productos\/"},{"@type":"ListItem","position":3,"name":"6 Sillones Oasis + Mesa Indonesia tapa pl\u00e1stica"}]},{"@type":"WebSite","@id":"https:\/\/nrmuebles.com\/#website","url":"https:\/\/nrmuebles.com\/","name":"Nr Muebles","description":"","potentialAction":[{"@type":"SearchAction","target":{"@type":"EntryPoint","urlTemplate":"https:\/\/nrmuebles.com\/?s={search_term_string}"},"query-input":{"@type":"PropertyValueSpecification","valueRequired":true,"valueName":"search_term_string"}}],"inLanguage":"en-GB"}]}},"_links":{"self":[{"href":"https:\/\/nrmuebles.com\/en\/wp-json\/wp\/v2\/product\/17718","targetHints":{"allow":["GET"]}}],"collection":[{"href":"https:\/\/nrmuebles.com\/en\/wp-json\/wp\/v2\/product"}],"about":[{"href":"https:\/\/nrmuebles.com\/en\/wp-json\/wp\/v2\/types\/product"}],"replies":[{"embeddable":true,"href":"https:\/\/nrmuebles.com\/en\/wp-json\/wp\/v2\/comments?post=17718"}],"wp:featuredmedia":[{"embeddable":true,"href":"https:\/\/nrmuebles.com\/en\/wp-json\/wp\/v2\/media\/17725"}],"wp:attachment":[{"href":"https:\/\/nrmuebles.com\/en\/wp-json\/wp\/v2\/media?parent=17718"}],"wp:term":[{"taxonomy":"product_brand","embeddable":true,"href":"https:\/\/nrmuebles.com\/en\/wp-json\/wp\/v2\/product_brand?post=17718"},{"taxonomy":"product_cat","embeddable":true,"href":"https:\/\/nrmuebles.com\/en\/wp-json\/wp\/v2\/product_cat?post=17718"},{"taxonomy":"product_tag","embeddable":true,"href":"https:\/\/nrmuebles.com\/en\/wp-json\/wp\/v2\/product_tag?post=17718"}],"curies":[{"name":"wp","href":"https:\/\/api.w.org\/{rel}","templated":true}]}}