{"id":17707,"date":"2025-09-07T18:23:22","date_gmt":"2025-09-07T21:23:22","guid":{"rendered":"https:\/\/nrmuebles.com\/?post_type=product&#038;p=17707"},"modified":"2025-09-07T18:39:51","modified_gmt":"2025-09-07T21:39:51","slug":"4-sillones-oasis-mesa-fidji","status":"publish","type":"product","link":"https:\/\/nrmuebles.com\/en\/product\/4-sillones-oasis-mesa-fidji\/","title":{"rendered":"4 Sillones Oasis + Mesa Fidji"},"content":{"rendered":"<h4>Informaci\u00f3n t\u00e9cnica: Mesa<\/h4>\n<ul>\n<li>Alto: 75,5 cm.<\/li>\n<li>Ancho: 90 cm.<\/li>\n<li>Profundidad: 90 cm.<\/li>\n<li>Peso: 6,5 kg.<\/li>\n<li>Resistencia: 30 kg.<\/li>\n<\/ul>\n<h4>Informaci\u00f3n t\u00e9cnica: Sill\u00f3n<\/h4>\n<ul>\n<li>Alto: 79 cm.<\/li>\n<li>Ancho: 69,6 cm.<\/li>\n<li>Profundidad: 72,6 cm.<\/li>\n<\/ul>\n<p><img fetchpriority=\"high\" decoding=\"async\" class=\"alignnone wp-image-17711\" src=\"https:\/\/nrmuebles.com\/wp-content\/uploads\/2025\/09\/Foto-2-01-min-300x300.png\" alt=\"\" width=\"450\" height=\"450\" srcset=\"https:\/\/nrmuebles.com\/wp-content\/uploads\/2025\/09\/Foto-2-01-min-300x300.png 300w, https:\/\/nrmuebles.com\/wp-content\/uploads\/2025\/09\/Foto-2-01-min-1024x1024.png 1024w, https:\/\/nrmuebles.com\/wp-content\/uploads\/2025\/09\/Foto-2-01-min-150x150.png 150w, https:\/\/nrmuebles.com\/wp-content\/uploads\/2025\/09\/Foto-2-01-min-768x768.png 768w, https:\/\/nrmuebles.com\/wp-content\/uploads\/2025\/09\/Foto-2-01-min-1536x1536.png 1536w, https:\/\/nrmuebles.com\/wp-content\/uploads\/2025\/09\/Foto-2-01-min-2048x2048.png 2048w, https:\/\/nrmuebles.com\/wp-content\/uploads\/2025\/09\/Foto-2-01-min-12x12.png 12w\" sizes=\"(max-width: 450px) 100vw, 450px\" \/>\u00a0<img decoding=\"async\" class=\"alignnone wp-image-17715\" src=\"https:\/\/nrmuebles.com\/wp-content\/uploads\/2025\/09\/Foto-3-min-300x300.jpg\" alt=\"\" width=\"450\" height=\"450\" srcset=\"https:\/\/nrmuebles.com\/wp-content\/uploads\/2025\/09\/Foto-3-min-300x300.jpg 300w, https:\/\/nrmuebles.com\/wp-content\/uploads\/2025\/09\/Foto-3-min-1024x1024.jpg 1024w, https:\/\/nrmuebles.com\/wp-content\/uploads\/2025\/09\/Foto-3-min-150x150.jpg 150w, https:\/\/nrmuebles.com\/wp-content\/uploads\/2025\/09\/Foto-3-min-768x768.jpg 768w, https:\/\/nrmuebles.com\/wp-content\/uploads\/2025\/09\/Foto-3-min-12x12.jpg 12w, https:\/\/nrmuebles.com\/wp-content\/uploads\/2025\/09\/Foto-3-min-600x600.jpg 600w, https:\/\/nrmuebles.com\/wp-content\/uploads\/2025\/09\/Foto-3-min-50x50.jpg 50w, https:\/\/nrmuebles.com\/wp-content\/uploads\/2025\/09\/Foto-3-min-100x100.jpg 100w, https:\/\/nrmuebles.com\/wp-content\/uploads\/2025\/09\/Foto-3-min.jpg 1080w\" sizes=\"(max-width: 450px) 100vw, 450px\" \/> <img decoding=\"async\" class=\"alignnone wp-image-17716\" src=\"https:\/\/nrmuebles.com\/wp-content\/uploads\/2025\/09\/Foto-1-min-300x300.jpg\" alt=\"\" width=\"450\" height=\"450\" srcset=\"https:\/\/nrmuebles.com\/wp-content\/uploads\/2025\/09\/Foto-1-min-300x300.jpg 300w, https:\/\/nrmuebles.com\/wp-content\/uploads\/2025\/09\/Foto-1-min-1024x1024.jpg 1024w, https:\/\/nrmuebles.com\/wp-content\/uploads\/2025\/09\/Foto-1-min-150x150.jpg 150w, https:\/\/nrmuebles.com\/wp-content\/uploads\/2025\/09\/Foto-1-min-768x768.jpg 768w, https:\/\/nrmuebles.com\/wp-content\/uploads\/2025\/09\/Foto-1-min-12x12.jpg 12w, https:\/\/nrmuebles.com\/wp-content\/uploads\/2025\/09\/Foto-1-min-600x600.jpg 600w, https:\/\/nrmuebles.com\/wp-content\/uploads\/2025\/09\/Foto-1-min-50x50.jpg 50w, https:\/\/nrmuebles.com\/wp-content\/uploads\/2025\/09\/Foto-1-min-100x100.jpg 100w, https:\/\/nrmuebles.com\/wp-content\/uploads\/2025\/09\/Foto-1-min.jpg 1080w\" sizes=\"(max-width: 450px) 100vw, 450px\" \/><\/p>","protected":false},"excerpt":{"rendered":"<ul>\n<li>\u00a1Con tu juego de jard\u00edn NR vas a armar el espacio m\u00e1s c\u00f3modo y lindo para recibir a tus invitados!<\/li>\n<\/ul>","protected":false},"featured_media":17713,"comment_status":"open","ping_status":"closed","template":"","meta":{"_joinchat":[]},"product_brand":[],"product_cat":[15],"product_tag":[],"class_list":{"0":"post-17707","1":"product","2":"type-product","3":"status-publish","4":"has-post-thumbnail","6":"product_cat-combos","7":"pa_colores-disponibles-blanco","8":"pa_colores-disponibles-capuchino","9":"pa_colores-disponibles-grafitto","11":"first","12":"instock","13":"featured","14":"shipping-taxable","15":"purchasable","16":"product-type-variable"},"yoast_head":"<!-- This site is optimized with the Yoast SEO plugin v27.2 - https:\/\/yoast.com\/product\/yoast-seo-wordpress\/ -->\n<title>4 Sillones Oasis + Mesa Fidji - Nr Muebles<\/title>\n<meta name=\"description\" content=\"\u00a1Con tu juego de jard\u00edn NR vas a armar el espacio m\u00e1s c\u00f3modo y lindo para recibir a tus invitados!\" \/>\n<meta name=\"robots\" content=\"index, follow, max-snippet:-1, max-image-preview:large, max-video-preview:-1\" \/>\n<link rel=\"canonical\" href=\"https:\/\/nrmuebles.com\/en\/product\/4-sillones-oasis-mesa-fidji\/\" \/>\n<meta property=\"og:locale\" content=\"en_GB\" \/>\n<meta property=\"og:type\" content=\"article\" \/>\n<meta property=\"og:title\" content=\"4 Sillones Oasis + Mesa Fidji - Nr Muebles\" \/>\n<meta property=\"og:description\" content=\"\u00a1Con tu juego de jard\u00edn NR vas a armar el espacio m\u00e1s c\u00f3modo y lindo para recibir a tus invitados!\" \/>\n<meta property=\"og:url\" content=\"https:\/\/nrmuebles.com\/en\/product\/4-sillones-oasis-mesa-fidji\/\" \/>\n<meta property=\"og:site_name\" content=\"Nr Muebles\" \/>\n<meta property=\"article:modified_time\" content=\"2025-09-07T21:39:51+00:00\" \/>\n<meta property=\"og:image\" content=\"https:\/\/nrmuebles.com\/wp-content\/uploads\/2025\/09\/4-OASIS-MESA-FIDJI-BLANCO_-01-min-scaled.png\" \/>\n\t<meta property=\"og:image:width\" content=\"2560\" \/>\n\t<meta property=\"og:image:height\" content=\"2560\" \/>\n\t<meta property=\"og:image:type\" content=\"image\/png\" \/>\n<meta name=\"twitter:card\" content=\"summary_large_image\" \/>\n<meta name=\"twitter:label1\" content=\"Estimated reading time\" \/>\n\t<meta name=\"twitter:data1\" content=\"1 minute\" \/>\n<script type=\"application\/ld+json\" class=\"yoast-schema-graph\">{\"@context\":\"https:\/\/schema.org\",\"@graph\":[{\"@type\":\"WebPage\",\"@id\":\"https:\/\/nrmuebles.com\/product\/4-sillones-oasis-mesa-fidji\/\",\"url\":\"https:\/\/nrmuebles.com\/product\/4-sillones-oasis-mesa-fidji\/\",\"name\":\"4 Sillones Oasis + Mesa Fidji - Nr Muebles\",\"isPartOf\":{\"@id\":\"https:\/\/nrmuebles.com\/#website\"},\"primaryImageOfPage\":{\"@id\":\"https:\/\/nrmuebles.com\/product\/4-sillones-oasis-mesa-fidji\/#primaryimage\"},\"image\":{\"@id\":\"https:\/\/nrmuebles.com\/product\/4-sillones-oasis-mesa-fidji\/#primaryimage\"},\"thumbnailUrl\":\"https:\/\/nrmuebles.com\/wp-content\/uploads\/2025\/09\/4-OASIS-MESA-FIDJI-BLANCO_-01-min-scaled.png\",\"datePublished\":\"2025-09-07T21:23:22+00:00\",\"dateModified\":\"2025-09-07T21:39:51+00:00\",\"description\":\"\u00a1Con tu juego de jard\u00edn NR vas a armar el espacio m\u00e1s c\u00f3modo y lindo para recibir a tus invitados!\",\"breadcrumb\":{\"@id\":\"https:\/\/nrmuebles.com\/product\/4-sillones-oasis-mesa-fidji\/#breadcrumb\"},\"inLanguage\":\"en-GB\",\"potentialAction\":[{\"@type\":\"ReadAction\",\"target\":[\"https:\/\/nrmuebles.com\/product\/4-sillones-oasis-mesa-fidji\/\"]}]},{\"@type\":\"ImageObject\",\"inLanguage\":\"en-GB\",\"@id\":\"https:\/\/nrmuebles.com\/product\/4-sillones-oasis-mesa-fidji\/#primaryimage\",\"url\":\"https:\/\/nrmuebles.com\/wp-content\/uploads\/2025\/09\/4-OASIS-MESA-FIDJI-BLANCO_-01-min-scaled.png\",\"contentUrl\":\"https:\/\/nrmuebles.com\/wp-content\/uploads\/2025\/09\/4-OASIS-MESA-FIDJI-BLANCO_-01-min-scaled.png\",\"width\":2560,\"height\":2560},{\"@type\":\"BreadcrumbList\",\"@id\":\"https:\/\/nrmuebles.com\/product\/4-sillones-oasis-mesa-fidji\/#breadcrumb\",\"itemListElement\":[{\"@type\":\"ListItem\",\"position\":1,\"name\":\"Inicio\",\"item\":\"https:\/\/nrmuebles.com\/\"},{\"@type\":\"ListItem\",\"position\":2,\"name\":\"Productos\",\"item\":\"https:\/\/nrmuebles.com\/productos\/\"},{\"@type\":\"ListItem\",\"position\":3,\"name\":\"4 Sillones Oasis + Mesa Fidji\"}]},{\"@type\":\"WebSite\",\"@id\":\"https:\/\/nrmuebles.com\/#website\",\"url\":\"https:\/\/nrmuebles.com\/\",\"name\":\"Nr Muebles\",\"description\":\"\",\"potentialAction\":[{\"@type\":\"SearchAction\",\"target\":{\"@type\":\"EntryPoint\",\"urlTemplate\":\"https:\/\/nrmuebles.com\/?s={search_term_string}\"},\"query-input\":{\"@type\":\"PropertyValueSpecification\",\"valueRequired\":true,\"valueName\":\"search_term_string\"}}],\"inLanguage\":\"en-GB\"}]}<\/script>\n<!-- \/ Yoast SEO plugin. -->","yoast_head_json":{"title":"4 Sillones Oasis + Mesa Fidji - Nr Muebles","description":"\u00a1Con tu juego de jard\u00edn NR vas a armar el espacio m\u00e1s c\u00f3modo y lindo para recibir a tus invitados!","robots":{"index":"index","follow":"follow","max-snippet":"max-snippet:-1","max-image-preview":"max-image-preview:large","max-video-preview":"max-video-preview:-1"},"canonical":"https:\/\/nrmuebles.com\/en\/product\/4-sillones-oasis-mesa-fidji\/","og_locale":"en_GB","og_type":"article","og_title":"4 Sillones Oasis + Mesa Fidji - Nr Muebles","og_description":"\u00a1Con tu juego de jard\u00edn NR vas a armar el espacio m\u00e1s c\u00f3modo y lindo para recibir a tus invitados!","og_url":"https:\/\/nrmuebles.com\/en\/product\/4-sillones-oasis-mesa-fidji\/","og_site_name":"Nr Muebles","article_modified_time":"2025-09-07T21:39:51+00:00","og_image":[{"width":2560,"height":2560,"url":"https:\/\/nrmuebles.com\/wp-content\/uploads\/2025\/09\/4-OASIS-MESA-FIDJI-BLANCO_-01-min-scaled.png","type":"image\/png"}],"twitter_card":"summary_large_image","twitter_misc":{"Estimated reading time":"1 minute"},"schema":{"@context":"https:\/\/schema.org","@graph":[{"@type":"WebPage","@id":"https:\/\/nrmuebles.com\/product\/4-sillones-oasis-mesa-fidji\/","url":"https:\/\/nrmuebles.com\/product\/4-sillones-oasis-mesa-fidji\/","name":"4 Sillones Oasis + Mesa Fidji - Nr Muebles","isPartOf":{"@id":"https:\/\/nrmuebles.com\/#website"},"primaryImageOfPage":{"@id":"https:\/\/nrmuebles.com\/product\/4-sillones-oasis-mesa-fidji\/#primaryimage"},"image":{"@id":"https:\/\/nrmuebles.com\/product\/4-sillones-oasis-mesa-fidji\/#primaryimage"},"thumbnailUrl":"https:\/\/nrmuebles.com\/wp-content\/uploads\/2025\/09\/4-OASIS-MESA-FIDJI-BLANCO_-01-min-scaled.png","datePublished":"2025-09-07T21:23:22+00:00","dateModified":"2025-09-07T21:39:51+00:00","description":"\u00a1Con tu juego de jard\u00edn NR vas a armar el espacio m\u00e1s c\u00f3modo y lindo para recibir a tus invitados!","breadcrumb":{"@id":"https:\/\/nrmuebles.com\/product\/4-sillones-oasis-mesa-fidji\/#breadcrumb"},"inLanguage":"en-GB","potentialAction":[{"@type":"ReadAction","target":["https:\/\/nrmuebles.com\/product\/4-sillones-oasis-mesa-fidji\/"]}]},{"@type":"ImageObject","inLanguage":"en-GB","@id":"https:\/\/nrmuebles.com\/product\/4-sillones-oasis-mesa-fidji\/#primaryimage","url":"https:\/\/nrmuebles.com\/wp-content\/uploads\/2025\/09\/4-OASIS-MESA-FIDJI-BLANCO_-01-min-scaled.png","contentUrl":"https:\/\/nrmuebles.com\/wp-content\/uploads\/2025\/09\/4-OASIS-MESA-FIDJI-BLANCO_-01-min-scaled.png","width":2560,"height":2560},{"@type":"BreadcrumbList","@id":"https:\/\/nrmuebles.com\/product\/4-sillones-oasis-mesa-fidji\/#breadcrumb","itemListElement":[{"@type":"ListItem","position":1,"name":"Inicio","item":"https:\/\/nrmuebles.com\/"},{"@type":"ListItem","position":2,"name":"Productos","item":"https:\/\/nrmuebles.com\/productos\/"},{"@type":"ListItem","position":3,"name":"4 Sillones Oasis + Mesa Fidji"}]},{"@type":"WebSite","@id":"https:\/\/nrmuebles.com\/#website","url":"https:\/\/nrmuebles.com\/","name":"Nr Muebles","description":"","potentialAction":[{"@type":"SearchAction","target":{"@type":"EntryPoint","urlTemplate":"https:\/\/nrmuebles.com\/?s={search_term_string}"},"query-input":{"@type":"PropertyValueSpecification","valueRequired":true,"valueName":"search_term_string"}}],"inLanguage":"en-GB"}]}},"_links":{"self":[{"href":"https:\/\/nrmuebles.com\/en\/wp-json\/wp\/v2\/product\/17707","targetHints":{"allow":["GET"]}}],"collection":[{"href":"https:\/\/nrmuebles.com\/en\/wp-json\/wp\/v2\/product"}],"about":[{"href":"https:\/\/nrmuebles.com\/en\/wp-json\/wp\/v2\/types\/product"}],"replies":[{"embeddable":true,"href":"https:\/\/nrmuebles.com\/en\/wp-json\/wp\/v2\/comments?post=17707"}],"wp:featuredmedia":[{"embeddable":true,"href":"https:\/\/nrmuebles.com\/en\/wp-json\/wp\/v2\/media\/17713"}],"wp:attachment":[{"href":"https:\/\/nrmuebles.com\/en\/wp-json\/wp\/v2\/media?parent=17707"}],"wp:term":[{"taxonomy":"product_brand","embeddable":true,"href":"https:\/\/nrmuebles.com\/en\/wp-json\/wp\/v2\/product_brand?post=17707"},{"taxonomy":"product_cat","embeddable":true,"href":"https:\/\/nrmuebles.com\/en\/wp-json\/wp\/v2\/product_cat?post=17707"},{"taxonomy":"product_tag","embeddable":true,"href":"https:\/\/nrmuebles.com\/en\/wp-json\/wp\/v2\/product_tag?post=17707"}],"curies":[{"name":"wp","href":"https:\/\/api.w.org\/{rel}","templated":true}]}}