{"id":17693,"date":"2025-09-05T05:42:28","date_gmt":"2025-09-05T08:42:28","guid":{"rendered":"https:\/\/nrmuebles.com\/?post_type=product&#038;p=17693"},"modified":"2025-09-07T16:34:59","modified_gmt":"2025-09-07T19:34:59","slug":"4-sillones-oasis-mesa-baru","status":"publish","type":"product","link":"https:\/\/nrmuebles.com\/en\/product\/4-sillones-oasis-mesa-baru\/","title":{"rendered":"4 Sillones Oasis + Mesa Bar\u00fa"},"content":{"rendered":"<h4>Informaci\u00f3n t\u00e9cnica: Mesa<\/h4>\n<ul>\n<li>Alto: 46 cm.<\/li>\n<li>Ancho: 90 cm.<\/li>\n<li>Largo: 77 cm.<\/li>\n<li>Profundidad: 90 cm.<\/li>\n<li>Peso: 6,5 kg.<\/li>\n<li>Resistencia: 30 kg.<\/li>\n<\/ul>\n<h4>Informaci\u00f3n t\u00e9cnica: Sill\u00f3n<\/h4>\n<ul>\n<li>Alto: 79 cm.<\/li>\n<li>Ancho: 69,6 cm.<\/li>\n<li>Profundidad: 72,6 cm.<\/li>\n<\/ul>\n<p><img fetchpriority=\"high\" decoding=\"async\" class=\"alignnone wp-image-17700\" src=\"https:\/\/nrmuebles.com\/wp-content\/uploads\/2025\/09\/Foto_1-300x300.jpg\" alt=\"\" width=\"450\" height=\"450\" srcset=\"https:\/\/nrmuebles.com\/wp-content\/uploads\/2025\/09\/Foto_1-300x300.jpg 300w, https:\/\/nrmuebles.com\/wp-content\/uploads\/2025\/09\/Foto_1-1024x1024.jpg 1024w, https:\/\/nrmuebles.com\/wp-content\/uploads\/2025\/09\/Foto_1-150x150.jpg 150w, https:\/\/nrmuebles.com\/wp-content\/uploads\/2025\/09\/Foto_1-768x768.jpg 768w, https:\/\/nrmuebles.com\/wp-content\/uploads\/2025\/09\/Foto_1-12x12.jpg 12w, https:\/\/nrmuebles.com\/wp-content\/uploads\/2025\/09\/Foto_1-600x600.jpg 600w, https:\/\/nrmuebles.com\/wp-content\/uploads\/2025\/09\/Foto_1-50x50.jpg 50w, https:\/\/nrmuebles.com\/wp-content\/uploads\/2025\/09\/Foto_1-100x100.jpg 100w, https:\/\/nrmuebles.com\/wp-content\/uploads\/2025\/09\/Foto_1.jpg 1080w\" sizes=\"(max-width: 450px) 100vw, 450px\" \/>\u00a0<img decoding=\"async\" class=\"alignnone wp-image-17701\" src=\"https:\/\/nrmuebles.com\/wp-content\/uploads\/2025\/09\/Foto_2-300x300.png\" alt=\"\" width=\"450\" height=\"450\" srcset=\"https:\/\/nrmuebles.com\/wp-content\/uploads\/2025\/09\/Foto_2-300x300.png 300w, https:\/\/nrmuebles.com\/wp-content\/uploads\/2025\/09\/Foto_2-1024x1024.png 1024w, https:\/\/nrmuebles.com\/wp-content\/uploads\/2025\/09\/Foto_2-150x150.png 150w, https:\/\/nrmuebles.com\/wp-content\/uploads\/2025\/09\/Foto_2-768x768.png 768w, https:\/\/nrmuebles.com\/wp-content\/uploads\/2025\/09\/Foto_2-12x12.png 12w, https:\/\/nrmuebles.com\/wp-content\/uploads\/2025\/09\/Foto_2-600x600.png 600w, https:\/\/nrmuebles.com\/wp-content\/uploads\/2025\/09\/Foto_2-50x50.png 50w, https:\/\/nrmuebles.com\/wp-content\/uploads\/2025\/09\/Foto_2-100x100.png 100w, https:\/\/nrmuebles.com\/wp-content\/uploads\/2025\/09\/Foto_2.png 1080w\" sizes=\"(max-width: 450px) 100vw, 450px\" \/> <img decoding=\"async\" class=\"alignnone wp-image-17702\" src=\"https:\/\/nrmuebles.com\/wp-content\/uploads\/2025\/09\/Foto_3-300x300.jpg\" alt=\"\" width=\"450\" height=\"450\" srcset=\"https:\/\/nrmuebles.com\/wp-content\/uploads\/2025\/09\/Foto_3-300x300.jpg 300w, https:\/\/nrmuebles.com\/wp-content\/uploads\/2025\/09\/Foto_3-1024x1024.jpg 1024w, https:\/\/nrmuebles.com\/wp-content\/uploads\/2025\/09\/Foto_3-150x150.jpg 150w, https:\/\/nrmuebles.com\/wp-content\/uploads\/2025\/09\/Foto_3-768x768.jpg 768w, https:\/\/nrmuebles.com\/wp-content\/uploads\/2025\/09\/Foto_3-12x12.jpg 12w, https:\/\/nrmuebles.com\/wp-content\/uploads\/2025\/09\/Foto_3-600x600.jpg 600w, https:\/\/nrmuebles.com\/wp-content\/uploads\/2025\/09\/Foto_3-50x50.jpg 50w, https:\/\/nrmuebles.com\/wp-content\/uploads\/2025\/09\/Foto_3-100x100.jpg 100w, https:\/\/nrmuebles.com\/wp-content\/uploads\/2025\/09\/Foto_3.jpg 1080w\" sizes=\"(max-width: 450px) 100vw, 450px\" \/><\/p>","protected":false},"excerpt":{"rendered":"<ul>\n<li>\u00a1Con tu juego de jard\u00edn NR vas a armar el espacio m\u00e1s c\u00f3modo y lindo para recibir a tus invitados!<\/li>\n<\/ul>","protected":false},"featured_media":17703,"comment_status":"open","ping_status":"closed","template":"","meta":{"_joinchat":[]},"product_brand":[],"product_cat":[15],"product_tag":[],"class_list":{"0":"post-17693","1":"product","2":"type-product","3":"status-publish","4":"has-post-thumbnail","6":"product_cat-combos","7":"pa_colores-disponibles-blanco","8":"pa_colores-disponibles-capuchino","9":"pa_colores-disponibles-grafitto","11":"first","12":"instock","13":"featured","14":"shipping-taxable","15":"purchasable","16":"product-type-variable"},"yoast_head":"<!-- This site is optimized with the Yoast SEO plugin v27.2 - https:\/\/yoast.com\/product\/yoast-seo-wordpress\/ -->\n<title>4 Sillones Oasis + Mesa Bar\u00fa - Nr Muebles<\/title>\n<meta name=\"description\" content=\"\u00a1Con tu juego de jard\u00edn NR vas a armar el espacio m\u00e1s c\u00f3modo y lindo para recibir a tus invitados!\" \/>\n<meta name=\"robots\" content=\"index, follow, max-snippet:-1, max-image-preview:large, max-video-preview:-1\" \/>\n<link rel=\"canonical\" href=\"https:\/\/nrmuebles.com\/en\/product\/4-sillones-oasis-mesa-baru\/\" \/>\n<meta property=\"og:locale\" content=\"en_GB\" \/>\n<meta property=\"og:type\" content=\"article\" \/>\n<meta property=\"og:title\" content=\"4 Sillones Oasis + Mesa Bar\u00fa - Nr Muebles\" \/>\n<meta property=\"og:description\" content=\"\u00a1Con tu juego de jard\u00edn NR vas a armar el espacio m\u00e1s c\u00f3modo y lindo para recibir a tus invitados!\" \/>\n<meta property=\"og:url\" content=\"https:\/\/nrmuebles.com\/en\/product\/4-sillones-oasis-mesa-baru\/\" \/>\n<meta property=\"og:site_name\" content=\"Nr Muebles\" \/>\n<meta property=\"article:modified_time\" content=\"2025-09-07T19:34:59+00:00\" \/>\n<meta property=\"og:image\" content=\"https:\/\/nrmuebles.com\/wp-content\/uploads\/2025\/09\/4-OASIS-MESA-BARU-BLANCO-01-min-scaled.png\" \/>\n\t<meta property=\"og:image:width\" content=\"2560\" \/>\n\t<meta property=\"og:image:height\" content=\"2560\" \/>\n\t<meta property=\"og:image:type\" content=\"image\/png\" \/>\n<meta name=\"twitter:card\" content=\"summary_large_image\" \/>\n<meta name=\"twitter:label1\" content=\"Estimated reading time\" \/>\n\t<meta name=\"twitter:data1\" content=\"1 minute\" \/>\n<script type=\"application\/ld+json\" class=\"yoast-schema-graph\">{\"@context\":\"https:\/\/schema.org\",\"@graph\":[{\"@type\":\"WebPage\",\"@id\":\"https:\/\/nrmuebles.com\/product\/4-sillones-oasis-mesa-baru\/\",\"url\":\"https:\/\/nrmuebles.com\/product\/4-sillones-oasis-mesa-baru\/\",\"name\":\"4 Sillones Oasis + Mesa Bar\u00fa - Nr Muebles\",\"isPartOf\":{\"@id\":\"https:\/\/nrmuebles.com\/#website\"},\"primaryImageOfPage\":{\"@id\":\"https:\/\/nrmuebles.com\/product\/4-sillones-oasis-mesa-baru\/#primaryimage\"},\"image\":{\"@id\":\"https:\/\/nrmuebles.com\/product\/4-sillones-oasis-mesa-baru\/#primaryimage\"},\"thumbnailUrl\":\"https:\/\/nrmuebles.com\/wp-content\/uploads\/2025\/09\/4-OASIS-MESA-BARU-BLANCO-01-min-scaled.png\",\"datePublished\":\"2025-09-05T08:42:28+00:00\",\"dateModified\":\"2025-09-07T19:34:59+00:00\",\"description\":\"\u00a1Con tu juego de jard\u00edn NR vas a armar el espacio m\u00e1s c\u00f3modo y lindo para recibir a tus invitados!\",\"breadcrumb\":{\"@id\":\"https:\/\/nrmuebles.com\/product\/4-sillones-oasis-mesa-baru\/#breadcrumb\"},\"inLanguage\":\"en-GB\",\"potentialAction\":[{\"@type\":\"ReadAction\",\"target\":[\"https:\/\/nrmuebles.com\/product\/4-sillones-oasis-mesa-baru\/\"]}]},{\"@type\":\"ImageObject\",\"inLanguage\":\"en-GB\",\"@id\":\"https:\/\/nrmuebles.com\/product\/4-sillones-oasis-mesa-baru\/#primaryimage\",\"url\":\"https:\/\/nrmuebles.com\/wp-content\/uploads\/2025\/09\/4-OASIS-MESA-BARU-BLANCO-01-min-scaled.png\",\"contentUrl\":\"https:\/\/nrmuebles.com\/wp-content\/uploads\/2025\/09\/4-OASIS-MESA-BARU-BLANCO-01-min-scaled.png\",\"width\":2560,\"height\":2560},{\"@type\":\"BreadcrumbList\",\"@id\":\"https:\/\/nrmuebles.com\/product\/4-sillones-oasis-mesa-baru\/#breadcrumb\",\"itemListElement\":[{\"@type\":\"ListItem\",\"position\":1,\"name\":\"Inicio\",\"item\":\"https:\/\/nrmuebles.com\/\"},{\"@type\":\"ListItem\",\"position\":2,\"name\":\"Productos\",\"item\":\"https:\/\/nrmuebles.com\/productos\/\"},{\"@type\":\"ListItem\",\"position\":3,\"name\":\"4 Sillones Oasis + Mesa Bar\u00fa\"}]},{\"@type\":\"WebSite\",\"@id\":\"https:\/\/nrmuebles.com\/#website\",\"url\":\"https:\/\/nrmuebles.com\/\",\"name\":\"Nr Muebles\",\"description\":\"\",\"potentialAction\":[{\"@type\":\"SearchAction\",\"target\":{\"@type\":\"EntryPoint\",\"urlTemplate\":\"https:\/\/nrmuebles.com\/?s={search_term_string}\"},\"query-input\":{\"@type\":\"PropertyValueSpecification\",\"valueRequired\":true,\"valueName\":\"search_term_string\"}}],\"inLanguage\":\"en-GB\"}]}<\/script>\n<!-- \/ Yoast SEO plugin. -->","yoast_head_json":{"title":"4 Sillones Oasis + Mesa Bar\u00fa - Nr Muebles","description":"\u00a1Con tu juego de jard\u00edn NR vas a armar el espacio m\u00e1s c\u00f3modo y lindo para recibir a tus invitados!","robots":{"index":"index","follow":"follow","max-snippet":"max-snippet:-1","max-image-preview":"max-image-preview:large","max-video-preview":"max-video-preview:-1"},"canonical":"https:\/\/nrmuebles.com\/en\/product\/4-sillones-oasis-mesa-baru\/","og_locale":"en_GB","og_type":"article","og_title":"4 Sillones Oasis + Mesa Bar\u00fa - Nr Muebles","og_description":"\u00a1Con tu juego de jard\u00edn NR vas a armar el espacio m\u00e1s c\u00f3modo y lindo para recibir a tus invitados!","og_url":"https:\/\/nrmuebles.com\/en\/product\/4-sillones-oasis-mesa-baru\/","og_site_name":"Nr Muebles","article_modified_time":"2025-09-07T19:34:59+00:00","og_image":[{"width":2560,"height":2560,"url":"https:\/\/nrmuebles.com\/wp-content\/uploads\/2025\/09\/4-OASIS-MESA-BARU-BLANCO-01-min-scaled.png","type":"image\/png"}],"twitter_card":"summary_large_image","twitter_misc":{"Estimated reading time":"1 minute"},"schema":{"@context":"https:\/\/schema.org","@graph":[{"@type":"WebPage","@id":"https:\/\/nrmuebles.com\/product\/4-sillones-oasis-mesa-baru\/","url":"https:\/\/nrmuebles.com\/product\/4-sillones-oasis-mesa-baru\/","name":"4 Sillones Oasis + Mesa Bar\u00fa - Nr Muebles","isPartOf":{"@id":"https:\/\/nrmuebles.com\/#website"},"primaryImageOfPage":{"@id":"https:\/\/nrmuebles.com\/product\/4-sillones-oasis-mesa-baru\/#primaryimage"},"image":{"@id":"https:\/\/nrmuebles.com\/product\/4-sillones-oasis-mesa-baru\/#primaryimage"},"thumbnailUrl":"https:\/\/nrmuebles.com\/wp-content\/uploads\/2025\/09\/4-OASIS-MESA-BARU-BLANCO-01-min-scaled.png","datePublished":"2025-09-05T08:42:28+00:00","dateModified":"2025-09-07T19:34:59+00:00","description":"\u00a1Con tu juego de jard\u00edn NR vas a armar el espacio m\u00e1s c\u00f3modo y lindo para recibir a tus invitados!","breadcrumb":{"@id":"https:\/\/nrmuebles.com\/product\/4-sillones-oasis-mesa-baru\/#breadcrumb"},"inLanguage":"en-GB","potentialAction":[{"@type":"ReadAction","target":["https:\/\/nrmuebles.com\/product\/4-sillones-oasis-mesa-baru\/"]}]},{"@type":"ImageObject","inLanguage":"en-GB","@id":"https:\/\/nrmuebles.com\/product\/4-sillones-oasis-mesa-baru\/#primaryimage","url":"https:\/\/nrmuebles.com\/wp-content\/uploads\/2025\/09\/4-OASIS-MESA-BARU-BLANCO-01-min-scaled.png","contentUrl":"https:\/\/nrmuebles.com\/wp-content\/uploads\/2025\/09\/4-OASIS-MESA-BARU-BLANCO-01-min-scaled.png","width":2560,"height":2560},{"@type":"BreadcrumbList","@id":"https:\/\/nrmuebles.com\/product\/4-sillones-oasis-mesa-baru\/#breadcrumb","itemListElement":[{"@type":"ListItem","position":1,"name":"Inicio","item":"https:\/\/nrmuebles.com\/"},{"@type":"ListItem","position":2,"name":"Productos","item":"https:\/\/nrmuebles.com\/productos\/"},{"@type":"ListItem","position":3,"name":"4 Sillones Oasis + Mesa Bar\u00fa"}]},{"@type":"WebSite","@id":"https:\/\/nrmuebles.com\/#website","url":"https:\/\/nrmuebles.com\/","name":"Nr Muebles","description":"","potentialAction":[{"@type":"SearchAction","target":{"@type":"EntryPoint","urlTemplate":"https:\/\/nrmuebles.com\/?s={search_term_string}"},"query-input":{"@type":"PropertyValueSpecification","valueRequired":true,"valueName":"search_term_string"}}],"inLanguage":"en-GB"}]}},"_links":{"self":[{"href":"https:\/\/nrmuebles.com\/en\/wp-json\/wp\/v2\/product\/17693","targetHints":{"allow":["GET"]}}],"collection":[{"href":"https:\/\/nrmuebles.com\/en\/wp-json\/wp\/v2\/product"}],"about":[{"href":"https:\/\/nrmuebles.com\/en\/wp-json\/wp\/v2\/types\/product"}],"replies":[{"embeddable":true,"href":"https:\/\/nrmuebles.com\/en\/wp-json\/wp\/v2\/comments?post=17693"}],"wp:featuredmedia":[{"embeddable":true,"href":"https:\/\/nrmuebles.com\/en\/wp-json\/wp\/v2\/media\/17703"}],"wp:attachment":[{"href":"https:\/\/nrmuebles.com\/en\/wp-json\/wp\/v2\/media?parent=17693"}],"wp:term":[{"taxonomy":"product_brand","embeddable":true,"href":"https:\/\/nrmuebles.com\/en\/wp-json\/wp\/v2\/product_brand?post=17693"},{"taxonomy":"product_cat","embeddable":true,"href":"https:\/\/nrmuebles.com\/en\/wp-json\/wp\/v2\/product_cat?post=17693"},{"taxonomy":"product_tag","embeddable":true,"href":"https:\/\/nrmuebles.com\/en\/wp-json\/wp\/v2\/product_tag?post=17693"}],"curies":[{"name":"wp","href":"https:\/\/api.w.org\/{rel}","templated":true}]}}