{"id":17068,"date":"2024-11-25T11:29:29","date_gmt":"2024-11-25T14:29:29","guid":{"rendered":"https:\/\/nrmuebles.com\/?post_type=product&#038;p=17068"},"modified":"2024-11-25T12:26:28","modified_gmt":"2024-11-25T15:26:28","slug":"combo5","status":"publish","type":"product","link":"https:\/\/nrmuebles.com\/en\/product\/combo5\/","title":{"rendered":"1 Mesa Cuadrada + 4 Sillas Living"},"content":{"rendered":"<h4>Informaci\u00f3n t\u00e9cnica: Mesa<\/h4>\n<ul>\n<li>Alto: 71 cm.<\/li>\n<li>Ancho: 75 cm.<\/li>\n<li>Profundidad: 75 cm.<\/li>\n<\/ul>\n<h4>Informaci\u00f3n t\u00e9cnica: Sillas<\/h4>\n<ul>\n<li>Alto: 88 cm.<\/li>\n<li>Ancho: 46 cm.<\/li>\n<li>Profundidad: 49 cm.<\/li>\n<\/ul>\n<p><img fetchpriority=\"high\" decoding=\"async\" class=\"alignnone wp-image-17072\" src=\"https:\/\/nrmuebles.com\/wp-content\/uploads\/2024\/11\/1--300x300.jpg\" alt=\"\" width=\"450\" height=\"450\" srcset=\"https:\/\/nrmuebles.com\/wp-content\/uploads\/2024\/11\/1--300x300.jpg 300w, https:\/\/nrmuebles.com\/wp-content\/uploads\/2024\/11\/1--scaled-600x600.jpg 600w, https:\/\/nrmuebles.com\/wp-content\/uploads\/2024\/11\/1--1024x1024.jpg 1024w, https:\/\/nrmuebles.com\/wp-content\/uploads\/2024\/11\/1--150x150.jpg 150w, https:\/\/nrmuebles.com\/wp-content\/uploads\/2024\/11\/1--768x768.jpg 768w, https:\/\/nrmuebles.com\/wp-content\/uploads\/2024\/11\/1--1536x1536.jpg 1536w, https:\/\/nrmuebles.com\/wp-content\/uploads\/2024\/11\/1--2048x2048.jpg 2048w, https:\/\/nrmuebles.com\/wp-content\/uploads\/2024\/11\/1--50x50.jpg 50w, https:\/\/nrmuebles.com\/wp-content\/uploads\/2024\/11\/1--100x100.jpg 100w\" sizes=\"(max-width: 450px) 100vw, 450px\" \/> <img decoding=\"async\" class=\"alignnone wp-image-17073\" src=\"https:\/\/nrmuebles.com\/wp-content\/uploads\/2024\/11\/2-3-300x300.jpg\" alt=\"\" width=\"450\" height=\"450\" srcset=\"https:\/\/nrmuebles.com\/wp-content\/uploads\/2024\/11\/2-3-300x300.jpg 300w, https:\/\/nrmuebles.com\/wp-content\/uploads\/2024\/11\/2-3-600x600.jpg 600w, https:\/\/nrmuebles.com\/wp-content\/uploads\/2024\/11\/2-3-1024x1024.jpg 1024w, https:\/\/nrmuebles.com\/wp-content\/uploads\/2024\/11\/2-3-150x150.jpg 150w, https:\/\/nrmuebles.com\/wp-content\/uploads\/2024\/11\/2-3-768x768.jpg 768w, https:\/\/nrmuebles.com\/wp-content\/uploads\/2024\/11\/2-3-50x50.jpg 50w, https:\/\/nrmuebles.com\/wp-content\/uploads\/2024\/11\/2-3-100x100.jpg 100w, https:\/\/nrmuebles.com\/wp-content\/uploads\/2024\/11\/2-3.jpg 1080w\" sizes=\"(max-width: 450px) 100vw, 450px\" \/> <img decoding=\"async\" class=\"alignnone wp-image-17074\" src=\"https:\/\/nrmuebles.com\/wp-content\/uploads\/2024\/11\/3-1-300x300.jpg\" alt=\"\" width=\"450\" height=\"450\" srcset=\"https:\/\/nrmuebles.com\/wp-content\/uploads\/2024\/11\/3-1-300x300.jpg 300w, https:\/\/nrmuebles.com\/wp-content\/uploads\/2024\/11\/3-1-scaled-600x600.jpg 600w, https:\/\/nrmuebles.com\/wp-content\/uploads\/2024\/11\/3-1-1024x1024.jpg 1024w, https:\/\/nrmuebles.com\/wp-content\/uploads\/2024\/11\/3-1-150x150.jpg 150w, https:\/\/nrmuebles.com\/wp-content\/uploads\/2024\/11\/3-1-768x768.jpg 768w, https:\/\/nrmuebles.com\/wp-content\/uploads\/2024\/11\/3-1-1536x1536.jpg 1536w, https:\/\/nrmuebles.com\/wp-content\/uploads\/2024\/11\/3-1-2048x2048.jpg 2048w, https:\/\/nrmuebles.com\/wp-content\/uploads\/2024\/11\/3-1-50x50.jpg 50w, https:\/\/nrmuebles.com\/wp-content\/uploads\/2024\/11\/3-1-100x100.jpg 100w\" sizes=\"(max-width: 450px) 100vw, 450px\" \/> <img loading=\"lazy\" decoding=\"async\" class=\"alignnone wp-image-17075\" src=\"https:\/\/nrmuebles.com\/wp-content\/uploads\/2024\/11\/4-1-300x300.jpg\" alt=\"\" width=\"450\" height=\"450\" srcset=\"https:\/\/nrmuebles.com\/wp-content\/uploads\/2024\/11\/4-1-300x300.jpg 300w, https:\/\/nrmuebles.com\/wp-content\/uploads\/2024\/11\/4-1-600x600.jpg 600w, https:\/\/nrmuebles.com\/wp-content\/uploads\/2024\/11\/4-1-1024x1024.jpg 1024w, https:\/\/nrmuebles.com\/wp-content\/uploads\/2024\/11\/4-1-150x150.jpg 150w, https:\/\/nrmuebles.com\/wp-content\/uploads\/2024\/11\/4-1-768x768.jpg 768w, https:\/\/nrmuebles.com\/wp-content\/uploads\/2024\/11\/4-1-50x50.jpg 50w, https:\/\/nrmuebles.com\/wp-content\/uploads\/2024\/11\/4-1-100x100.jpg 100w, https:\/\/nrmuebles.com\/wp-content\/uploads\/2024\/11\/4-1.jpg 1080w\" sizes=\"(max-width: 450px) 100vw, 450px\" \/><\/p>","protected":false},"excerpt":{"rendered":"<ul>\n<li>\u00a1Con tu juego de jard\u00edn NR vas a armar el espacio m\u00e1s c\u00f3modo y lindo para recibir a tus invitados!<\/li>\n<\/ul>","protected":false},"featured_media":16643,"comment_status":"open","ping_status":"closed","template":"","meta":{"_joinchat":[]},"product_brand":[],"product_cat":[15],"product_tag":[],"class_list":{"0":"post-17068","1":"product","2":"type-product","3":"status-publish","4":"has-post-thumbnail","6":"product_cat-combos","7":"pa_colores-disponibles-blanco","8":"pa_colores-disponibles-negro","10":"first","11":"instock","12":"featured","13":"shipping-taxable","14":"purchasable","15":"product-type-variable"},"yoast_head":"<!-- This site is optimized with the Yoast SEO plugin v27.2 - https:\/\/yoast.com\/product\/yoast-seo-wordpress\/ -->\n<title>1 Mesa Cuadrada + 4 Sillas Living - Nr Muebles<\/title>\n<meta name=\"description\" content=\"\u00a1Con tu juego de jard\u00edn NR vas a armar el espacio m\u00e1s c\u00f3modo y lindo para recibir a tus invitados!\" \/>\n<meta name=\"robots\" content=\"index, follow, max-snippet:-1, max-image-preview:large, max-video-preview:-1\" \/>\n<link rel=\"canonical\" href=\"https:\/\/nrmuebles.com\/en\/product\/combo5\/\" \/>\n<meta property=\"og:locale\" content=\"en_GB\" \/>\n<meta property=\"og:type\" content=\"article\" \/>\n<meta property=\"og:title\" content=\"1 Mesa Cuadrada + 4 Sillas Living - Nr Muebles\" \/>\n<meta property=\"og:description\" content=\"\u00a1Con tu juego de jard\u00edn NR vas a armar el espacio m\u00e1s c\u00f3modo y lindo para recibir a tus invitados!\" \/>\n<meta property=\"og:url\" content=\"https:\/\/nrmuebles.com\/en\/product\/combo5\/\" \/>\n<meta property=\"og:site_name\" content=\"Nr Muebles\" \/>\n<meta property=\"article:modified_time\" content=\"2024-11-25T15:26:28+00:00\" \/>\n<meta property=\"og:image\" content=\"https:\/\/nrmuebles.com\/wp-content\/uploads\/2024\/11\/2-2.png\" \/>\n\t<meta property=\"og:image:width\" content=\"1080\" \/>\n\t<meta property=\"og:image:height\" content=\"1080\" \/>\n\t<meta property=\"og:image:type\" content=\"image\/png\" \/>\n<meta name=\"twitter:card\" content=\"summary_large_image\" \/>\n<meta name=\"twitter:label1\" content=\"Estimated reading time\" \/>\n\t<meta name=\"twitter:data1\" content=\"2 minutes\" \/>\n<script type=\"application\/ld+json\" class=\"yoast-schema-graph\">{\"@context\":\"https:\/\/schema.org\",\"@graph\":[{\"@type\":\"WebPage\",\"@id\":\"https:\/\/nrmuebles.com\/product\/combo5\/\",\"url\":\"https:\/\/nrmuebles.com\/product\/combo5\/\",\"name\":\"1 Mesa Cuadrada + 4 Sillas Living - Nr Muebles\",\"isPartOf\":{\"@id\":\"https:\/\/nrmuebles.com\/#website\"},\"primaryImageOfPage\":{\"@id\":\"https:\/\/nrmuebles.com\/product\/combo5\/#primaryimage\"},\"image\":{\"@id\":\"https:\/\/nrmuebles.com\/product\/combo5\/#primaryimage\"},\"thumbnailUrl\":\"https:\/\/nrmuebles.com\/wp-content\/uploads\/2024\/11\/2-2.png\",\"datePublished\":\"2024-11-25T14:29:29+00:00\",\"dateModified\":\"2024-11-25T15:26:28+00:00\",\"description\":\"\u00a1Con tu juego de jard\u00edn NR vas a armar el espacio m\u00e1s c\u00f3modo y lindo para recibir a tus invitados!\",\"breadcrumb\":{\"@id\":\"https:\/\/nrmuebles.com\/product\/combo5\/#breadcrumb\"},\"inLanguage\":\"en-GB\",\"potentialAction\":[{\"@type\":\"ReadAction\",\"target\":[\"https:\/\/nrmuebles.com\/product\/combo5\/\"]}]},{\"@type\":\"ImageObject\",\"inLanguage\":\"en-GB\",\"@id\":\"https:\/\/nrmuebles.com\/product\/combo5\/#primaryimage\",\"url\":\"https:\/\/nrmuebles.com\/wp-content\/uploads\/2024\/11\/2-2.png\",\"contentUrl\":\"https:\/\/nrmuebles.com\/wp-content\/uploads\/2024\/11\/2-2.png\",\"width\":1080,\"height\":1080},{\"@type\":\"BreadcrumbList\",\"@id\":\"https:\/\/nrmuebles.com\/product\/combo5\/#breadcrumb\",\"itemListElement\":[{\"@type\":\"ListItem\",\"position\":1,\"name\":\"Inicio\",\"item\":\"https:\/\/nrmuebles.com\/\"},{\"@type\":\"ListItem\",\"position\":2,\"name\":\"Productos\",\"item\":\"https:\/\/nrmuebles.com\/productos\/\"},{\"@type\":\"ListItem\",\"position\":3,\"name\":\"1 Mesa Cuadrada + 4 Sillas Living\"}]},{\"@type\":\"WebSite\",\"@id\":\"https:\/\/nrmuebles.com\/#website\",\"url\":\"https:\/\/nrmuebles.com\/\",\"name\":\"Nr Muebles\",\"description\":\"\",\"potentialAction\":[{\"@type\":\"SearchAction\",\"target\":{\"@type\":\"EntryPoint\",\"urlTemplate\":\"https:\/\/nrmuebles.com\/?s={search_term_string}\"},\"query-input\":{\"@type\":\"PropertyValueSpecification\",\"valueRequired\":true,\"valueName\":\"search_term_string\"}}],\"inLanguage\":\"en-GB\"}]}<\/script>\n<!-- \/ Yoast SEO plugin. -->","yoast_head_json":{"title":"1 Mesa Cuadrada + 4 Sillas Living - Nr Muebles","description":"\u00a1Con tu juego de jard\u00edn NR vas a armar el espacio m\u00e1s c\u00f3modo y lindo para recibir a tus invitados!","robots":{"index":"index","follow":"follow","max-snippet":"max-snippet:-1","max-image-preview":"max-image-preview:large","max-video-preview":"max-video-preview:-1"},"canonical":"https:\/\/nrmuebles.com\/en\/product\/combo5\/","og_locale":"en_GB","og_type":"article","og_title":"1 Mesa Cuadrada + 4 Sillas Living - Nr Muebles","og_description":"\u00a1Con tu juego de jard\u00edn NR vas a armar el espacio m\u00e1s c\u00f3modo y lindo para recibir a tus invitados!","og_url":"https:\/\/nrmuebles.com\/en\/product\/combo5\/","og_site_name":"Nr Muebles","article_modified_time":"2024-11-25T15:26:28+00:00","og_image":[{"width":1080,"height":1080,"url":"https:\/\/nrmuebles.com\/wp-content\/uploads\/2024\/11\/2-2.png","type":"image\/png"}],"twitter_card":"summary_large_image","twitter_misc":{"Estimated reading time":"2 minutes"},"schema":{"@context":"https:\/\/schema.org","@graph":[{"@type":"WebPage","@id":"https:\/\/nrmuebles.com\/product\/combo5\/","url":"https:\/\/nrmuebles.com\/product\/combo5\/","name":"1 Mesa Cuadrada + 4 Sillas Living - Nr Muebles","isPartOf":{"@id":"https:\/\/nrmuebles.com\/#website"},"primaryImageOfPage":{"@id":"https:\/\/nrmuebles.com\/product\/combo5\/#primaryimage"},"image":{"@id":"https:\/\/nrmuebles.com\/product\/combo5\/#primaryimage"},"thumbnailUrl":"https:\/\/nrmuebles.com\/wp-content\/uploads\/2024\/11\/2-2.png","datePublished":"2024-11-25T14:29:29+00:00","dateModified":"2024-11-25T15:26:28+00:00","description":"\u00a1Con tu juego de jard\u00edn NR vas a armar el espacio m\u00e1s c\u00f3modo y lindo para recibir a tus invitados!","breadcrumb":{"@id":"https:\/\/nrmuebles.com\/product\/combo5\/#breadcrumb"},"inLanguage":"en-GB","potentialAction":[{"@type":"ReadAction","target":["https:\/\/nrmuebles.com\/product\/combo5\/"]}]},{"@type":"ImageObject","inLanguage":"en-GB","@id":"https:\/\/nrmuebles.com\/product\/combo5\/#primaryimage","url":"https:\/\/nrmuebles.com\/wp-content\/uploads\/2024\/11\/2-2.png","contentUrl":"https:\/\/nrmuebles.com\/wp-content\/uploads\/2024\/11\/2-2.png","width":1080,"height":1080},{"@type":"BreadcrumbList","@id":"https:\/\/nrmuebles.com\/product\/combo5\/#breadcrumb","itemListElement":[{"@type":"ListItem","position":1,"name":"Inicio","item":"https:\/\/nrmuebles.com\/"},{"@type":"ListItem","position":2,"name":"Productos","item":"https:\/\/nrmuebles.com\/productos\/"},{"@type":"ListItem","position":3,"name":"1 Mesa Cuadrada + 4 Sillas Living"}]},{"@type":"WebSite","@id":"https:\/\/nrmuebles.com\/#website","url":"https:\/\/nrmuebles.com\/","name":"Nr Muebles","description":"","potentialAction":[{"@type":"SearchAction","target":{"@type":"EntryPoint","urlTemplate":"https:\/\/nrmuebles.com\/?s={search_term_string}"},"query-input":{"@type":"PropertyValueSpecification","valueRequired":true,"valueName":"search_term_string"}}],"inLanguage":"en-GB"}]}},"_links":{"self":[{"href":"https:\/\/nrmuebles.com\/en\/wp-json\/wp\/v2\/product\/17068","targetHints":{"allow":["GET"]}}],"collection":[{"href":"https:\/\/nrmuebles.com\/en\/wp-json\/wp\/v2\/product"}],"about":[{"href":"https:\/\/nrmuebles.com\/en\/wp-json\/wp\/v2\/types\/product"}],"replies":[{"embeddable":true,"href":"https:\/\/nrmuebles.com\/en\/wp-json\/wp\/v2\/comments?post=17068"}],"wp:featuredmedia":[{"embeddable":true,"href":"https:\/\/nrmuebles.com\/en\/wp-json\/wp\/v2\/media\/16643"}],"wp:attachment":[{"href":"https:\/\/nrmuebles.com\/en\/wp-json\/wp\/v2\/media?parent=17068"}],"wp:term":[{"taxonomy":"product_brand","embeddable":true,"href":"https:\/\/nrmuebles.com\/en\/wp-json\/wp\/v2\/product_brand?post=17068"},{"taxonomy":"product_cat","embeddable":true,"href":"https:\/\/nrmuebles.com\/en\/wp-json\/wp\/v2\/product_cat?post=17068"},{"taxonomy":"product_tag","embeddable":true,"href":"https:\/\/nrmuebles.com\/en\/wp-json\/wp\/v2\/product_tag?post=17068"}],"curies":[{"name":"wp","href":"https:\/\/api.w.org\/{rel}","templated":true}]}}