{"id":16994,"date":"2024-11-24T19:27:23","date_gmt":"2024-11-24T22:27:23","guid":{"rendered":"https:\/\/nrmuebles.com\/?post_type=product&#038;p=16994"},"modified":"2026-03-11T12:58:42","modified_gmt":"2026-03-11T15:58:42","slug":"sillonbeach","status":"publish","type":"product","link":"https:\/\/nrmuebles.com\/en\/product\/sillonbeach\/","title":{"rendered":"Sill\u00f3n Beach"},"content":{"rendered":"<h4>Informaci\u00f3n t\u00e9cnica<\/h4>\n<ul>\n<li>Alto: 84 cm.<\/li>\n<li>Ancho: 65 cm.<\/li>\n<li>Profundidad: 91 cm.<\/li>\n<\/ul>\n<h4>Resistencia<\/h4>\n<ul>\n<li>135 kg.<\/li>\n<\/ul>\n<h4>Cantidad por pallet<\/h4>\n<ul>\n<li>40 unidades.<\/li>\n<\/ul>\n<p><img fetchpriority=\"high\" decoding=\"async\" class=\"alignnone wp-image-16998\" src=\"https:\/\/nrmuebles.com\/wp-content\/uploads\/2024\/11\/Sesion-verano-outdoor-33-300x300.jpg\" alt=\"\" width=\"450\" height=\"450\" srcset=\"https:\/\/nrmuebles.com\/wp-content\/uploads\/2024\/11\/Sesion-verano-outdoor-33-300x300.jpg 300w, https:\/\/nrmuebles.com\/wp-content\/uploads\/2024\/11\/Sesion-verano-outdoor-33-600x600.jpg 600w, https:\/\/nrmuebles.com\/wp-content\/uploads\/2024\/11\/Sesion-verano-outdoor-33-1024x1024.jpg 1024w, https:\/\/nrmuebles.com\/wp-content\/uploads\/2024\/11\/Sesion-verano-outdoor-33-150x150.jpg 150w, https:\/\/nrmuebles.com\/wp-content\/uploads\/2024\/11\/Sesion-verano-outdoor-33-768x768.jpg 768w, https:\/\/nrmuebles.com\/wp-content\/uploads\/2024\/11\/Sesion-verano-outdoor-33-1536x1536.jpg 1536w, https:\/\/nrmuebles.com\/wp-content\/uploads\/2024\/11\/Sesion-verano-outdoor-33-50x50.jpg 50w, https:\/\/nrmuebles.com\/wp-content\/uploads\/2024\/11\/Sesion-verano-outdoor-33-100x100.jpg 100w, https:\/\/nrmuebles.com\/wp-content\/uploads\/2024\/11\/Sesion-verano-outdoor-33.jpg 1920w\" sizes=\"(max-width: 450px) 100vw, 450px\" \/> <img decoding=\"async\" class=\"alignnone wp-image-16999\" src=\"https:\/\/nrmuebles.com\/wp-content\/uploads\/2024\/11\/Sesion-verano-outdoor-8-300x300.jpg\" alt=\"\" width=\"450\" height=\"450\" srcset=\"https:\/\/nrmuebles.com\/wp-content\/uploads\/2024\/11\/Sesion-verano-outdoor-8-300x300.jpg 300w, https:\/\/nrmuebles.com\/wp-content\/uploads\/2024\/11\/Sesion-verano-outdoor-8-600x600.jpg 600w, https:\/\/nrmuebles.com\/wp-content\/uploads\/2024\/11\/Sesion-verano-outdoor-8-1024x1024.jpg 1024w, https:\/\/nrmuebles.com\/wp-content\/uploads\/2024\/11\/Sesion-verano-outdoor-8-150x150.jpg 150w, https:\/\/nrmuebles.com\/wp-content\/uploads\/2024\/11\/Sesion-verano-outdoor-8-768x768.jpg 768w, https:\/\/nrmuebles.com\/wp-content\/uploads\/2024\/11\/Sesion-verano-outdoor-8-1536x1536.jpg 1536w, https:\/\/nrmuebles.com\/wp-content\/uploads\/2024\/11\/Sesion-verano-outdoor-8-50x50.jpg 50w, https:\/\/nrmuebles.com\/wp-content\/uploads\/2024\/11\/Sesion-verano-outdoor-8-100x100.jpg 100w, https:\/\/nrmuebles.com\/wp-content\/uploads\/2024\/11\/Sesion-verano-outdoor-8.jpg 1920w\" sizes=\"(max-width: 450px) 100vw, 450px\" \/><\/p>","protected":false},"excerpt":{"rendered":"<ul>\n<li><strong><em>Bulto x2 unidades.<\/em><\/strong><\/li>\n<li>Sill\u00f3n pl\u00e1stico color blanco con topes antideslizantes ideal para espacios al aire libre.<\/li>\n<li>Apilable.<\/li>\n<\/ul>","protected":false},"featured_media":17668,"comment_status":"open","ping_status":"closed","template":"","meta":{"_joinchat":[]},"product_brand":[],"product_cat":[63],"product_tag":[],"class_list":{"0":"post-16994","1":"product","2":"type-product","3":"status-publish","4":"has-post-thumbnail","6":"product_cat-sillones","7":"pa_colores-disponibles-blanco","9":"first","10":"instock","11":"featured","12":"shipping-taxable","13":"purchasable","14":"product-type-variable"},"yoast_head":"<!-- This site is optimized with the Yoast SEO plugin v27.2 - https:\/\/yoast.com\/product\/yoast-seo-wordpress\/ -->\n<title>Sill\u00f3n Beach - Nr Muebles<\/title>\n<meta name=\"description\" content=\"Sill\u00f3n pl\u00e1stico color blanco con topes antideslizantes ideal para espacios al aire libre. Apilable.\" \/>\n<meta name=\"robots\" content=\"index, follow, max-snippet:-1, max-image-preview:large, max-video-preview:-1\" \/>\n<link rel=\"canonical\" href=\"https:\/\/nrmuebles.com\/en\/product\/sillonbeach\/\" \/>\n<meta property=\"og:locale\" content=\"en_GB\" \/>\n<meta property=\"og:type\" content=\"article\" \/>\n<meta property=\"og:title\" content=\"Sill\u00f3n Beach - Nr Muebles\" \/>\n<meta property=\"og:description\" content=\"Sill\u00f3n pl\u00e1stico color blanco con topes antideslizantes ideal para espacios al aire libre. Apilable.\" \/>\n<meta property=\"og:url\" content=\"https:\/\/nrmuebles.com\/en\/product\/sillonbeach\/\" \/>\n<meta property=\"og:site_name\" content=\"Nr Muebles\" \/>\n<meta property=\"article:modified_time\" content=\"2026-03-11T15:58:42+00:00\" \/>\n<meta property=\"og:image\" content=\"https:\/\/nrmuebles.com\/wp-content\/uploads\/2024\/11\/2_Mesa-de-trabajo-1-copia-scaled.jpg\" \/>\n\t<meta property=\"og:image:width\" content=\"2560\" \/>\n\t<meta property=\"og:image:height\" content=\"2560\" \/>\n\t<meta property=\"og:image:type\" content=\"image\/jpeg\" \/>\n<meta name=\"twitter:card\" content=\"summary_large_image\" \/>\n<meta name=\"twitter:label1\" content=\"Estimated reading time\" \/>\n\t<meta name=\"twitter:data1\" content=\"1 minute\" \/>\n<script type=\"application\/ld+json\" class=\"yoast-schema-graph\">{\"@context\":\"https:\/\/schema.org\",\"@graph\":[{\"@type\":\"WebPage\",\"@id\":\"https:\/\/nrmuebles.com\/product\/sillonbeach\/\",\"url\":\"https:\/\/nrmuebles.com\/product\/sillonbeach\/\",\"name\":\"Sill\u00f3n Beach - Nr Muebles\",\"isPartOf\":{\"@id\":\"https:\/\/nrmuebles.com\/#website\"},\"primaryImageOfPage\":{\"@id\":\"https:\/\/nrmuebles.com\/product\/sillonbeach\/#primaryimage\"},\"image\":{\"@id\":\"https:\/\/nrmuebles.com\/product\/sillonbeach\/#primaryimage\"},\"thumbnailUrl\":\"https:\/\/nrmuebles.com\/wp-content\/uploads\/2024\/11\/2_Mesa-de-trabajo-1-copia-scaled.jpg\",\"datePublished\":\"2024-11-24T22:27:23+00:00\",\"dateModified\":\"2026-03-11T15:58:42+00:00\",\"description\":\"Sill\u00f3n pl\u00e1stico color blanco con topes antideslizantes ideal para espacios al aire libre. Apilable.\",\"breadcrumb\":{\"@id\":\"https:\/\/nrmuebles.com\/product\/sillonbeach\/#breadcrumb\"},\"inLanguage\":\"en-GB\",\"potentialAction\":[{\"@type\":\"ReadAction\",\"target\":[\"https:\/\/nrmuebles.com\/product\/sillonbeach\/\"]}]},{\"@type\":\"ImageObject\",\"inLanguage\":\"en-GB\",\"@id\":\"https:\/\/nrmuebles.com\/product\/sillonbeach\/#primaryimage\",\"url\":\"https:\/\/nrmuebles.com\/wp-content\/uploads\/2024\/11\/2_Mesa-de-trabajo-1-copia-scaled.jpg\",\"contentUrl\":\"https:\/\/nrmuebles.com\/wp-content\/uploads\/2024\/11\/2_Mesa-de-trabajo-1-copia-scaled.jpg\",\"width\":2560,\"height\":2560},{\"@type\":\"BreadcrumbList\",\"@id\":\"https:\/\/nrmuebles.com\/product\/sillonbeach\/#breadcrumb\",\"itemListElement\":[{\"@type\":\"ListItem\",\"position\":1,\"name\":\"Inicio\",\"item\":\"https:\/\/nrmuebles.com\/\"},{\"@type\":\"ListItem\",\"position\":2,\"name\":\"Productos\",\"item\":\"https:\/\/nrmuebles.com\/productos\/\"},{\"@type\":\"ListItem\",\"position\":3,\"name\":\"Sill\u00f3n Beach\"}]},{\"@type\":\"WebSite\",\"@id\":\"https:\/\/nrmuebles.com\/#website\",\"url\":\"https:\/\/nrmuebles.com\/\",\"name\":\"Nr Muebles\",\"description\":\"\",\"potentialAction\":[{\"@type\":\"SearchAction\",\"target\":{\"@type\":\"EntryPoint\",\"urlTemplate\":\"https:\/\/nrmuebles.com\/?s={search_term_string}\"},\"query-input\":{\"@type\":\"PropertyValueSpecification\",\"valueRequired\":true,\"valueName\":\"search_term_string\"}}],\"inLanguage\":\"en-GB\"}]}<\/script>\n<!-- \/ Yoast SEO plugin. -->","yoast_head_json":{"title":"Sill\u00f3n Beach - Nr Muebles","description":"Sill\u00f3n pl\u00e1stico color blanco con topes antideslizantes ideal para espacios al aire libre. Apilable.","robots":{"index":"index","follow":"follow","max-snippet":"max-snippet:-1","max-image-preview":"max-image-preview:large","max-video-preview":"max-video-preview:-1"},"canonical":"https:\/\/nrmuebles.com\/en\/product\/sillonbeach\/","og_locale":"en_GB","og_type":"article","og_title":"Sill\u00f3n Beach - Nr Muebles","og_description":"Sill\u00f3n pl\u00e1stico color blanco con topes antideslizantes ideal para espacios al aire libre. Apilable.","og_url":"https:\/\/nrmuebles.com\/en\/product\/sillonbeach\/","og_site_name":"Nr Muebles","article_modified_time":"2026-03-11T15:58:42+00:00","og_image":[{"width":2560,"height":2560,"url":"https:\/\/nrmuebles.com\/wp-content\/uploads\/2024\/11\/2_Mesa-de-trabajo-1-copia-scaled.jpg","type":"image\/jpeg"}],"twitter_card":"summary_large_image","twitter_misc":{"Estimated reading time":"1 minute"},"schema":{"@context":"https:\/\/schema.org","@graph":[{"@type":"WebPage","@id":"https:\/\/nrmuebles.com\/product\/sillonbeach\/","url":"https:\/\/nrmuebles.com\/product\/sillonbeach\/","name":"Sill\u00f3n Beach - Nr Muebles","isPartOf":{"@id":"https:\/\/nrmuebles.com\/#website"},"primaryImageOfPage":{"@id":"https:\/\/nrmuebles.com\/product\/sillonbeach\/#primaryimage"},"image":{"@id":"https:\/\/nrmuebles.com\/product\/sillonbeach\/#primaryimage"},"thumbnailUrl":"https:\/\/nrmuebles.com\/wp-content\/uploads\/2024\/11\/2_Mesa-de-trabajo-1-copia-scaled.jpg","datePublished":"2024-11-24T22:27:23+00:00","dateModified":"2026-03-11T15:58:42+00:00","description":"Sill\u00f3n pl\u00e1stico color blanco con topes antideslizantes ideal para espacios al aire libre. Apilable.","breadcrumb":{"@id":"https:\/\/nrmuebles.com\/product\/sillonbeach\/#breadcrumb"},"inLanguage":"en-GB","potentialAction":[{"@type":"ReadAction","target":["https:\/\/nrmuebles.com\/product\/sillonbeach\/"]}]},{"@type":"ImageObject","inLanguage":"en-GB","@id":"https:\/\/nrmuebles.com\/product\/sillonbeach\/#primaryimage","url":"https:\/\/nrmuebles.com\/wp-content\/uploads\/2024\/11\/2_Mesa-de-trabajo-1-copia-scaled.jpg","contentUrl":"https:\/\/nrmuebles.com\/wp-content\/uploads\/2024\/11\/2_Mesa-de-trabajo-1-copia-scaled.jpg","width":2560,"height":2560},{"@type":"BreadcrumbList","@id":"https:\/\/nrmuebles.com\/product\/sillonbeach\/#breadcrumb","itemListElement":[{"@type":"ListItem","position":1,"name":"Inicio","item":"https:\/\/nrmuebles.com\/"},{"@type":"ListItem","position":2,"name":"Productos","item":"https:\/\/nrmuebles.com\/productos\/"},{"@type":"ListItem","position":3,"name":"Sill\u00f3n Beach"}]},{"@type":"WebSite","@id":"https:\/\/nrmuebles.com\/#website","url":"https:\/\/nrmuebles.com\/","name":"Nr Muebles","description":"","potentialAction":[{"@type":"SearchAction","target":{"@type":"EntryPoint","urlTemplate":"https:\/\/nrmuebles.com\/?s={search_term_string}"},"query-input":{"@type":"PropertyValueSpecification","valueRequired":true,"valueName":"search_term_string"}}],"inLanguage":"en-GB"}]}},"_links":{"self":[{"href":"https:\/\/nrmuebles.com\/en\/wp-json\/wp\/v2\/product\/16994","targetHints":{"allow":["GET"]}}],"collection":[{"href":"https:\/\/nrmuebles.com\/en\/wp-json\/wp\/v2\/product"}],"about":[{"href":"https:\/\/nrmuebles.com\/en\/wp-json\/wp\/v2\/types\/product"}],"replies":[{"embeddable":true,"href":"https:\/\/nrmuebles.com\/en\/wp-json\/wp\/v2\/comments?post=16994"}],"wp:featuredmedia":[{"embeddable":true,"href":"https:\/\/nrmuebles.com\/en\/wp-json\/wp\/v2\/media\/17668"}],"wp:attachment":[{"href":"https:\/\/nrmuebles.com\/en\/wp-json\/wp\/v2\/media?parent=16994"}],"wp:term":[{"taxonomy":"product_brand","embeddable":true,"href":"https:\/\/nrmuebles.com\/en\/wp-json\/wp\/v2\/product_brand?post=16994"},{"taxonomy":"product_cat","embeddable":true,"href":"https:\/\/nrmuebles.com\/en\/wp-json\/wp\/v2\/product_cat?post=16994"},{"taxonomy":"product_tag","embeddable":true,"href":"https:\/\/nrmuebles.com\/en\/wp-json\/wp\/v2\/product_tag?post=16994"}],"curies":[{"name":"wp","href":"https:\/\/api.w.org\/{rel}","templated":true}]}}