{"id":16987,"date":"2024-11-24T19:21:04","date_gmt":"2024-11-24T22:21:04","guid":{"rendered":"https:\/\/nrmuebles.com\/?post_type=product&#038;p=16987"},"modified":"2026-03-11T12:51:49","modified_gmt":"2026-03-11T15:51:49","slug":"sillonoasis","status":"publish","type":"product","link":"https:\/\/nrmuebles.com\/en\/product\/sillonoasis\/","title":{"rendered":"Sill\u00f3n Oasis"},"content":{"rendered":"<h4>Informaci\u00f3n t\u00e9cnica<\/h4>\n<ul>\n<li>Alto: 79 cm.<\/li>\n<li>Ancho: 69,6 cm.<\/li>\n<li>Profundidad: 72,6 cm.<\/li>\n<\/ul>\n<h4>Resistencia<\/h4>\n<ul>\n<li>135 kg.<\/li>\n<\/ul>\n<h4>Cantidad por pallet<\/h4>\n<ul>\n<li>20 unidades.<\/li>\n<\/ul>\n<p><img fetchpriority=\"high\" decoding=\"async\" class=\"alignnone wp-image-17077\" src=\"https:\/\/nrmuebles.com\/wp-content\/uploads\/2024\/11\/1-1-300x300.jpg\" alt=\"\" width=\"450\" height=\"450\" srcset=\"https:\/\/nrmuebles.com\/wp-content\/uploads\/2024\/11\/1-1-300x300.jpg 300w, https:\/\/nrmuebles.com\/wp-content\/uploads\/2024\/11\/1-1-600x600.jpg 600w, https:\/\/nrmuebles.com\/wp-content\/uploads\/2024\/11\/1-1-1024x1024.jpg 1024w, https:\/\/nrmuebles.com\/wp-content\/uploads\/2024\/11\/1-1-150x150.jpg 150w, https:\/\/nrmuebles.com\/wp-content\/uploads\/2024\/11\/1-1-768x768.jpg 768w, https:\/\/nrmuebles.com\/wp-content\/uploads\/2024\/11\/1-1-50x50.jpg 50w, https:\/\/nrmuebles.com\/wp-content\/uploads\/2024\/11\/1-1-100x100.jpg 100w, https:\/\/nrmuebles.com\/wp-content\/uploads\/2024\/11\/1-1.jpg 1080w\" sizes=\"(max-width: 450px) 100vw, 450px\" \/> <img decoding=\"async\" class=\"alignnone wp-image-17078\" src=\"https:\/\/nrmuebles.com\/wp-content\/uploads\/2024\/11\/2-4-300x300.jpg\" alt=\"\" width=\"450\" height=\"450\" srcset=\"https:\/\/nrmuebles.com\/wp-content\/uploads\/2024\/11\/2-4-300x300.jpg 300w, https:\/\/nrmuebles.com\/wp-content\/uploads\/2024\/11\/2-4-600x600.jpg 600w, https:\/\/nrmuebles.com\/wp-content\/uploads\/2024\/11\/2-4-1024x1024.jpg 1024w, https:\/\/nrmuebles.com\/wp-content\/uploads\/2024\/11\/2-4-150x150.jpg 150w, https:\/\/nrmuebles.com\/wp-content\/uploads\/2024\/11\/2-4-768x768.jpg 768w, https:\/\/nrmuebles.com\/wp-content\/uploads\/2024\/11\/2-4-50x50.jpg 50w, https:\/\/nrmuebles.com\/wp-content\/uploads\/2024\/11\/2-4-100x100.jpg 100w, https:\/\/nrmuebles.com\/wp-content\/uploads\/2024\/11\/2-4.jpg 1080w\" sizes=\"(max-width: 450px) 100vw, 450px\" \/><\/p>","protected":false},"excerpt":{"rendered":"<ul>\n<li>Sill\u00f3n plastico estilo rattan, apilable, muy comodo ideal para balcones o espacios al aire libre.<\/li>\n<\/ul>","protected":false},"featured_media":16764,"comment_status":"open","ping_status":"closed","template":"","meta":{"_joinchat":[]},"product_brand":[],"product_cat":[63],"product_tag":[],"class_list":{"0":"post-16987","1":"product","2":"type-product","3":"status-publish","4":"has-post-thumbnail","6":"product_cat-sillones","7":"pa_colores-disponibles-blanco","8":"pa_colores-disponibles-capuchino","9":"pa_colores-disponibles-grafitto","11":"first","12":"instock","13":"featured","14":"shipping-taxable","15":"purchasable","16":"product-type-variable"},"yoast_head":"<!-- This site is optimized with the Yoast SEO plugin v27.2 - https:\/\/yoast.com\/product\/yoast-seo-wordpress\/ -->\n<title>Sill\u00f3n Oasis - Nr Muebles<\/title>\n<meta name=\"description\" content=\"Sill\u00f3n pl\u00e1stico estilo rattan, apilable, muy c\u00f3modo ideal para balcones o espacios al aire libre.\" \/>\n<meta name=\"robots\" content=\"index, follow, max-snippet:-1, max-image-preview:large, max-video-preview:-1\" \/>\n<link rel=\"canonical\" href=\"https:\/\/nrmuebles.com\/en\/product\/sillonoasis\/\" \/>\n<meta property=\"og:locale\" content=\"en_GB\" \/>\n<meta property=\"og:type\" content=\"article\" \/>\n<meta property=\"og:title\" content=\"Sill\u00f3n Oasis - Nr Muebles\" \/>\n<meta property=\"og:description\" content=\"Sill\u00f3n pl\u00e1stico estilo rattan, apilable, muy c\u00f3modo ideal para balcones o espacios al aire libre.\" \/>\n<meta property=\"og:url\" content=\"https:\/\/nrmuebles.com\/en\/product\/sillonoasis\/\" \/>\n<meta property=\"og:site_name\" content=\"Nr Muebles\" \/>\n<meta property=\"article:modified_time\" content=\"2026-03-11T15:51:49+00:00\" \/>\n<meta property=\"og:image\" content=\"https:\/\/nrmuebles.com\/wp-content\/uploads\/2024\/11\/Oasis_2.png\" \/>\n\t<meta property=\"og:image:width\" content=\"1080\" \/>\n\t<meta property=\"og:image:height\" content=\"1080\" \/>\n\t<meta property=\"og:image:type\" content=\"image\/png\" \/>\n<meta name=\"twitter:card\" content=\"summary_large_image\" \/>\n<meta name=\"twitter:label1\" content=\"Estimated reading time\" \/>\n\t<meta name=\"twitter:data1\" content=\"1 minute\" \/>\n<script type=\"application\/ld+json\" class=\"yoast-schema-graph\">{\"@context\":\"https:\/\/schema.org\",\"@graph\":[{\"@type\":\"WebPage\",\"@id\":\"https:\/\/nrmuebles.com\/product\/sillonoasis\/\",\"url\":\"https:\/\/nrmuebles.com\/product\/sillonoasis\/\",\"name\":\"Sill\u00f3n Oasis - Nr Muebles\",\"isPartOf\":{\"@id\":\"https:\/\/nrmuebles.com\/#website\"},\"primaryImageOfPage\":{\"@id\":\"https:\/\/nrmuebles.com\/product\/sillonoasis\/#primaryimage\"},\"image\":{\"@id\":\"https:\/\/nrmuebles.com\/product\/sillonoasis\/#primaryimage\"},\"thumbnailUrl\":\"https:\/\/nrmuebles.com\/wp-content\/uploads\/2024\/11\/Oasis_2.png\",\"datePublished\":\"2024-11-24T22:21:04+00:00\",\"dateModified\":\"2026-03-11T15:51:49+00:00\",\"description\":\"Sill\u00f3n pl\u00e1stico estilo rattan, apilable, muy c\u00f3modo ideal para balcones o espacios al aire libre.\",\"breadcrumb\":{\"@id\":\"https:\/\/nrmuebles.com\/product\/sillonoasis\/#breadcrumb\"},\"inLanguage\":\"en-GB\",\"potentialAction\":[{\"@type\":\"ReadAction\",\"target\":[\"https:\/\/nrmuebles.com\/product\/sillonoasis\/\"]}]},{\"@type\":\"ImageObject\",\"inLanguage\":\"en-GB\",\"@id\":\"https:\/\/nrmuebles.com\/product\/sillonoasis\/#primaryimage\",\"url\":\"https:\/\/nrmuebles.com\/wp-content\/uploads\/2024\/11\/Oasis_2.png\",\"contentUrl\":\"https:\/\/nrmuebles.com\/wp-content\/uploads\/2024\/11\/Oasis_2.png\",\"width\":1080,\"height\":1080},{\"@type\":\"BreadcrumbList\",\"@id\":\"https:\/\/nrmuebles.com\/product\/sillonoasis\/#breadcrumb\",\"itemListElement\":[{\"@type\":\"ListItem\",\"position\":1,\"name\":\"Inicio\",\"item\":\"https:\/\/nrmuebles.com\/\"},{\"@type\":\"ListItem\",\"position\":2,\"name\":\"Productos\",\"item\":\"https:\/\/nrmuebles.com\/productos\/\"},{\"@type\":\"ListItem\",\"position\":3,\"name\":\"Sill\u00f3n Oasis\"}]},{\"@type\":\"WebSite\",\"@id\":\"https:\/\/nrmuebles.com\/#website\",\"url\":\"https:\/\/nrmuebles.com\/\",\"name\":\"Nr Muebles\",\"description\":\"\",\"potentialAction\":[{\"@type\":\"SearchAction\",\"target\":{\"@type\":\"EntryPoint\",\"urlTemplate\":\"https:\/\/nrmuebles.com\/?s={search_term_string}\"},\"query-input\":{\"@type\":\"PropertyValueSpecification\",\"valueRequired\":true,\"valueName\":\"search_term_string\"}}],\"inLanguage\":\"en-GB\"}]}<\/script>\n<!-- \/ Yoast SEO plugin. -->","yoast_head_json":{"title":"Sill\u00f3n Oasis - Nr Muebles","description":"Sill\u00f3n pl\u00e1stico estilo rattan, apilable, muy c\u00f3modo ideal para balcones o espacios al aire libre.","robots":{"index":"index","follow":"follow","max-snippet":"max-snippet:-1","max-image-preview":"max-image-preview:large","max-video-preview":"max-video-preview:-1"},"canonical":"https:\/\/nrmuebles.com\/en\/product\/sillonoasis\/","og_locale":"en_GB","og_type":"article","og_title":"Sill\u00f3n Oasis - Nr Muebles","og_description":"Sill\u00f3n pl\u00e1stico estilo rattan, apilable, muy c\u00f3modo ideal para balcones o espacios al aire libre.","og_url":"https:\/\/nrmuebles.com\/en\/product\/sillonoasis\/","og_site_name":"Nr Muebles","article_modified_time":"2026-03-11T15:51:49+00:00","og_image":[{"width":1080,"height":1080,"url":"https:\/\/nrmuebles.com\/wp-content\/uploads\/2024\/11\/Oasis_2.png","type":"image\/png"}],"twitter_card":"summary_large_image","twitter_misc":{"Estimated reading time":"1 minute"},"schema":{"@context":"https:\/\/schema.org","@graph":[{"@type":"WebPage","@id":"https:\/\/nrmuebles.com\/product\/sillonoasis\/","url":"https:\/\/nrmuebles.com\/product\/sillonoasis\/","name":"Sill\u00f3n Oasis - Nr Muebles","isPartOf":{"@id":"https:\/\/nrmuebles.com\/#website"},"primaryImageOfPage":{"@id":"https:\/\/nrmuebles.com\/product\/sillonoasis\/#primaryimage"},"image":{"@id":"https:\/\/nrmuebles.com\/product\/sillonoasis\/#primaryimage"},"thumbnailUrl":"https:\/\/nrmuebles.com\/wp-content\/uploads\/2024\/11\/Oasis_2.png","datePublished":"2024-11-24T22:21:04+00:00","dateModified":"2026-03-11T15:51:49+00:00","description":"Sill\u00f3n pl\u00e1stico estilo rattan, apilable, muy c\u00f3modo ideal para balcones o espacios al aire libre.","breadcrumb":{"@id":"https:\/\/nrmuebles.com\/product\/sillonoasis\/#breadcrumb"},"inLanguage":"en-GB","potentialAction":[{"@type":"ReadAction","target":["https:\/\/nrmuebles.com\/product\/sillonoasis\/"]}]},{"@type":"ImageObject","inLanguage":"en-GB","@id":"https:\/\/nrmuebles.com\/product\/sillonoasis\/#primaryimage","url":"https:\/\/nrmuebles.com\/wp-content\/uploads\/2024\/11\/Oasis_2.png","contentUrl":"https:\/\/nrmuebles.com\/wp-content\/uploads\/2024\/11\/Oasis_2.png","width":1080,"height":1080},{"@type":"BreadcrumbList","@id":"https:\/\/nrmuebles.com\/product\/sillonoasis\/#breadcrumb","itemListElement":[{"@type":"ListItem","position":1,"name":"Inicio","item":"https:\/\/nrmuebles.com\/"},{"@type":"ListItem","position":2,"name":"Productos","item":"https:\/\/nrmuebles.com\/productos\/"},{"@type":"ListItem","position":3,"name":"Sill\u00f3n Oasis"}]},{"@type":"WebSite","@id":"https:\/\/nrmuebles.com\/#website","url":"https:\/\/nrmuebles.com\/","name":"Nr Muebles","description":"","potentialAction":[{"@type":"SearchAction","target":{"@type":"EntryPoint","urlTemplate":"https:\/\/nrmuebles.com\/?s={search_term_string}"},"query-input":{"@type":"PropertyValueSpecification","valueRequired":true,"valueName":"search_term_string"}}],"inLanguage":"en-GB"}]}},"_links":{"self":[{"href":"https:\/\/nrmuebles.com\/en\/wp-json\/wp\/v2\/product\/16987","targetHints":{"allow":["GET"]}}],"collection":[{"href":"https:\/\/nrmuebles.com\/en\/wp-json\/wp\/v2\/product"}],"about":[{"href":"https:\/\/nrmuebles.com\/en\/wp-json\/wp\/v2\/types\/product"}],"replies":[{"embeddable":true,"href":"https:\/\/nrmuebles.com\/en\/wp-json\/wp\/v2\/comments?post=16987"}],"wp:featuredmedia":[{"embeddable":true,"href":"https:\/\/nrmuebles.com\/en\/wp-json\/wp\/v2\/media\/16764"}],"wp:attachment":[{"href":"https:\/\/nrmuebles.com\/en\/wp-json\/wp\/v2\/media?parent=16987"}],"wp:term":[{"taxonomy":"product_brand","embeddable":true,"href":"https:\/\/nrmuebles.com\/en\/wp-json\/wp\/v2\/product_brand?post=16987"},{"taxonomy":"product_cat","embeddable":true,"href":"https:\/\/nrmuebles.com\/en\/wp-json\/wp\/v2\/product_cat?post=16987"},{"taxonomy":"product_tag","embeddable":true,"href":"https:\/\/nrmuebles.com\/en\/wp-json\/wp\/v2\/product_tag?post=16987"}],"curies":[{"name":"wp","href":"https:\/\/api.w.org\/{rel}","templated":true}]}}