{"id":16969,"date":"2024-11-24T18:48:48","date_gmt":"2024-11-24T21:48:48","guid":{"rendered":"https:\/\/nrmuebles.com\/?post_type=product&#038;p=16969"},"modified":"2024-11-24T19:02:33","modified_gmt":"2024-11-24T22:02:33","slug":"sillagarden","status":"publish","type":"product","link":"https:\/\/nrmuebles.com\/en\/product\/sillagarden\/","title":{"rendered":"Silla Garden"},"content":{"rendered":"<h4>Informaci\u00f3n t\u00e9cnica<\/h4>\n<ul>\n<li>Alto: 81 cm.<\/li>\n<li>Ancho: 54 cm.<\/li>\n<li>Profundidad: 58 cm.<\/li>\n<\/ul>\n<h4>Resistencia<\/h4>\n<ul>\n<li>135 kg.<\/li>\n<\/ul>\n<h4>Cantidad por pallet<\/h4>\n<ul>\n<li>96 unidades.<\/li>\n<\/ul>\n<p><img fetchpriority=\"high\" decoding=\"async\" class=\"alignnone wp-image-16973\" src=\"https:\/\/nrmuebles.com\/wp-content\/uploads\/2024\/11\/1-18-min-300x300.jpg\" alt=\"\" width=\"450\" height=\"450\" srcset=\"https:\/\/nrmuebles.com\/wp-content\/uploads\/2024\/11\/1-18-min-300x300.jpg 300w, https:\/\/nrmuebles.com\/wp-content\/uploads\/2024\/11\/1-18-min-scaled-600x600.jpg 600w, https:\/\/nrmuebles.com\/wp-content\/uploads\/2024\/11\/1-18-min-1024x1024.jpg 1024w, https:\/\/nrmuebles.com\/wp-content\/uploads\/2024\/11\/1-18-min-150x150.jpg 150w, https:\/\/nrmuebles.com\/wp-content\/uploads\/2024\/11\/1-18-min-768x768.jpg 768w, https:\/\/nrmuebles.com\/wp-content\/uploads\/2024\/11\/1-18-min-1536x1536.jpg 1536w, https:\/\/nrmuebles.com\/wp-content\/uploads\/2024\/11\/1-18-min-2048x2048.jpg 2048w, https:\/\/nrmuebles.com\/wp-content\/uploads\/2024\/11\/1-18-min-50x50.jpg 50w, https:\/\/nrmuebles.com\/wp-content\/uploads\/2024\/11\/1-18-min-100x100.jpg 100w\" sizes=\"(max-width: 450px) 100vw, 450px\" \/> <img decoding=\"async\" class=\"alignnone wp-image-16976\" src=\"https:\/\/nrmuebles.com\/wp-content\/uploads\/2024\/11\/1-42-min-300x300.jpg\" alt=\"\" width=\"450\" height=\"450\" srcset=\"https:\/\/nrmuebles.com\/wp-content\/uploads\/2024\/11\/1-42-min-300x300.jpg 300w, https:\/\/nrmuebles.com\/wp-content\/uploads\/2024\/11\/1-42-min-scaled-600x600.jpg 600w, https:\/\/nrmuebles.com\/wp-content\/uploads\/2024\/11\/1-42-min-1024x1024.jpg 1024w, https:\/\/nrmuebles.com\/wp-content\/uploads\/2024\/11\/1-42-min-150x150.jpg 150w, https:\/\/nrmuebles.com\/wp-content\/uploads\/2024\/11\/1-42-min-768x768.jpg 768w, https:\/\/nrmuebles.com\/wp-content\/uploads\/2024\/11\/1-42-min-1536x1536.jpg 1536w, https:\/\/nrmuebles.com\/wp-content\/uploads\/2024\/11\/1-42-min-2048x2048.jpg 2048w, https:\/\/nrmuebles.com\/wp-content\/uploads\/2024\/11\/1-42-min-50x50.jpg 50w, https:\/\/nrmuebles.com\/wp-content\/uploads\/2024\/11\/1-42-min-100x100.jpg 100w\" sizes=\"(max-width: 450px) 100vw, 450px\" \/><img decoding=\"async\" class=\"alignnone wp-image-16975\" src=\"https:\/\/nrmuebles.com\/wp-content\/uploads\/2024\/11\/1-22-min-169x300.jpg\" alt=\"\" width=\"450\" height=\"800\" srcset=\"https:\/\/nrmuebles.com\/wp-content\/uploads\/2024\/11\/1-22-min-169x300.jpg 169w, https:\/\/nrmuebles.com\/wp-content\/uploads\/2024\/11\/1-22-min-scaled-600x1067.jpg 600w, https:\/\/nrmuebles.com\/wp-content\/uploads\/2024\/11\/1-22-min-576x1024.jpg 576w, https:\/\/nrmuebles.com\/wp-content\/uploads\/2024\/11\/1-22-min-768x1365.jpg 768w, https:\/\/nrmuebles.com\/wp-content\/uploads\/2024\/11\/1-22-min-864x1536.jpg 864w, https:\/\/nrmuebles.com\/wp-content\/uploads\/2024\/11\/1-22-min-1152x2048.jpg 1152w, https:\/\/nrmuebles.com\/wp-content\/uploads\/2024\/11\/1-22-min-scaled.jpg 1440w\" sizes=\"(max-width: 450px) 100vw, 450px\" \/> <img loading=\"lazy\" decoding=\"async\" class=\"alignnone wp-image-16977\" src=\"https:\/\/nrmuebles.com\/wp-content\/uploads\/2024\/11\/1-47-min-169x300.jpg\" alt=\"\" width=\"450\" height=\"800\" srcset=\"https:\/\/nrmuebles.com\/wp-content\/uploads\/2024\/11\/1-47-min-169x300.jpg 169w, https:\/\/nrmuebles.com\/wp-content\/uploads\/2024\/11\/1-47-min-scaled-600x1067.jpg 600w, https:\/\/nrmuebles.com\/wp-content\/uploads\/2024\/11\/1-47-min-576x1024.jpg 576w, https:\/\/nrmuebles.com\/wp-content\/uploads\/2024\/11\/1-47-min-768x1365.jpg 768w, https:\/\/nrmuebles.com\/wp-content\/uploads\/2024\/11\/1-47-min-864x1536.jpg 864w, https:\/\/nrmuebles.com\/wp-content\/uploads\/2024\/11\/1-47-min-1152x2048.jpg 1152w, https:\/\/nrmuebles.com\/wp-content\/uploads\/2024\/11\/1-47-min-scaled.jpg 1440w\" sizes=\"(max-width: 450px) 100vw, 450px\" \/><\/p>","protected":false},"excerpt":{"rendered":"<ul>\n<li>Silla pl\u00e1stica con apoyabrazos, apilable, dise\u00f1ada para espacios al aire libre.<\/li>\n<li>Muy comoda y atractiva.<\/li>\n<\/ul>","protected":false},"featured_media":16972,"comment_status":"open","ping_status":"closed","template":"","meta":{"_joinchat":[]},"product_brand":[],"product_cat":[62],"product_tag":[],"class_list":{"0":"post-16969","1":"product","2":"type-product","3":"status-publish","4":"has-post-thumbnail","6":"product_cat-sillas","7":"pa_colores-disponibles-blanco","8":"pa_colores-disponibles-negro","10":"first","11":"instock","12":"featured","13":"shipping-taxable","14":"purchasable","15":"product-type-variable"},"yoast_head":"<!-- This site is optimized with the Yoast SEO plugin v27.2 - https:\/\/yoast.com\/product\/yoast-seo-wordpress\/ -->\n<title>Silla Garden - Nr Muebles<\/title>\n<meta name=\"description\" content=\"Banqueta pl\u00e1stica exterior, c\u00f3moda, ligera y apilable.Dise\u00f1o simil rattan.No requiere mantenimiento.\" \/>\n<meta name=\"robots\" content=\"index, follow, max-snippet:-1, max-image-preview:large, max-video-preview:-1\" \/>\n<link rel=\"canonical\" href=\"https:\/\/nrmuebles.com\/en\/product\/sillagarden\/\" \/>\n<meta property=\"og:locale\" content=\"en_GB\" \/>\n<meta property=\"og:type\" content=\"article\" \/>\n<meta property=\"og:title\" content=\"Silla Garden - Nr Muebles\" \/>\n<meta property=\"og:description\" content=\"Banqueta pl\u00e1stica exterior, c\u00f3moda, ligera y apilable.Dise\u00f1o simil rattan.No requiere mantenimiento.\" \/>\n<meta property=\"og:url\" content=\"https:\/\/nrmuebles.com\/en\/product\/sillagarden\/\" \/>\n<meta property=\"og:site_name\" content=\"Nr Muebles\" \/>\n<meta property=\"article:modified_time\" content=\"2024-11-24T22:02:33+00:00\" \/>\n<meta property=\"og:image\" content=\"https:\/\/nrmuebles.com\/wp-content\/uploads\/2024\/11\/Garden_Negro.png\" \/>\n\t<meta property=\"og:image:width\" content=\"2250\" \/>\n\t<meta property=\"og:image:height\" content=\"2250\" \/>\n\t<meta property=\"og:image:type\" content=\"image\/png\" \/>\n<meta name=\"twitter:card\" content=\"summary_large_image\" \/>\n<meta name=\"twitter:label1\" content=\"Estimated reading time\" \/>\n\t<meta name=\"twitter:data1\" content=\"2 minutes\" \/>\n<script type=\"application\/ld+json\" class=\"yoast-schema-graph\">{\"@context\":\"https:\/\/schema.org\",\"@graph\":[{\"@type\":\"WebPage\",\"@id\":\"https:\/\/nrmuebles.com\/product\/sillagarden\/\",\"url\":\"https:\/\/nrmuebles.com\/product\/sillagarden\/\",\"name\":\"Silla Garden - Nr Muebles\",\"isPartOf\":{\"@id\":\"https:\/\/nrmuebles.com\/#website\"},\"primaryImageOfPage\":{\"@id\":\"https:\/\/nrmuebles.com\/product\/sillagarden\/#primaryimage\"},\"image\":{\"@id\":\"https:\/\/nrmuebles.com\/product\/sillagarden\/#primaryimage\"},\"thumbnailUrl\":\"https:\/\/nrmuebles.com\/wp-content\/uploads\/2024\/11\/Garden_Negro.png\",\"datePublished\":\"2024-11-24T21:48:48+00:00\",\"dateModified\":\"2024-11-24T22:02:33+00:00\",\"description\":\"Banqueta pl\u00e1stica exterior, c\u00f3moda, ligera y apilable.Dise\u00f1o simil rattan.No requiere mantenimiento.\",\"breadcrumb\":{\"@id\":\"https:\/\/nrmuebles.com\/product\/sillagarden\/#breadcrumb\"},\"inLanguage\":\"en-GB\",\"potentialAction\":[{\"@type\":\"ReadAction\",\"target\":[\"https:\/\/nrmuebles.com\/product\/sillagarden\/\"]}]},{\"@type\":\"ImageObject\",\"inLanguage\":\"en-GB\",\"@id\":\"https:\/\/nrmuebles.com\/product\/sillagarden\/#primaryimage\",\"url\":\"https:\/\/nrmuebles.com\/wp-content\/uploads\/2024\/11\/Garden_Negro.png\",\"contentUrl\":\"https:\/\/nrmuebles.com\/wp-content\/uploads\/2024\/11\/Garden_Negro.png\",\"width\":2250,\"height\":2250},{\"@type\":\"BreadcrumbList\",\"@id\":\"https:\/\/nrmuebles.com\/product\/sillagarden\/#breadcrumb\",\"itemListElement\":[{\"@type\":\"ListItem\",\"position\":1,\"name\":\"Inicio\",\"item\":\"https:\/\/nrmuebles.com\/\"},{\"@type\":\"ListItem\",\"position\":2,\"name\":\"Productos\",\"item\":\"https:\/\/nrmuebles.com\/productos\/\"},{\"@type\":\"ListItem\",\"position\":3,\"name\":\"Silla Garden\"}]},{\"@type\":\"WebSite\",\"@id\":\"https:\/\/nrmuebles.com\/#website\",\"url\":\"https:\/\/nrmuebles.com\/\",\"name\":\"Nr Muebles\",\"description\":\"\",\"potentialAction\":[{\"@type\":\"SearchAction\",\"target\":{\"@type\":\"EntryPoint\",\"urlTemplate\":\"https:\/\/nrmuebles.com\/?s={search_term_string}\"},\"query-input\":{\"@type\":\"PropertyValueSpecification\",\"valueRequired\":true,\"valueName\":\"search_term_string\"}}],\"inLanguage\":\"en-GB\"}]}<\/script>\n<!-- \/ Yoast SEO plugin. -->","yoast_head_json":{"title":"Silla Garden - Nr Muebles","description":"Banqueta pl\u00e1stica exterior, c\u00f3moda, ligera y apilable.Dise\u00f1o simil rattan.No requiere mantenimiento.","robots":{"index":"index","follow":"follow","max-snippet":"max-snippet:-1","max-image-preview":"max-image-preview:large","max-video-preview":"max-video-preview:-1"},"canonical":"https:\/\/nrmuebles.com\/en\/product\/sillagarden\/","og_locale":"en_GB","og_type":"article","og_title":"Silla Garden - Nr Muebles","og_description":"Banqueta pl\u00e1stica exterior, c\u00f3moda, ligera y apilable.Dise\u00f1o simil rattan.No requiere mantenimiento.","og_url":"https:\/\/nrmuebles.com\/en\/product\/sillagarden\/","og_site_name":"Nr Muebles","article_modified_time":"2024-11-24T22:02:33+00:00","og_image":[{"width":2250,"height":2250,"url":"https:\/\/nrmuebles.com\/wp-content\/uploads\/2024\/11\/Garden_Negro.png","type":"image\/png"}],"twitter_card":"summary_large_image","twitter_misc":{"Estimated reading time":"2 minutes"},"schema":{"@context":"https:\/\/schema.org","@graph":[{"@type":"WebPage","@id":"https:\/\/nrmuebles.com\/product\/sillagarden\/","url":"https:\/\/nrmuebles.com\/product\/sillagarden\/","name":"Silla Garden - Nr Muebles","isPartOf":{"@id":"https:\/\/nrmuebles.com\/#website"},"primaryImageOfPage":{"@id":"https:\/\/nrmuebles.com\/product\/sillagarden\/#primaryimage"},"image":{"@id":"https:\/\/nrmuebles.com\/product\/sillagarden\/#primaryimage"},"thumbnailUrl":"https:\/\/nrmuebles.com\/wp-content\/uploads\/2024\/11\/Garden_Negro.png","datePublished":"2024-11-24T21:48:48+00:00","dateModified":"2024-11-24T22:02:33+00:00","description":"Banqueta pl\u00e1stica exterior, c\u00f3moda, ligera y apilable.Dise\u00f1o simil rattan.No requiere mantenimiento.","breadcrumb":{"@id":"https:\/\/nrmuebles.com\/product\/sillagarden\/#breadcrumb"},"inLanguage":"en-GB","potentialAction":[{"@type":"ReadAction","target":["https:\/\/nrmuebles.com\/product\/sillagarden\/"]}]},{"@type":"ImageObject","inLanguage":"en-GB","@id":"https:\/\/nrmuebles.com\/product\/sillagarden\/#primaryimage","url":"https:\/\/nrmuebles.com\/wp-content\/uploads\/2024\/11\/Garden_Negro.png","contentUrl":"https:\/\/nrmuebles.com\/wp-content\/uploads\/2024\/11\/Garden_Negro.png","width":2250,"height":2250},{"@type":"BreadcrumbList","@id":"https:\/\/nrmuebles.com\/product\/sillagarden\/#breadcrumb","itemListElement":[{"@type":"ListItem","position":1,"name":"Inicio","item":"https:\/\/nrmuebles.com\/"},{"@type":"ListItem","position":2,"name":"Productos","item":"https:\/\/nrmuebles.com\/productos\/"},{"@type":"ListItem","position":3,"name":"Silla Garden"}]},{"@type":"WebSite","@id":"https:\/\/nrmuebles.com\/#website","url":"https:\/\/nrmuebles.com\/","name":"Nr Muebles","description":"","potentialAction":[{"@type":"SearchAction","target":{"@type":"EntryPoint","urlTemplate":"https:\/\/nrmuebles.com\/?s={search_term_string}"},"query-input":{"@type":"PropertyValueSpecification","valueRequired":true,"valueName":"search_term_string"}}],"inLanguage":"en-GB"}]}},"_links":{"self":[{"href":"https:\/\/nrmuebles.com\/en\/wp-json\/wp\/v2\/product\/16969","targetHints":{"allow":["GET"]}}],"collection":[{"href":"https:\/\/nrmuebles.com\/en\/wp-json\/wp\/v2\/product"}],"about":[{"href":"https:\/\/nrmuebles.com\/en\/wp-json\/wp\/v2\/types\/product"}],"replies":[{"embeddable":true,"href":"https:\/\/nrmuebles.com\/en\/wp-json\/wp\/v2\/comments?post=16969"}],"wp:featuredmedia":[{"embeddable":true,"href":"https:\/\/nrmuebles.com\/en\/wp-json\/wp\/v2\/media\/16972"}],"wp:attachment":[{"href":"https:\/\/nrmuebles.com\/en\/wp-json\/wp\/v2\/media?parent=16969"}],"wp:term":[{"taxonomy":"product_brand","embeddable":true,"href":"https:\/\/nrmuebles.com\/en\/wp-json\/wp\/v2\/product_brand?post=16969"},{"taxonomy":"product_cat","embeddable":true,"href":"https:\/\/nrmuebles.com\/en\/wp-json\/wp\/v2\/product_cat?post=16969"},{"taxonomy":"product_tag","embeddable":true,"href":"https:\/\/nrmuebles.com\/en\/wp-json\/wp\/v2\/product_tag?post=16969"}],"curies":[{"name":"wp","href":"https:\/\/api.w.org\/{rel}","templated":true}]}}