{"id":16956,"date":"2024-11-24T18:24:31","date_gmt":"2024-11-24T21:24:31","guid":{"rendered":"https:\/\/nrmuebles.com\/?post_type=product&#038;p=16956"},"modified":"2024-11-25T12:15:25","modified_gmt":"2024-11-25T15:15:25","slug":"sillaliving","status":"publish","type":"product","link":"https:\/\/nrmuebles.com\/en\/product\/sillaliving\/","title":{"rendered":"Silla Living"},"content":{"rendered":"<h4>Informaci\u00f3n t\u00e9cnica<\/h4>\n<ul>\n<li>Alto: 88 cm.<\/li>\n<li>Ancho: 46 cm.<\/li>\n<li>Profundidad: 49 cm.<\/li>\n<\/ul>\n<h4>Resistencia<\/h4>\n<ul>\n<li>135 kg.<\/li>\n<\/ul>\n<h4>Cantidad por pallet<\/h4>\n<ul>\n<li>96 unidades.<\/li>\n<\/ul>\n<p data-wp-editing=\"1\"><img fetchpriority=\"high\" decoding=\"async\" class=\"alignnone wp-image-16961\" src=\"https:\/\/nrmuebles.com\/wp-content\/uploads\/2024\/11\/1-93-300x300.jpg\" alt=\"\" width=\"450\" height=\"450\" srcset=\"https:\/\/nrmuebles.com\/wp-content\/uploads\/2024\/11\/1-93-300x300.jpg 300w, https:\/\/nrmuebles.com\/wp-content\/uploads\/2024\/11\/1-93-scaled-600x600.jpg 600w, https:\/\/nrmuebles.com\/wp-content\/uploads\/2024\/11\/1-93-1024x1024.jpg 1024w, https:\/\/nrmuebles.com\/wp-content\/uploads\/2024\/11\/1-93-150x150.jpg 150w, https:\/\/nrmuebles.com\/wp-content\/uploads\/2024\/11\/1-93-768x768.jpg 768w, https:\/\/nrmuebles.com\/wp-content\/uploads\/2024\/11\/1-93-1536x1536.jpg 1536w, https:\/\/nrmuebles.com\/wp-content\/uploads\/2024\/11\/1-93-2048x2048.jpg 2048w, https:\/\/nrmuebles.com\/wp-content\/uploads\/2024\/11\/1-93-50x50.jpg 50w, https:\/\/nrmuebles.com\/wp-content\/uploads\/2024\/11\/1-93-100x100.jpg 100w\" sizes=\"(max-width: 450px) 100vw, 450px\" \/>\u00a0<img decoding=\"async\" class=\"alignnone wp-image-16963\" src=\"https:\/\/nrmuebles.com\/wp-content\/uploads\/2024\/11\/1-103-300x300.jpg\" alt=\"\" width=\"450\" height=\"450\" srcset=\"https:\/\/nrmuebles.com\/wp-content\/uploads\/2024\/11\/1-103-300x300.jpg 300w, https:\/\/nrmuebles.com\/wp-content\/uploads\/2024\/11\/1-103-scaled-600x600.jpg 600w, https:\/\/nrmuebles.com\/wp-content\/uploads\/2024\/11\/1-103-1024x1024.jpg 1024w, https:\/\/nrmuebles.com\/wp-content\/uploads\/2024\/11\/1-103-150x150.jpg 150w, https:\/\/nrmuebles.com\/wp-content\/uploads\/2024\/11\/1-103-768x768.jpg 768w, https:\/\/nrmuebles.com\/wp-content\/uploads\/2024\/11\/1-103-1536x1536.jpg 1536w, https:\/\/nrmuebles.com\/wp-content\/uploads\/2024\/11\/1-103-2048x2048.jpg 2048w, https:\/\/nrmuebles.com\/wp-content\/uploads\/2024\/11\/1-103-50x50.jpg 50w, https:\/\/nrmuebles.com\/wp-content\/uploads\/2024\/11\/1-103-100x100.jpg 100w\" sizes=\"(max-width: 450px) 100vw, 450px\" \/> <img decoding=\"async\" class=\"alignnone wp-image-16964\" src=\"https:\/\/nrmuebles.com\/wp-content\/uploads\/2024\/11\/1-117-300x300.jpg\" alt=\"\" width=\"450\" height=\"450\" srcset=\"https:\/\/nrmuebles.com\/wp-content\/uploads\/2024\/11\/1-117-300x300.jpg 300w, https:\/\/nrmuebles.com\/wp-content\/uploads\/2024\/11\/1-117-scaled-600x600.jpg 600w, https:\/\/nrmuebles.com\/wp-content\/uploads\/2024\/11\/1-117-1024x1024.jpg 1024w, https:\/\/nrmuebles.com\/wp-content\/uploads\/2024\/11\/1-117-150x150.jpg 150w, https:\/\/nrmuebles.com\/wp-content\/uploads\/2024\/11\/1-117-768x768.jpg 768w, https:\/\/nrmuebles.com\/wp-content\/uploads\/2024\/11\/1-117-1536x1536.jpg 1536w, https:\/\/nrmuebles.com\/wp-content\/uploads\/2024\/11\/1-117-2048x2048.jpg 2048w, https:\/\/nrmuebles.com\/wp-content\/uploads\/2024\/11\/1-117-50x50.jpg 50w, https:\/\/nrmuebles.com\/wp-content\/uploads\/2024\/11\/1-117-100x100.jpg 100w\" sizes=\"(max-width: 450px) 100vw, 450px\" \/>\u00a0<img loading=\"lazy\" decoding=\"async\" class=\"alignnone wp-image-16965\" src=\"https:\/\/nrmuebles.com\/wp-content\/uploads\/2024\/11\/1-118-300x300.jpg\" alt=\"\" width=\"450\" height=\"450\" srcset=\"https:\/\/nrmuebles.com\/wp-content\/uploads\/2024\/11\/1-118-300x300.jpg 300w, https:\/\/nrmuebles.com\/wp-content\/uploads\/2024\/11\/1-118-scaled-600x600.jpg 600w, https:\/\/nrmuebles.com\/wp-content\/uploads\/2024\/11\/1-118-1024x1024.jpg 1024w, https:\/\/nrmuebles.com\/wp-content\/uploads\/2024\/11\/1-118-150x150.jpg 150w, https:\/\/nrmuebles.com\/wp-content\/uploads\/2024\/11\/1-118-768x768.jpg 768w, https:\/\/nrmuebles.com\/wp-content\/uploads\/2024\/11\/1-118-1536x1536.jpg 1536w, https:\/\/nrmuebles.com\/wp-content\/uploads\/2024\/11\/1-118-2048x2048.jpg 2048w, https:\/\/nrmuebles.com\/wp-content\/uploads\/2024\/11\/1-118-50x50.jpg 50w, https:\/\/nrmuebles.com\/wp-content\/uploads\/2024\/11\/1-118-100x100.jpg 100w\" sizes=\"(max-width: 450px) 100vw, 450px\" \/><\/p>","protected":false},"excerpt":{"rendered":"<ul>\n<li>Silla pl\u00e1stica sin apoyabrazos, con un dise\u00f1o atractivo y respaldar c\u00f3modo.<\/li>\n<\/ul>","protected":false},"featured_media":16959,"comment_status":"open","ping_status":"closed","template":"","meta":{"_joinchat":[]},"product_brand":[],"product_cat":[62],"product_tag":[],"class_list":{"0":"post-16956","1":"product","2":"type-product","3":"status-publish","4":"has-post-thumbnail","6":"product_cat-sillas","7":"pa_colores-disponibles-blanco","8":"pa_colores-disponibles-negro","10":"first","11":"instock","12":"featured","13":"shipping-taxable","14":"purchasable","15":"product-type-variable"},"yoast_head":"<!-- This site is optimized with the Yoast SEO plugin v27.2 - https:\/\/yoast.com\/product\/yoast-seo-wordpress\/ -->\n<title>Silla Living - Nr Muebles<\/title>\n<meta name=\"description\" content=\"Silla pl\u00e1stica sin apoyabrazos, con un dise\u00f1o atractivo y respaldar c\u00f3modo.\" \/>\n<meta name=\"robots\" content=\"index, follow, max-snippet:-1, max-image-preview:large, max-video-preview:-1\" \/>\n<link rel=\"canonical\" href=\"https:\/\/nrmuebles.com\/en\/product\/sillaliving\/\" \/>\n<meta property=\"og:locale\" content=\"en_GB\" \/>\n<meta property=\"og:type\" content=\"article\" \/>\n<meta property=\"og:title\" content=\"Silla Living - Nr Muebles\" \/>\n<meta property=\"og:description\" content=\"Silla pl\u00e1stica sin apoyabrazos, con un dise\u00f1o atractivo y respaldar c\u00f3modo.\" \/>\n<meta property=\"og:url\" content=\"https:\/\/nrmuebles.com\/en\/product\/sillaliving\/\" \/>\n<meta property=\"og:site_name\" content=\"Nr Muebles\" \/>\n<meta property=\"article:modified_time\" content=\"2024-11-25T15:15:25+00:00\" \/>\n<meta property=\"og:image\" content=\"https:\/\/nrmuebles.com\/wp-content\/uploads\/2024\/11\/Living_Negro.png\" \/>\n\t<meta property=\"og:image:width\" content=\"2250\" \/>\n\t<meta property=\"og:image:height\" content=\"2250\" \/>\n\t<meta property=\"og:image:type\" content=\"image\/png\" \/>\n<meta name=\"twitter:card\" content=\"summary_large_image\" \/>\n<meta name=\"twitter:label1\" content=\"Estimated reading time\" \/>\n\t<meta name=\"twitter:data1\" content=\"2 minutes\" \/>\n<script type=\"application\/ld+json\" class=\"yoast-schema-graph\">{\"@context\":\"https:\/\/schema.org\",\"@graph\":[{\"@type\":\"WebPage\",\"@id\":\"https:\/\/nrmuebles.com\/product\/sillaliving\/\",\"url\":\"https:\/\/nrmuebles.com\/product\/sillaliving\/\",\"name\":\"Silla Living - Nr Muebles\",\"isPartOf\":{\"@id\":\"https:\/\/nrmuebles.com\/#website\"},\"primaryImageOfPage\":{\"@id\":\"https:\/\/nrmuebles.com\/product\/sillaliving\/#primaryimage\"},\"image\":{\"@id\":\"https:\/\/nrmuebles.com\/product\/sillaliving\/#primaryimage\"},\"thumbnailUrl\":\"https:\/\/nrmuebles.com\/wp-content\/uploads\/2024\/11\/Living_Negro.png\",\"datePublished\":\"2024-11-24T21:24:31+00:00\",\"dateModified\":\"2024-11-25T15:15:25+00:00\",\"description\":\"Silla pl\u00e1stica sin apoyabrazos, con un dise\u00f1o atractivo y respaldar c\u00f3modo.\",\"breadcrumb\":{\"@id\":\"https:\/\/nrmuebles.com\/product\/sillaliving\/#breadcrumb\"},\"inLanguage\":\"en-GB\",\"potentialAction\":[{\"@type\":\"ReadAction\",\"target\":[\"https:\/\/nrmuebles.com\/product\/sillaliving\/\"]}]},{\"@type\":\"ImageObject\",\"inLanguage\":\"en-GB\",\"@id\":\"https:\/\/nrmuebles.com\/product\/sillaliving\/#primaryimage\",\"url\":\"https:\/\/nrmuebles.com\/wp-content\/uploads\/2024\/11\/Living_Negro.png\",\"contentUrl\":\"https:\/\/nrmuebles.com\/wp-content\/uploads\/2024\/11\/Living_Negro.png\",\"width\":2250,\"height\":2250},{\"@type\":\"BreadcrumbList\",\"@id\":\"https:\/\/nrmuebles.com\/product\/sillaliving\/#breadcrumb\",\"itemListElement\":[{\"@type\":\"ListItem\",\"position\":1,\"name\":\"Inicio\",\"item\":\"https:\/\/nrmuebles.com\/\"},{\"@type\":\"ListItem\",\"position\":2,\"name\":\"Productos\",\"item\":\"https:\/\/nrmuebles.com\/productos\/\"},{\"@type\":\"ListItem\",\"position\":3,\"name\":\"Silla Living\"}]},{\"@type\":\"WebSite\",\"@id\":\"https:\/\/nrmuebles.com\/#website\",\"url\":\"https:\/\/nrmuebles.com\/\",\"name\":\"Nr Muebles\",\"description\":\"\",\"potentialAction\":[{\"@type\":\"SearchAction\",\"target\":{\"@type\":\"EntryPoint\",\"urlTemplate\":\"https:\/\/nrmuebles.com\/?s={search_term_string}\"},\"query-input\":{\"@type\":\"PropertyValueSpecification\",\"valueRequired\":true,\"valueName\":\"search_term_string\"}}],\"inLanguage\":\"en-GB\"}]}<\/script>\n<!-- \/ Yoast SEO plugin. -->","yoast_head_json":{"title":"Silla Living - Nr Muebles","description":"Silla pl\u00e1stica sin apoyabrazos, con un dise\u00f1o atractivo y respaldar c\u00f3modo.","robots":{"index":"index","follow":"follow","max-snippet":"max-snippet:-1","max-image-preview":"max-image-preview:large","max-video-preview":"max-video-preview:-1"},"canonical":"https:\/\/nrmuebles.com\/en\/product\/sillaliving\/","og_locale":"en_GB","og_type":"article","og_title":"Silla Living - Nr Muebles","og_description":"Silla pl\u00e1stica sin apoyabrazos, con un dise\u00f1o atractivo y respaldar c\u00f3modo.","og_url":"https:\/\/nrmuebles.com\/en\/product\/sillaliving\/","og_site_name":"Nr Muebles","article_modified_time":"2024-11-25T15:15:25+00:00","og_image":[{"width":2250,"height":2250,"url":"https:\/\/nrmuebles.com\/wp-content\/uploads\/2024\/11\/Living_Negro.png","type":"image\/png"}],"twitter_card":"summary_large_image","twitter_misc":{"Estimated reading time":"2 minutes"},"schema":{"@context":"https:\/\/schema.org","@graph":[{"@type":"WebPage","@id":"https:\/\/nrmuebles.com\/product\/sillaliving\/","url":"https:\/\/nrmuebles.com\/product\/sillaliving\/","name":"Silla Living - Nr Muebles","isPartOf":{"@id":"https:\/\/nrmuebles.com\/#website"},"primaryImageOfPage":{"@id":"https:\/\/nrmuebles.com\/product\/sillaliving\/#primaryimage"},"image":{"@id":"https:\/\/nrmuebles.com\/product\/sillaliving\/#primaryimage"},"thumbnailUrl":"https:\/\/nrmuebles.com\/wp-content\/uploads\/2024\/11\/Living_Negro.png","datePublished":"2024-11-24T21:24:31+00:00","dateModified":"2024-11-25T15:15:25+00:00","description":"Silla pl\u00e1stica sin apoyabrazos, con un dise\u00f1o atractivo y respaldar c\u00f3modo.","breadcrumb":{"@id":"https:\/\/nrmuebles.com\/product\/sillaliving\/#breadcrumb"},"inLanguage":"en-GB","potentialAction":[{"@type":"ReadAction","target":["https:\/\/nrmuebles.com\/product\/sillaliving\/"]}]},{"@type":"ImageObject","inLanguage":"en-GB","@id":"https:\/\/nrmuebles.com\/product\/sillaliving\/#primaryimage","url":"https:\/\/nrmuebles.com\/wp-content\/uploads\/2024\/11\/Living_Negro.png","contentUrl":"https:\/\/nrmuebles.com\/wp-content\/uploads\/2024\/11\/Living_Negro.png","width":2250,"height":2250},{"@type":"BreadcrumbList","@id":"https:\/\/nrmuebles.com\/product\/sillaliving\/#breadcrumb","itemListElement":[{"@type":"ListItem","position":1,"name":"Inicio","item":"https:\/\/nrmuebles.com\/"},{"@type":"ListItem","position":2,"name":"Productos","item":"https:\/\/nrmuebles.com\/productos\/"},{"@type":"ListItem","position":3,"name":"Silla Living"}]},{"@type":"WebSite","@id":"https:\/\/nrmuebles.com\/#website","url":"https:\/\/nrmuebles.com\/","name":"Nr Muebles","description":"","potentialAction":[{"@type":"SearchAction","target":{"@type":"EntryPoint","urlTemplate":"https:\/\/nrmuebles.com\/?s={search_term_string}"},"query-input":{"@type":"PropertyValueSpecification","valueRequired":true,"valueName":"search_term_string"}}],"inLanguage":"en-GB"}]}},"_links":{"self":[{"href":"https:\/\/nrmuebles.com\/en\/wp-json\/wp\/v2\/product\/16956","targetHints":{"allow":["GET"]}}],"collection":[{"href":"https:\/\/nrmuebles.com\/en\/wp-json\/wp\/v2\/product"}],"about":[{"href":"https:\/\/nrmuebles.com\/en\/wp-json\/wp\/v2\/types\/product"}],"replies":[{"embeddable":true,"href":"https:\/\/nrmuebles.com\/en\/wp-json\/wp\/v2\/comments?post=16956"}],"wp:featuredmedia":[{"embeddable":true,"href":"https:\/\/nrmuebles.com\/en\/wp-json\/wp\/v2\/media\/16959"}],"wp:attachment":[{"href":"https:\/\/nrmuebles.com\/en\/wp-json\/wp\/v2\/media?parent=16956"}],"wp:term":[{"taxonomy":"product_brand","embeddable":true,"href":"https:\/\/nrmuebles.com\/en\/wp-json\/wp\/v2\/product_brand?post=16956"},{"taxonomy":"product_cat","embeddable":true,"href":"https:\/\/nrmuebles.com\/en\/wp-json\/wp\/v2\/product_cat?post=16956"},{"taxonomy":"product_tag","embeddable":true,"href":"https:\/\/nrmuebles.com\/en\/wp-json\/wp\/v2\/product_tag?post=16956"}],"curies":[{"name":"wp","href":"https:\/\/api.w.org\/{rel}","templated":true}]}}