{"id":16644,"date":"2024-11-22T15:22:28","date_gmt":"2024-11-22T18:22:28","guid":{"rendered":"https:\/\/nrmuebles.com\/?post_type=product&#038;p=16644"},"modified":"2026-03-11T12:53:29","modified_gmt":"2026-03-11T15:53:29","slug":"banquito-lion","status":"publish","type":"product","link":"https:\/\/nrmuebles.com\/en\/product\/banquito-lion\/","title":{"rendered":"Banquito Lion"},"content":{"rendered":"<h4>Informaci\u00f3n t\u00e9cnica<\/h4>\n<ul>\n<li>Alto: 48 cm.<\/li>\n<li>Ancho: 37 cm.<\/li>\n<li>Profundidad: 37 cm.<\/li>\n<\/ul>\n<h4>Resistencia<\/h4>\n<ul>\n<li>135 kg.<\/li>\n<\/ul>\n<h4>Cantidad por pallet<\/h4>\n<ul>\n<li>216 unidades.<\/li>\n<\/ul>\n<p data-wp-editing=\"1\"><img fetchpriority=\"high\" decoding=\"async\" class=\"alignnone wp-image-16906\" src=\"https:\/\/nrmuebles.com\/wp-content\/uploads\/2024\/11\/Bancos-y-Mesas-2-300x300.jpg\" alt=\"\" width=\"450\" height=\"450\" srcset=\"https:\/\/nrmuebles.com\/wp-content\/uploads\/2024\/11\/Bancos-y-Mesas-2-300x300.jpg 300w, https:\/\/nrmuebles.com\/wp-content\/uploads\/2024\/11\/Bancos-y-Mesas-2-600x600.jpg 600w, https:\/\/nrmuebles.com\/wp-content\/uploads\/2024\/11\/Bancos-y-Mesas-2-1024x1024.jpg 1024w, https:\/\/nrmuebles.com\/wp-content\/uploads\/2024\/11\/Bancos-y-Mesas-2-150x150.jpg 150w, https:\/\/nrmuebles.com\/wp-content\/uploads\/2024\/11\/Bancos-y-Mesas-2-768x768.jpg 768w, https:\/\/nrmuebles.com\/wp-content\/uploads\/2024\/11\/Bancos-y-Mesas-2-50x50.jpg 50w, https:\/\/nrmuebles.com\/wp-content\/uploads\/2024\/11\/Bancos-y-Mesas-2-100x100.jpg 100w, https:\/\/nrmuebles.com\/wp-content\/uploads\/2024\/11\/Bancos-y-Mesas-2.jpg 1440w\" sizes=\"(max-width: 450px) 100vw, 450px\" \/> <img decoding=\"async\" class=\"alignnone wp-image-16907\" src=\"https:\/\/nrmuebles.com\/wp-content\/uploads\/2024\/11\/Bancos-y-Mesas-20-300x300.jpg\" alt=\"\" width=\"450\" height=\"450\" srcset=\"https:\/\/nrmuebles.com\/wp-content\/uploads\/2024\/11\/Bancos-y-Mesas-20-300x300.jpg 300w, https:\/\/nrmuebles.com\/wp-content\/uploads\/2024\/11\/Bancos-y-Mesas-20-600x600.jpg 600w, https:\/\/nrmuebles.com\/wp-content\/uploads\/2024\/11\/Bancos-y-Mesas-20-1024x1024.jpg 1024w, https:\/\/nrmuebles.com\/wp-content\/uploads\/2024\/11\/Bancos-y-Mesas-20-150x150.jpg 150w, https:\/\/nrmuebles.com\/wp-content\/uploads\/2024\/11\/Bancos-y-Mesas-20-768x768.jpg 768w, https:\/\/nrmuebles.com\/wp-content\/uploads\/2024\/11\/Bancos-y-Mesas-20-50x50.jpg 50w, https:\/\/nrmuebles.com\/wp-content\/uploads\/2024\/11\/Bancos-y-Mesas-20-100x100.jpg 100w, https:\/\/nrmuebles.com\/wp-content\/uploads\/2024\/11\/Bancos-y-Mesas-20.jpg 1440w\" sizes=\"(max-width: 450px) 100vw, 450px\" \/><\/p>","protected":false},"excerpt":{"rendered":"<ul>\n<li><strong><em>Bulto x4 unidades.<\/em><\/strong><\/li>\n<li>Banqueta pl\u00e1stica exterior, c\u00f3moda, ligera y apilable.<\/li>\n<li>Dise\u00f1o simil rattan.<\/li>\n<li>No requiere mantenimiento.<\/li>\n<\/ul>","protected":false},"featured_media":17667,"comment_status":"open","ping_status":"closed","template":"","meta":{"_joinchat":[]},"product_brand":[],"product_cat":[62],"product_tag":[],"class_list":{"0":"post-16644","1":"product","2":"type-product","3":"status-publish","4":"has-post-thumbnail","6":"product_cat-sillas","7":"pa_colores-disponibles-blanco","8":"pa_colores-disponibles-negro","10":"first","11":"instock","12":"featured","13":"shipping-taxable","14":"purchasable","15":"product-type-variable"},"yoast_head":"<!-- This site is optimized with the Yoast SEO plugin v27.2 - https:\/\/yoast.com\/product\/yoast-seo-wordpress\/ -->\n<title>Banquito Lion - Nr Muebles<\/title>\n<meta name=\"description\" content=\"Banqueta pl\u00e1stica exterior, c\u00f3moda, ligera y apilable. Dise\u00f1o simil rattan. No requiere mantenimiento.\" \/>\n<meta name=\"robots\" content=\"index, follow, max-snippet:-1, max-image-preview:large, max-video-preview:-1\" \/>\n<link rel=\"canonical\" href=\"https:\/\/nrmuebles.com\/en\/product\/banquito-lion\/\" \/>\n<meta property=\"og:locale\" content=\"en_GB\" \/>\n<meta property=\"og:type\" content=\"article\" \/>\n<meta property=\"og:title\" content=\"Banquito Lion - Nr Muebles\" \/>\n<meta property=\"og:description\" content=\"Banqueta pl\u00e1stica exterior, c\u00f3moda, ligera y apilable. Dise\u00f1o simil rattan. No requiere mantenimiento.\" \/>\n<meta property=\"og:url\" content=\"https:\/\/nrmuebles.com\/en\/product\/banquito-lion\/\" \/>\n<meta property=\"og:site_name\" content=\"Nr Muebles\" \/>\n<meta property=\"article:modified_time\" content=\"2026-03-11T15:53:29+00:00\" \/>\n<meta property=\"og:image\" content=\"https:\/\/nrmuebles.com\/wp-content\/uploads\/2024\/11\/1-2-scaled.jpg\" \/>\n\t<meta property=\"og:image:width\" content=\"2560\" \/>\n\t<meta property=\"og:image:height\" content=\"2560\" \/>\n\t<meta property=\"og:image:type\" content=\"image\/jpeg\" \/>\n<meta name=\"twitter:card\" content=\"summary_large_image\" \/>\n<meta name=\"twitter:label1\" content=\"Estimated reading time\" \/>\n\t<meta name=\"twitter:data1\" content=\"1 minute\" \/>\n<script type=\"application\/ld+json\" class=\"yoast-schema-graph\">{\"@context\":\"https:\/\/schema.org\",\"@graph\":[{\"@type\":\"WebPage\",\"@id\":\"https:\/\/nrmuebles.com\/product\/banquito-lion\/\",\"url\":\"https:\/\/nrmuebles.com\/product\/banquito-lion\/\",\"name\":\"Banquito Lion - Nr Muebles\",\"isPartOf\":{\"@id\":\"https:\/\/nrmuebles.com\/#website\"},\"primaryImageOfPage\":{\"@id\":\"https:\/\/nrmuebles.com\/product\/banquito-lion\/#primaryimage\"},\"image\":{\"@id\":\"https:\/\/nrmuebles.com\/product\/banquito-lion\/#primaryimage\"},\"thumbnailUrl\":\"https:\/\/nrmuebles.com\/wp-content\/uploads\/2024\/11\/1-2-scaled.jpg\",\"datePublished\":\"2024-11-22T18:22:28+00:00\",\"dateModified\":\"2026-03-11T15:53:29+00:00\",\"description\":\"Banqueta pl\u00e1stica exterior, c\u00f3moda, ligera y apilable. Dise\u00f1o simil rattan. No requiere mantenimiento.\",\"breadcrumb\":{\"@id\":\"https:\/\/nrmuebles.com\/product\/banquito-lion\/#breadcrumb\"},\"inLanguage\":\"en-GB\",\"potentialAction\":[{\"@type\":\"ReadAction\",\"target\":[\"https:\/\/nrmuebles.com\/product\/banquito-lion\/\"]}]},{\"@type\":\"ImageObject\",\"inLanguage\":\"en-GB\",\"@id\":\"https:\/\/nrmuebles.com\/product\/banquito-lion\/#primaryimage\",\"url\":\"https:\/\/nrmuebles.com\/wp-content\/uploads\/2024\/11\/1-2-scaled.jpg\",\"contentUrl\":\"https:\/\/nrmuebles.com\/wp-content\/uploads\/2024\/11\/1-2-scaled.jpg\",\"width\":2560,\"height\":2560},{\"@type\":\"BreadcrumbList\",\"@id\":\"https:\/\/nrmuebles.com\/product\/banquito-lion\/#breadcrumb\",\"itemListElement\":[{\"@type\":\"ListItem\",\"position\":1,\"name\":\"Inicio\",\"item\":\"https:\/\/nrmuebles.com\/\"},{\"@type\":\"ListItem\",\"position\":2,\"name\":\"Productos\",\"item\":\"https:\/\/nrmuebles.com\/productos\/\"},{\"@type\":\"ListItem\",\"position\":3,\"name\":\"Banquito Lion\"}]},{\"@type\":\"WebSite\",\"@id\":\"https:\/\/nrmuebles.com\/#website\",\"url\":\"https:\/\/nrmuebles.com\/\",\"name\":\"Nr Muebles\",\"description\":\"\",\"potentialAction\":[{\"@type\":\"SearchAction\",\"target\":{\"@type\":\"EntryPoint\",\"urlTemplate\":\"https:\/\/nrmuebles.com\/?s={search_term_string}\"},\"query-input\":{\"@type\":\"PropertyValueSpecification\",\"valueRequired\":true,\"valueName\":\"search_term_string\"}}],\"inLanguage\":\"en-GB\"}]}<\/script>\n<!-- \/ Yoast SEO plugin. -->","yoast_head_json":{"title":"Banquito Lion - Nr Muebles","description":"Banqueta pl\u00e1stica exterior, c\u00f3moda, ligera y apilable. Dise\u00f1o simil rattan. No requiere mantenimiento.","robots":{"index":"index","follow":"follow","max-snippet":"max-snippet:-1","max-image-preview":"max-image-preview:large","max-video-preview":"max-video-preview:-1"},"canonical":"https:\/\/nrmuebles.com\/en\/product\/banquito-lion\/","og_locale":"en_GB","og_type":"article","og_title":"Banquito Lion - Nr Muebles","og_description":"Banqueta pl\u00e1stica exterior, c\u00f3moda, ligera y apilable. Dise\u00f1o simil rattan. No requiere mantenimiento.","og_url":"https:\/\/nrmuebles.com\/en\/product\/banquito-lion\/","og_site_name":"Nr Muebles","article_modified_time":"2026-03-11T15:53:29+00:00","og_image":[{"width":2560,"height":2560,"url":"https:\/\/nrmuebles.com\/wp-content\/uploads\/2024\/11\/1-2-scaled.jpg","type":"image\/jpeg"}],"twitter_card":"summary_large_image","twitter_misc":{"Estimated reading time":"1 minute"},"schema":{"@context":"https:\/\/schema.org","@graph":[{"@type":"WebPage","@id":"https:\/\/nrmuebles.com\/product\/banquito-lion\/","url":"https:\/\/nrmuebles.com\/product\/banquito-lion\/","name":"Banquito Lion - Nr Muebles","isPartOf":{"@id":"https:\/\/nrmuebles.com\/#website"},"primaryImageOfPage":{"@id":"https:\/\/nrmuebles.com\/product\/banquito-lion\/#primaryimage"},"image":{"@id":"https:\/\/nrmuebles.com\/product\/banquito-lion\/#primaryimage"},"thumbnailUrl":"https:\/\/nrmuebles.com\/wp-content\/uploads\/2024\/11\/1-2-scaled.jpg","datePublished":"2024-11-22T18:22:28+00:00","dateModified":"2026-03-11T15:53:29+00:00","description":"Banqueta pl\u00e1stica exterior, c\u00f3moda, ligera y apilable. Dise\u00f1o simil rattan. No requiere mantenimiento.","breadcrumb":{"@id":"https:\/\/nrmuebles.com\/product\/banquito-lion\/#breadcrumb"},"inLanguage":"en-GB","potentialAction":[{"@type":"ReadAction","target":["https:\/\/nrmuebles.com\/product\/banquito-lion\/"]}]},{"@type":"ImageObject","inLanguage":"en-GB","@id":"https:\/\/nrmuebles.com\/product\/banquito-lion\/#primaryimage","url":"https:\/\/nrmuebles.com\/wp-content\/uploads\/2024\/11\/1-2-scaled.jpg","contentUrl":"https:\/\/nrmuebles.com\/wp-content\/uploads\/2024\/11\/1-2-scaled.jpg","width":2560,"height":2560},{"@type":"BreadcrumbList","@id":"https:\/\/nrmuebles.com\/product\/banquito-lion\/#breadcrumb","itemListElement":[{"@type":"ListItem","position":1,"name":"Inicio","item":"https:\/\/nrmuebles.com\/"},{"@type":"ListItem","position":2,"name":"Productos","item":"https:\/\/nrmuebles.com\/productos\/"},{"@type":"ListItem","position":3,"name":"Banquito Lion"}]},{"@type":"WebSite","@id":"https:\/\/nrmuebles.com\/#website","url":"https:\/\/nrmuebles.com\/","name":"Nr Muebles","description":"","potentialAction":[{"@type":"SearchAction","target":{"@type":"EntryPoint","urlTemplate":"https:\/\/nrmuebles.com\/?s={search_term_string}"},"query-input":{"@type":"PropertyValueSpecification","valueRequired":true,"valueName":"search_term_string"}}],"inLanguage":"en-GB"}]}},"_links":{"self":[{"href":"https:\/\/nrmuebles.com\/en\/wp-json\/wp\/v2\/product\/16644","targetHints":{"allow":["GET"]}}],"collection":[{"href":"https:\/\/nrmuebles.com\/en\/wp-json\/wp\/v2\/product"}],"about":[{"href":"https:\/\/nrmuebles.com\/en\/wp-json\/wp\/v2\/types\/product"}],"replies":[{"embeddable":true,"href":"https:\/\/nrmuebles.com\/en\/wp-json\/wp\/v2\/comments?post=16644"}],"wp:featuredmedia":[{"embeddable":true,"href":"https:\/\/nrmuebles.com\/en\/wp-json\/wp\/v2\/media\/17667"}],"wp:attachment":[{"href":"https:\/\/nrmuebles.com\/en\/wp-json\/wp\/v2\/media?parent=16644"}],"wp:term":[{"taxonomy":"product_brand","embeddable":true,"href":"https:\/\/nrmuebles.com\/en\/wp-json\/wp\/v2\/product_brand?post=16644"},{"taxonomy":"product_cat","embeddable":true,"href":"https:\/\/nrmuebles.com\/en\/wp-json\/wp\/v2\/product_cat?post=16644"},{"taxonomy":"product_tag","embeddable":true,"href":"https:\/\/nrmuebles.com\/en\/wp-json\/wp\/v2\/product_tag?post=16644"}],"curies":[{"name":"wp","href":"https:\/\/api.w.org\/{rel}","templated":true}]}}