{"id":6735,"date":"2022-09-17T15:31:53","date_gmt":"2022-09-17T15:31:53","guid":{"rendered":"https:\/\/demo.artureanec.com\/themes\/industrium\/?page_id=6735"},"modified":"2024-11-23T18:32:54","modified_gmt":"2024-11-23T21:32:54","slug":"politica-de-devoluciones","status":"publish","type":"page","link":"https:\/\/nrmuebles.com\/en\/politica-de-devoluciones\/","title":{"rendered":"Pol\u00edtica de Devoluciones"},"content":{"rendered":"<div data-elementor-type=\"wp-page\" data-elementor-id=\"6735\" class=\"elementor elementor-6735\" data-elementor-post-type=\"page\">\n\t\t\t\t<div class=\"elementor-element elementor-element-0eba988 e-flex e-con-boxed e-con e-parent\" data-id=\"0eba988\" data-element_type=\"container\" data-e-type=\"container\">\n\t\t\t\t\t<div class=\"e-con-inner\">\n\t\t\t\t<div class=\"elementor-element elementor-element-22b824b elementor-widget elementor-widget-text-editor\" data-id=\"22b824b\" data-element_type=\"widget\" data-e-type=\"widget\" data-widget_type=\"text-editor.default\">\n\t\t\t\t<div class=\"elementor-widget-container\">\n\t\t\t\t\t\t\t\t\t<div data-id=\"19e0b52\" data-element_type=\"widget\" data-widget_type=\"heading.default\"><p><span style=\"text-decoration: underline;\"><span style=\"color: #277a6f; text-decoration: underline;\">Para que un producto NR sea reconocido en garant\u00eda, establecemos los siguientes principios:<\/span><\/span><\/p><ul><li style=\"font-weight: 400;\">Se reconocer\u00e1 el art\u00edculo si el mismo presenta problema\/defecto de fabricaci\u00f3n.<\/li><li style=\"font-weight: 400;\">Se tendr\u00e1 en cuenta si el art\u00edculo fue utilizado de manera adecuada (funci\u00f3n para la cual fue creado).<\/li><li style=\"font-weight: 400;\">No se reconocer\u00e1, rotura\/da\u00f1o generado por agentes externos como ser golpes, ca\u00eddas, etc.<\/li><li style=\"font-weight: 400;\">Si corresponde, se reconocer\u00e1 el art\u00edculo (reposici\u00f3n), no el env\u00edo del mismo.<\/li><\/ul><p style=\"font-weight: 400;\"><span style=\"text-decoration: underline;\"><span style=\"color: #277a6f; text-decoration: underline;\">Procedimiento General:<\/span><\/span><\/p><ul><li style=\"font-weight: 400;\">Para iniciar la gesti\u00f3n de un reclamo, se solicita la siguiente informaci\u00f3n enviarla a la siguiente casilla <a href=\"mailto:info@nrmuebles.com\">info@nrmuebles.com<\/a>: fotos del art\u00edculo completo, foto de la zona de falla\/rotura, copia de la factura de compra y foto del fechador (ubicado en el art\u00edculo).<\/li><li style=\"font-weight: 400;\">Desde el Departamento de Calidad se dar\u00e1 una respuesta preliminar al respecto y de ser necesario, se solicitar\u00e1 el envi\u00f3 de las unidades con falla\/rotura.<\/li><li style=\"font-weight: 400;\">Una vez recibida las unidades en cuesti\u00f3n, se proceder\u00e1 a la reposici\u00f3n del mismo.<\/li><\/ul><\/div>\t\t\t\t\t\t\t\t<\/div>\n\t\t\t\t<\/div>\n\t\t\t\t\t<\/div>\n\t\t\t\t<\/div>\n\t\t\t\t<\/div>","protected":false},"excerpt":{"rendered":"<p>Para que un producto NR sea reconocido en garant\u00eda, establecemos los siguientes principios: Se reconocer\u00e1 el art\u00edculo si el mismo presenta problema\/defecto de fabricaci\u00f3n. Se tendr\u00e1 en cuenta si el art\u00edculo fue utilizado de manera adecuada (funci\u00f3n para la cual fue&#8230;<\/p>","protected":false},"author":1,"featured_media":0,"parent":0,"menu_order":0,"comment_status":"closed","ping_status":"closed","template":"","meta":{"_joinchat":[],"footnotes":""},"class_list":["post-6735","page","type-page","status-publish","hentry"],"yoast_head":"<!-- This site is optimized with the Yoast SEO plugin v27.2 - https:\/\/yoast.com\/product\/yoast-seo-wordpress\/ -->\n<title>Nr Muebles - Pol\u00edtica de Devoluciones<\/title>\n<meta name=\"description\" content=\"Somos fabricantes. Dise\u00f1amos nuestros productos para conseguir la m\u00e1xima satisfaccion de nuestros clientes. Conseguilos ac\u00e1.\" \/>\n<meta name=\"robots\" content=\"index, follow, max-snippet:-1, max-image-preview:large, max-video-preview:-1\" \/>\n<link rel=\"canonical\" href=\"https:\/\/nrmuebles.com\/en\/politica-de-devoluciones\/\" \/>\n<meta property=\"og:locale\" content=\"en_GB\" \/>\n<meta property=\"og:type\" content=\"article\" \/>\n<meta property=\"og:title\" content=\"Nr Muebles - Pol\u00edtica de Devoluciones\" \/>\n<meta property=\"og:description\" content=\"Somos fabricantes. Dise\u00f1amos nuestros productos para conseguir la m\u00e1xima satisfaccion de nuestros clientes. Conseguilos ac\u00e1.\" \/>\n<meta property=\"og:url\" content=\"https:\/\/nrmuebles.com\/en\/politica-de-devoluciones\/\" \/>\n<meta property=\"og:site_name\" content=\"Nr Muebles\" \/>\n<meta property=\"article:modified_time\" content=\"2024-11-23T21:32:54+00:00\" \/>\n<meta name=\"twitter:card\" content=\"summary_large_image\" \/>\n<meta name=\"twitter:label1\" content=\"Estimated reading time\" \/>\n\t<meta name=\"twitter:data1\" content=\"1 minute\" \/>\n<script type=\"application\/ld+json\" class=\"yoast-schema-graph\">{\"@context\":\"https:\/\/schema.org\",\"@graph\":[{\"@type\":\"WebPage\",\"@id\":\"https:\/\/nrmuebles.com\/politica-de-devoluciones\/\",\"url\":\"https:\/\/nrmuebles.com\/politica-de-devoluciones\/\",\"name\":\"Nr Muebles - Pol\u00edtica de Devoluciones\",\"isPartOf\":{\"@id\":\"https:\/\/nrmuebles.com\/#website\"},\"datePublished\":\"2022-09-17T15:31:53+00:00\",\"dateModified\":\"2024-11-23T21:32:54+00:00\",\"description\":\"Somos fabricantes. Dise\u00f1amos nuestros productos para conseguir la m\u00e1xima satisfaccion de nuestros clientes. Conseguilos ac\u00e1.\",\"breadcrumb\":{\"@id\":\"https:\/\/nrmuebles.com\/politica-de-devoluciones\/#breadcrumb\"},\"inLanguage\":\"en-GB\",\"potentialAction\":[{\"@type\":\"ReadAction\",\"target\":[\"https:\/\/nrmuebles.com\/politica-de-devoluciones\/\"]}]},{\"@type\":\"BreadcrumbList\",\"@id\":\"https:\/\/nrmuebles.com\/politica-de-devoluciones\/#breadcrumb\",\"itemListElement\":[{\"@type\":\"ListItem\",\"position\":1,\"name\":\"Inicio\",\"item\":\"https:\/\/nrmuebles.com\/\"},{\"@type\":\"ListItem\",\"position\":2,\"name\":\"Pol\u00edtica de Devoluciones\"}]},{\"@type\":\"WebSite\",\"@id\":\"https:\/\/nrmuebles.com\/#website\",\"url\":\"https:\/\/nrmuebles.com\/\",\"name\":\"Nr Muebles\",\"description\":\"\",\"potentialAction\":[{\"@type\":\"SearchAction\",\"target\":{\"@type\":\"EntryPoint\",\"urlTemplate\":\"https:\/\/nrmuebles.com\/?s={search_term_string}\"},\"query-input\":{\"@type\":\"PropertyValueSpecification\",\"valueRequired\":true,\"valueName\":\"search_term_string\"}}],\"inLanguage\":\"en-GB\"}]}<\/script>\n<!-- \/ Yoast SEO plugin. -->","yoast_head_json":{"title":"Nr Muebles - Pol\u00edtica de Devoluciones","description":"Somos fabricantes. Dise\u00f1amos nuestros productos para conseguir la m\u00e1xima satisfaccion de nuestros clientes. Conseguilos ac\u00e1.","robots":{"index":"index","follow":"follow","max-snippet":"max-snippet:-1","max-image-preview":"max-image-preview:large","max-video-preview":"max-video-preview:-1"},"canonical":"https:\/\/nrmuebles.com\/en\/politica-de-devoluciones\/","og_locale":"en_GB","og_type":"article","og_title":"Nr Muebles - Pol\u00edtica de Devoluciones","og_description":"Somos fabricantes. Dise\u00f1amos nuestros productos para conseguir la m\u00e1xima satisfaccion de nuestros clientes. Conseguilos ac\u00e1.","og_url":"https:\/\/nrmuebles.com\/en\/politica-de-devoluciones\/","og_site_name":"Nr Muebles","article_modified_time":"2024-11-23T21:32:54+00:00","twitter_card":"summary_large_image","twitter_misc":{"Estimated reading time":"1 minute"},"schema":{"@context":"https:\/\/schema.org","@graph":[{"@type":"WebPage","@id":"https:\/\/nrmuebles.com\/politica-de-devoluciones\/","url":"https:\/\/nrmuebles.com\/politica-de-devoluciones\/","name":"Nr Muebles - Pol\u00edtica de Devoluciones","isPartOf":{"@id":"https:\/\/nrmuebles.com\/#website"},"datePublished":"2022-09-17T15:31:53+00:00","dateModified":"2024-11-23T21:32:54+00:00","description":"Somos fabricantes. Dise\u00f1amos nuestros productos para conseguir la m\u00e1xima satisfaccion de nuestros clientes. Conseguilos ac\u00e1.","breadcrumb":{"@id":"https:\/\/nrmuebles.com\/politica-de-devoluciones\/#breadcrumb"},"inLanguage":"en-GB","potentialAction":[{"@type":"ReadAction","target":["https:\/\/nrmuebles.com\/politica-de-devoluciones\/"]}]},{"@type":"BreadcrumbList","@id":"https:\/\/nrmuebles.com\/politica-de-devoluciones\/#breadcrumb","itemListElement":[{"@type":"ListItem","position":1,"name":"Inicio","item":"https:\/\/nrmuebles.com\/"},{"@type":"ListItem","position":2,"name":"Pol\u00edtica de Devoluciones"}]},{"@type":"WebSite","@id":"https:\/\/nrmuebles.com\/#website","url":"https:\/\/nrmuebles.com\/","name":"Nr Muebles","description":"","potentialAction":[{"@type":"SearchAction","target":{"@type":"EntryPoint","urlTemplate":"https:\/\/nrmuebles.com\/?s={search_term_string}"},"query-input":{"@type":"PropertyValueSpecification","valueRequired":true,"valueName":"search_term_string"}}],"inLanguage":"en-GB"}]}},"_links":{"self":[{"href":"https:\/\/nrmuebles.com\/en\/wp-json\/wp\/v2\/pages\/6735","targetHints":{"allow":["GET"]}}],"collection":[{"href":"https:\/\/nrmuebles.com\/en\/wp-json\/wp\/v2\/pages"}],"about":[{"href":"https:\/\/nrmuebles.com\/en\/wp-json\/wp\/v2\/types\/page"}],"author":[{"embeddable":true,"href":"https:\/\/nrmuebles.com\/en\/wp-json\/wp\/v2\/users\/1"}],"replies":[{"embeddable":true,"href":"https:\/\/nrmuebles.com\/en\/wp-json\/wp\/v2\/comments?post=6735"}],"version-history":[{"count":11,"href":"https:\/\/nrmuebles.com\/en\/wp-json\/wp\/v2\/pages\/6735\/revisions"}],"predecessor-version":[{"id":16436,"href":"https:\/\/nrmuebles.com\/en\/wp-json\/wp\/v2\/pages\/6735\/revisions\/16436"}],"wp:attachment":[{"href":"https:\/\/nrmuebles.com\/en\/wp-json\/wp\/v2\/media?parent=6735"}],"curies":[{"name":"wp","href":"https:\/\/api.w.org\/{rel}","templated":true}]}}