{"id":17216,"date":"2024-11-25T15:16:19","date_gmt":"2024-11-25T18:16:19","guid":{"rendered":"https:\/\/nrmuebles.com\/?page_id=17216"},"modified":"2024-11-29T20:21:16","modified_gmt":"2024-11-29T23:21:16","slug":"sillones","status":"publish","type":"page","link":"https:\/\/nrmuebles.com\/en\/sillones\/","title":{"rendered":"Sillones"},"content":{"rendered":"<div data-elementor-type=\"wp-page\" data-elementor-id=\"17216\" class=\"elementor elementor-17216\" data-elementor-post-type=\"page\">\n\t\t\t\t\t\t<section class=\"elementor-section elementor-top-section elementor-element elementor-element-2129127 elementor-section-stretched elementor-section-boxed elementor-section-height-default elementor-section-height-default\" data-id=\"2129127\" data-element_type=\"section\" data-e-type=\"section\" data-settings=\"{&quot;stretch_section&quot;:&quot;section-stretched&quot;,&quot;background_background&quot;:&quot;classic&quot;}\">\n\t\t\t\t\t\t<div class=\"elementor-container elementor-column-gap-default\">\n\t\t\t\t\t<div class=\"elementor-column elementor-col-100 elementor-top-column elementor-element elementor-element-cd9e6d1\" data-id=\"cd9e6d1\" data-element_type=\"column\" data-e-type=\"column\">\n\t\t\t<div class=\"elementor-widget-wrap elementor-element-populated\">\n\t\t\t\t\t\t<div class=\"elementor-element elementor-element-1bfc361 elementor-widget elementor-widget-spacer\" data-id=\"1bfc361\" data-element_type=\"widget\" data-e-type=\"widget\" data-widget_type=\"spacer.default\">\n\t\t\t\t<div class=\"elementor-widget-container\">\n\t\t\t\t\t\t\t<div class=\"elementor-spacer\">\n\t\t\t<div class=\"elementor-spacer-inner\"><\/div>\n\t\t<\/div>\n\t\t\t\t\t\t<\/div>\n\t\t\t\t<\/div>\n\t\t\t\t\t<\/div>\n\t\t<\/div>\n\t\t\t\t\t<\/div>\n\t\t<\/section>\n\t\t\t\t<section class=\"elementor-section elementor-top-section elementor-element elementor-element-c50fe1c elementor-section-boxed elementor-section-height-default elementor-section-height-default\" data-id=\"c50fe1c\" data-element_type=\"section\" data-e-type=\"section\">\n\t\t\t\t\t\t<div class=\"elementor-container elementor-column-gap-default\">\n\t\t\t\t\t<div class=\"elementor-column elementor-col-100 elementor-top-column elementor-element elementor-element-d68b991\" data-id=\"d68b991\" data-element_type=\"column\" data-e-type=\"column\">\n\t\t\t<div class=\"elementor-widget-wrap elementor-element-populated\">\n\t\t\t\t\t\t<div class=\"elementor-element elementor-element-ba6b4fe elementor-absolute animated-fast elementor-hidden-mobile_extra elementor-hidden-mobile decoration-type-1 elementor-invisible elementor-widget elementor-widget-industrium_decoration\" data-id=\"ba6b4fe\" data-element_type=\"widget\" data-e-type=\"widget\" data-settings=\"{&quot;_position&quot;:&quot;absolute&quot;,&quot;_animation&quot;:&quot;industrium_decoration&quot;,&quot;_animation_tablet_extra&quot;:&quot;none&quot;,&quot;_animation_delay&quot;:300}\" data-widget_type=\"industrium_decoration.default\">\n\t\t\t\t<div class=\"elementor-widget-container\">\n\t\t\t\t\t        <div class=\"decoration-widget\">\n            <div class=\"decoration-container\">\n                <div class=\"industrium-decoration\">\n                    <div><\/div><div><\/div><div><\/div>\n                <\/div>\n            <\/div>\n        <\/div>\n        \t\t\t\t<\/div>\n\t\t\t\t<\/div>\n\t\t\t\t\t<\/div>\n\t\t<\/div>\n\t\t\t\t\t<\/div>\n\t\t<\/section>\n\t\t<div class=\"elementor-element elementor-element-469046c e-con-full e-flex e-con e-parent\" data-id=\"469046c\" data-element_type=\"container\" data-e-type=\"container\">\n\t\t<div class=\"elementor-element elementor-element-b94c771 e-con-full e-grid e-con e-child\" data-id=\"b94c771\" data-element_type=\"container\" data-e-type=\"container\">\n\t\t\t\t<div class=\"elementor-element elementor-element-f5afc23 elementor-widget elementor-widget-text-editor\" data-id=\"f5afc23\" data-element_type=\"widget\" data-e-type=\"widget\" data-widget_type=\"text-editor.default\">\n\t\t\t\t<div class=\"elementor-widget-container\">\n\t\t\t\t\t\t\t\t\t<ul><li><span style=\"color: #000000;\"><a style=\"color: #000000;\" href=\"https:\/\/nrmuebles.com\/en\/mesas\/\">Mesas<\/a><\/span><\/li><li><span style=\"color: #000000;\"><a style=\"color: #000000;\" href=\"https:\/\/nrmuebles.com\/en\/sillas\/\">Sillas<\/a><\/span><\/li><li><span style=\"color: #000000;\"><a style=\"color: #000000;\" href=\"https:\/\/nrmuebles.com\/en\/sillones\/\">Sillones<\/a><\/span><\/li><li><span style=\"color: #000000;\"><a style=\"color: #000000;\" href=\"https:\/\/nrmuebles.com\/en\/combos\/\">Combos<\/a><\/span><\/li><\/ul>\t\t\t\t\t\t\t\t<\/div>\n\t\t\t\t<\/div>\n\t\t\t\t<\/div>\n\t\t<div class=\"elementor-element elementor-element-344b05b e-con-full e-grid e-con e-child\" data-id=\"344b05b\" data-element_type=\"container\" data-e-type=\"container\">\n\t\t\t\t<div class=\"elementor-element elementor-element-ddb44ec elementor-grid-3 elementor-grid-mobile-1 elementor-product-loop-item--align-left elementor-grid-tablet-3 elementor-products-grid elementor-wc-products elementor-widget elementor-widget-woocommerce-products\" data-id=\"ddb44ec\" data-element_type=\"widget\" data-e-type=\"widget\" data-widget_type=\"woocommerce-products.default\">\n\t\t\t\t<div class=\"elementor-widget-container\">\n\t\t\t\t\t<div class=\"woocommerce columns-3\"><ul class=\"products elementor-grid columns-3\">\n<li class=\"product type-product post-17735 status-publish first instock product_cat-accesorios product_cat-sillones has-post-thumbnail featured shipping-taxable purchasable product-type-variable\">\n\t<div class=\"woocommerce-loop-product__wrapper\"><div class=\"attachment-woocommerce_wrapper\"><a href=\"https:\/\/nrmuebles.com\/en\/product\/almohadon-oasis\/\" class=\"attachment-woocommerce_link\"><img fetchpriority=\"high\" decoding=\"async\" width=\"600\" height=\"600\" src=\"https:\/\/nrmuebles.com\/wp-content\/uploads\/2025\/10\/c-scaled.png\" class=\"attachment-woocommerce_thumbnail size-woocommerce_thumbnail\" alt=\"Almohad\u00f3n Oasis\" srcset=\"https:\/\/nrmuebles.com\/wp-content\/uploads\/2025\/10\/c-scaled.png 2560w, https:\/\/nrmuebles.com\/wp-content\/uploads\/2025\/10\/c-300x300.png 300w, https:\/\/nrmuebles.com\/wp-content\/uploads\/2025\/10\/c-1024x1024.png 1024w, https:\/\/nrmuebles.com\/wp-content\/uploads\/2025\/10\/c-150x150.png 150w, https:\/\/nrmuebles.com\/wp-content\/uploads\/2025\/10\/c-768x768.png 768w, https:\/\/nrmuebles.com\/wp-content\/uploads\/2025\/10\/c-1536x1536.png 1536w, https:\/\/nrmuebles.com\/wp-content\/uploads\/2025\/10\/c-2048x2048.png 2048w, https:\/\/nrmuebles.com\/wp-content\/uploads\/2025\/10\/c-12x12.png 12w\" sizes=\"(max-width: 600px) 100vw, 600px\" \/><\/a><div class=\"attachment-woocommerce_flash\"><\/div><\/div><div class=\"content-woocommerce-wrapper\"><h3 class=\"woocommerce-loop-product-title\"><a href=\"https:\/\/nrmuebles.com\/en\/product\/almohadon-oasis\/\">Almohad\u00f3n Oasis<\/a><\/h3><div class=\"product-rating-wrapper\"><div class=\"star-rating\" role=\"img\" aria-label=\"Rated 0 out of 5\"><span style=\"width:0%\" data-no-translation=\"\" data-trp-gettext=\"\">Valorado en <strong class=\"rating\">0<\/strong> de 5<\/span><\/div><\/div>\n\t<span class=\"price\"><span class=\"price_wrapper\"><span class=\"woocommerce-Price-amount amount\"><bdi><span class=\"woocommerce-Price-currencySymbol\">&#36;<\/span>&nbsp;23.640<\/bdi><\/span><\/span><\/span>\n<div class=\"product-buttons-wrapper\"><div class=\"woocommerce-loop-product__buttons\"><a href=\"https:\/\/nrmuebles.com\/en\/product\/almohadon-oasis\/\" aria-describedby=\"woocommerce_loop_add_to_cart_link_describedby_17735\" data-quantity=\"1\" class=\"button product_type_variable add_to_cart_button\" data-product_id=\"17735\" data-product_sku=\"\" aria-label=\"Eleg\u00ed las opciones para \u201cAlmohad\u00f3n Oasis\u201d\" rel=\"nofollow\" data-no-translation=\"\" data-trp-gettext=\"\" data-no-translation-aria-label=\"\">Seleccionar opciones<\/a><\/div>\t<span id=\"woocommerce_loop_add_to_cart_link_describedby_17735\" class=\"screen-reader-text\">\n\t\tThis product has multiple variants. The options may be chosen on the product page\t<\/span>\n<\/div><\/div><\/div><\/li>\n<li class=\"product type-product post-16994 status-publish instock product_cat-sillones has-post-thumbnail featured shipping-taxable purchasable product-type-variable\">\n\t<div class=\"woocommerce-loop-product__wrapper\"><div class=\"attachment-woocommerce_wrapper\"><a href=\"https:\/\/nrmuebles.com\/en\/product\/sillonbeach\/\" class=\"attachment-woocommerce_link\"><img decoding=\"async\" width=\"600\" height=\"600\" src=\"https:\/\/nrmuebles.com\/wp-content\/uploads\/2024\/11\/2_Mesa-de-trabajo-1-copia-scaled-600x600.jpg\" class=\"attachment-woocommerce_thumbnail size-woocommerce_thumbnail\" alt=\"Sill\u00f3n Beach\" srcset=\"https:\/\/nrmuebles.com\/wp-content\/uploads\/2024\/11\/2_Mesa-de-trabajo-1-copia-scaled-600x600.jpg 600w, https:\/\/nrmuebles.com\/wp-content\/uploads\/2024\/11\/2_Mesa-de-trabajo-1-copia-300x300.jpg 300w, https:\/\/nrmuebles.com\/wp-content\/uploads\/2024\/11\/2_Mesa-de-trabajo-1-copia-1024x1024.jpg 1024w, https:\/\/nrmuebles.com\/wp-content\/uploads\/2024\/11\/2_Mesa-de-trabajo-1-copia-150x150.jpg 150w, https:\/\/nrmuebles.com\/wp-content\/uploads\/2024\/11\/2_Mesa-de-trabajo-1-copia-768x768.jpg 768w, https:\/\/nrmuebles.com\/wp-content\/uploads\/2024\/11\/2_Mesa-de-trabajo-1-copia-1536x1536.jpg 1536w, https:\/\/nrmuebles.com\/wp-content\/uploads\/2024\/11\/2_Mesa-de-trabajo-1-copia-2048x2048.jpg 2048w, https:\/\/nrmuebles.com\/wp-content\/uploads\/2024\/11\/2_Mesa-de-trabajo-1-copia-12x12.jpg 12w, https:\/\/nrmuebles.com\/wp-content\/uploads\/2024\/11\/2_Mesa-de-trabajo-1-copia-50x50.jpg 50w, https:\/\/nrmuebles.com\/wp-content\/uploads\/2024\/11\/2_Mesa-de-trabajo-1-copia-100x100.jpg 100w\" sizes=\"(max-width: 600px) 100vw, 600px\" \/><\/a><div class=\"attachment-woocommerce_flash\"><\/div><\/div><div class=\"content-woocommerce-wrapper\"><h3 class=\"woocommerce-loop-product-title\"><a href=\"https:\/\/nrmuebles.com\/en\/product\/sillonbeach\/\">Sill\u00f3n Beach<\/a><\/h3><div class=\"product-rating-wrapper\"><div class=\"star-rating\" role=\"img\" aria-label=\"Rated 0 out of 5\"><span style=\"width:0%\" data-no-translation=\"\" data-trp-gettext=\"\">Valorado en <strong class=\"rating\">0<\/strong> de 5<\/span><\/div><\/div>\n\t<span class=\"price\"><span class=\"price_wrapper\"><span class=\"woocommerce-Price-amount amount\"><bdi><span class=\"woocommerce-Price-currencySymbol\">&#36;<\/span>&nbsp;100.244<\/bdi><\/span><\/span><\/span>\n<div class=\"product-buttons-wrapper\"><div class=\"woocommerce-loop-product__buttons\"><a href=\"https:\/\/nrmuebles.com\/en\/product\/sillonbeach\/\" aria-describedby=\"woocommerce_loop_add_to_cart_link_describedby_16994\" data-quantity=\"1\" class=\"button product_type_variable add_to_cart_button\" data-product_id=\"16994\" data-product_sku=\"\" aria-label=\"Eleg\u00ed las opciones para \u201cSill\u00f3n Beach\u201d\" rel=\"nofollow\" data-no-translation=\"\" data-trp-gettext=\"\" data-no-translation-aria-label=\"\">Seleccionar opciones<\/a><\/div>\t<span id=\"woocommerce_loop_add_to_cart_link_describedby_16994\" class=\"screen-reader-text\">\n\t\tThis product has multiple variants. The options may be chosen on the product page\t<\/span>\n<\/div><\/div><\/div><\/li>\n<li class=\"product type-product post-16987 status-publish last instock product_cat-sillones has-post-thumbnail featured shipping-taxable purchasable product-type-variable\">\n\t<div class=\"woocommerce-loop-product__wrapper\"><div class=\"attachment-woocommerce_wrapper\"><a href=\"https:\/\/nrmuebles.com\/en\/product\/sillonoasis\/\" class=\"attachment-woocommerce_link\"><img decoding=\"async\" width=\"600\" height=\"600\" src=\"https:\/\/nrmuebles.com\/wp-content\/uploads\/2024\/11\/Oasis_2-600x600.png\" class=\"attachment-woocommerce_thumbnail size-woocommerce_thumbnail\" alt=\"Sill\u00f3n Oasis\" srcset=\"https:\/\/nrmuebles.com\/wp-content\/uploads\/2024\/11\/Oasis_2-600x600.png 600w, https:\/\/nrmuebles.com\/wp-content\/uploads\/2024\/11\/Oasis_2-300x300.png 300w, https:\/\/nrmuebles.com\/wp-content\/uploads\/2024\/11\/Oasis_2-1024x1024.png 1024w, https:\/\/nrmuebles.com\/wp-content\/uploads\/2024\/11\/Oasis_2-150x150.png 150w, https:\/\/nrmuebles.com\/wp-content\/uploads\/2024\/11\/Oasis_2-768x768.png 768w, https:\/\/nrmuebles.com\/wp-content\/uploads\/2024\/11\/Oasis_2-50x50.png 50w, https:\/\/nrmuebles.com\/wp-content\/uploads\/2024\/11\/Oasis_2-100x100.png 100w, https:\/\/nrmuebles.com\/wp-content\/uploads\/2024\/11\/Oasis_2.png 1080w\" sizes=\"(max-width: 600px) 100vw, 600px\" \/><\/a><div class=\"attachment-woocommerce_flash\"><\/div><\/div><div class=\"content-woocommerce-wrapper\"><h3 class=\"woocommerce-loop-product-title\"><a href=\"https:\/\/nrmuebles.com\/en\/product\/sillonoasis\/\">Sill\u00f3n Oasis<\/a><\/h3><div class=\"product-rating-wrapper\"><div class=\"star-rating\" role=\"img\" aria-label=\"Rated 0 out of 5\"><span style=\"width:0%\" data-no-translation=\"\" data-trp-gettext=\"\">Valorado en <strong class=\"rating\">0<\/strong> de 5<\/span><\/div><\/div>\n\t<span class=\"price\"><span class=\"price_wrapper\"><span class=\"woocommerce-Price-amount amount\"><bdi><span class=\"woocommerce-Price-currencySymbol\">&#36;<\/span>&nbsp;0<\/bdi><\/span><\/span><\/span>\n<div class=\"product-buttons-wrapper\"><div class=\"woocommerce-loop-product__buttons\"><a href=\"https:\/\/nrmuebles.com\/en\/product\/sillonoasis\/\" aria-describedby=\"woocommerce_loop_add_to_cart_link_describedby_16987\" data-quantity=\"1\" class=\"button product_type_variable add_to_cart_button\" data-product_id=\"16987\" data-product_sku=\"\" aria-label=\"Eleg\u00ed las opciones para \u201cSill\u00f3n Oasis\u201d\" rel=\"nofollow\" data-no-translation=\"\" data-trp-gettext=\"\" data-no-translation-aria-label=\"\">Seleccionar opciones<\/a><\/div>\t<span id=\"woocommerce_loop_add_to_cart_link_describedby_16987\" class=\"screen-reader-text\">\n\t\tThis product has multiple variants. The options may be chosen on the product page\t<\/span>\n<\/div><\/div><\/div><\/li>\n<\/ul>\n<\/div>\t\t\t\t<\/div>\n\t\t\t\t<\/div>\n\t\t\t\t<\/div>\n\t\t\t\t<\/div>\n\t\t\t\t<section class=\"elementor-section elementor-top-section elementor-element elementor-element-cee153d elementor-section-stretched elementor-section-full_width elementor-section-height-min-height elementor-section-height-default elementor-section-items-middle\" data-id=\"cee153d\" data-element_type=\"section\" data-e-type=\"section\" data-settings=\"{&quot;stretch_section&quot;:&quot;section-stretched&quot;,&quot;background_background&quot;:&quot;classic&quot;}\">\n\t\t\t\t\t\t<div class=\"elementor-container elementor-column-gap-default\">\n\t\t\t\t\t<div class=\"elementor-column elementor-col-100 elementor-top-column elementor-element elementor-element-efc19bb\" data-id=\"efc19bb\" data-element_type=\"column\" data-e-type=\"column\" data-settings=\"{&quot;background_background&quot;:&quot;classic&quot;}\">\n\t\t\t<div class=\"elementor-widget-wrap elementor-element-populated\">\n\t\t\t\t<div class=\"elementor-element elementor-element-4d76321 e-grid e-con-boxed e-con e-parent\" data-id=\"4d76321\" data-element_type=\"container\" data-e-type=\"container\" data-settings=\"{&quot;background_background&quot;:&quot;classic&quot;}\">\n\t\t\t\t\t<div class=\"e-con-inner\">\n\t\t\t\t<div class=\"elementor-element elementor-element-1226976 elementor-widget elementor-widget-industrium_heading\" data-id=\"1226976\" data-element_type=\"widget\" data-e-type=\"widget\" data-widget_type=\"industrium_heading.default\">\n\t\t\t\t<div class=\"elementor-widget-container\">\n\t\t\t\t\t<div class=\"industrium-heading-widget\"><h2 class=\"industrium-heading\"><span class=\"industrium-subheading no-dot\">\u00bfTen\u00e9s dudas?<\/span><span class=\"industrium-heading-content\">Contactanos!<\/span><\/h2><\/div>\t\t\t\t<\/div>\n\t\t\t\t<\/div>\n\t\t\t\t<div class=\"elementor-element elementor-element-35bb6cd elementor-widget elementor-widget-industrium_button\" data-id=\"35bb6cd\" data-element_type=\"widget\" data-e-type=\"widget\" data-widget_type=\"industrium_button.default\">\n\t\t\t\t<div class=\"elementor-widget-container\">\n\t\t\t\t\t\n        <div class=\"button-widget\">\n            <div class=\"button-container\">\n                <a class=\"industrium-button button-type-1\" href=\"https:\/\/nrmuebles.com\/en\/contact\/\" >\n                    CONTACTAR<svg viewbox=\"0 0 13 20\"><polyline points=\"0.5 19.5 3 19.5 12.5 10 3 0.5\"><\/polyline><\/svg>                    \n                <\/a>\n            <\/div>\n        <\/div>\n        \t\t\t\t<\/div>\n\t\t\t\t<\/div>\n\t\t\t\t\t<\/div>\n\t\t\t\t<\/div>\n\t\t\t\t\t<\/div>\n\t\t<\/div>\n\t\t\t\t\t<\/div>\n\t\t<\/section>\n\t\t\t\t<\/div>","protected":false},"excerpt":{"rendered":"<p>Mesas Sillas Sillones Combos<\/p>","protected":false},"author":1,"featured_media":0,"parent":0,"menu_order":0,"comment_status":"closed","ping_status":"closed","template":"","meta":{"_joinchat":[],"footnotes":""},"class_list":["post-17216","page","type-page","status-publish","hentry"],"yoast_head":"<!-- This site is optimized with the Yoast SEO plugin v27.2 - https:\/\/yoast.com\/product\/yoast-seo-wordpress\/ -->\n<title>Nr Muebles - Sillones<\/title>\n<meta name=\"description\" content=\"Somos fabricantes. Dise\u00f1amos nuestros productos para conseguir la m\u00e1xima satisfaccion de nuestros clientes. Conseguilos ac\u00e1.\" \/>\n<meta name=\"robots\" content=\"index, follow, max-snippet:-1, max-image-preview:large, max-video-preview:-1\" \/>\n<link rel=\"canonical\" href=\"https:\/\/nrmuebles.com\/en\/sillones\/\" \/>\n<meta property=\"og:locale\" content=\"en_GB\" \/>\n<meta property=\"og:type\" content=\"article\" \/>\n<meta property=\"og:title\" content=\"Nr Muebles - Sillones\" \/>\n<meta property=\"og:description\" content=\"Somos fabricantes. Dise\u00f1amos nuestros productos para conseguir la m\u00e1xima satisfaccion de nuestros clientes. Conseguilos ac\u00e1.\" \/>\n<meta property=\"og:url\" content=\"https:\/\/nrmuebles.com\/en\/sillones\/\" \/>\n<meta property=\"og:site_name\" content=\"Nr Muebles\" \/>\n<meta property=\"article:modified_time\" content=\"2024-11-29T23:21:16+00:00\" \/>\n<meta name=\"twitter:card\" content=\"summary_large_image\" \/>\n<meta name=\"twitter:label1\" content=\"Estimated reading time\" \/>\n\t<meta name=\"twitter:data1\" content=\"2 minutes\" \/>\n<script type=\"application\/ld+json\" class=\"yoast-schema-graph\">{\"@context\":\"https:\/\/schema.org\",\"@graph\":[{\"@type\":\"WebPage\",\"@id\":\"https:\/\/nrmuebles.com\/sillones\/\",\"url\":\"https:\/\/nrmuebles.com\/sillones\/\",\"name\":\"Nr Muebles - Sillones\",\"isPartOf\":{\"@id\":\"https:\/\/nrmuebles.com\/#website\"},\"datePublished\":\"2024-11-25T18:16:19+00:00\",\"dateModified\":\"2024-11-29T23:21:16+00:00\",\"description\":\"Somos fabricantes. Dise\u00f1amos nuestros productos para conseguir la m\u00e1xima satisfaccion de nuestros clientes. Conseguilos ac\u00e1.\",\"breadcrumb\":{\"@id\":\"https:\/\/nrmuebles.com\/sillones\/#breadcrumb\"},\"inLanguage\":\"en-GB\",\"potentialAction\":[{\"@type\":\"ReadAction\",\"target\":[\"https:\/\/nrmuebles.com\/sillones\/\"]}]},{\"@type\":\"BreadcrumbList\",\"@id\":\"https:\/\/nrmuebles.com\/sillones\/#breadcrumb\",\"itemListElement\":[{\"@type\":\"ListItem\",\"position\":1,\"name\":\"Inicio\",\"item\":\"https:\/\/nrmuebles.com\/\"},{\"@type\":\"ListItem\",\"position\":2,\"name\":\"Sillones\"}]},{\"@type\":\"WebSite\",\"@id\":\"https:\/\/nrmuebles.com\/#website\",\"url\":\"https:\/\/nrmuebles.com\/\",\"name\":\"Nr Muebles\",\"description\":\"\",\"potentialAction\":[{\"@type\":\"SearchAction\",\"target\":{\"@type\":\"EntryPoint\",\"urlTemplate\":\"https:\/\/nrmuebles.com\/?s={search_term_string}\"},\"query-input\":{\"@type\":\"PropertyValueSpecification\",\"valueRequired\":true,\"valueName\":\"search_term_string\"}}],\"inLanguage\":\"en-GB\"}]}<\/script>\n<!-- \/ Yoast SEO plugin. -->","yoast_head_json":{"title":"Nr Muebles - Sillones","description":"Somos fabricantes. Dise\u00f1amos nuestros productos para conseguir la m\u00e1xima satisfaccion de nuestros clientes. Conseguilos ac\u00e1.","robots":{"index":"index","follow":"follow","max-snippet":"max-snippet:-1","max-image-preview":"max-image-preview:large","max-video-preview":"max-video-preview:-1"},"canonical":"https:\/\/nrmuebles.com\/en\/sillones\/","og_locale":"en_GB","og_type":"article","og_title":"Nr Muebles - Sillones","og_description":"Somos fabricantes. Dise\u00f1amos nuestros productos para conseguir la m\u00e1xima satisfaccion de nuestros clientes. Conseguilos ac\u00e1.","og_url":"https:\/\/nrmuebles.com\/en\/sillones\/","og_site_name":"Nr Muebles","article_modified_time":"2024-11-29T23:21:16+00:00","twitter_card":"summary_large_image","twitter_misc":{"Estimated reading time":"2 minutes"},"schema":{"@context":"https:\/\/schema.org","@graph":[{"@type":"WebPage","@id":"https:\/\/nrmuebles.com\/sillones\/","url":"https:\/\/nrmuebles.com\/sillones\/","name":"Nr Muebles - Sillones","isPartOf":{"@id":"https:\/\/nrmuebles.com\/#website"},"datePublished":"2024-11-25T18:16:19+00:00","dateModified":"2024-11-29T23:21:16+00:00","description":"Somos fabricantes. Dise\u00f1amos nuestros productos para conseguir la m\u00e1xima satisfaccion de nuestros clientes. Conseguilos ac\u00e1.","breadcrumb":{"@id":"https:\/\/nrmuebles.com\/sillones\/#breadcrumb"},"inLanguage":"en-GB","potentialAction":[{"@type":"ReadAction","target":["https:\/\/nrmuebles.com\/sillones\/"]}]},{"@type":"BreadcrumbList","@id":"https:\/\/nrmuebles.com\/sillones\/#breadcrumb","itemListElement":[{"@type":"ListItem","position":1,"name":"Inicio","item":"https:\/\/nrmuebles.com\/"},{"@type":"ListItem","position":2,"name":"Sillones"}]},{"@type":"WebSite","@id":"https:\/\/nrmuebles.com\/#website","url":"https:\/\/nrmuebles.com\/","name":"Nr Muebles","description":"","potentialAction":[{"@type":"SearchAction","target":{"@type":"EntryPoint","urlTemplate":"https:\/\/nrmuebles.com\/?s={search_term_string}"},"query-input":{"@type":"PropertyValueSpecification","valueRequired":true,"valueName":"search_term_string"}}],"inLanguage":"en-GB"}]}},"_links":{"self":[{"href":"https:\/\/nrmuebles.com\/en\/wp-json\/wp\/v2\/pages\/17216","targetHints":{"allow":["GET"]}}],"collection":[{"href":"https:\/\/nrmuebles.com\/en\/wp-json\/wp\/v2\/pages"}],"about":[{"href":"https:\/\/nrmuebles.com\/en\/wp-json\/wp\/v2\/types\/page"}],"author":[{"embeddable":true,"href":"https:\/\/nrmuebles.com\/en\/wp-json\/wp\/v2\/users\/1"}],"replies":[{"embeddable":true,"href":"https:\/\/nrmuebles.com\/en\/wp-json\/wp\/v2\/comments?post=17216"}],"version-history":[{"count":7,"href":"https:\/\/nrmuebles.com\/en\/wp-json\/wp\/v2\/pages\/17216\/revisions"}],"predecessor-version":[{"id":17516,"href":"https:\/\/nrmuebles.com\/en\/wp-json\/wp\/v2\/pages\/17216\/revisions\/17516"}],"wp:attachment":[{"href":"https:\/\/nrmuebles.com\/en\/wp-json\/wp\/v2\/media?parent=17216"}],"curies":[{"name":"wp","href":"https:\/\/api.w.org\/{rel}","templated":true}]}}