{"id":14334,"date":"2023-01-24T16:13:30","date_gmt":"2023-01-24T16:13:30","guid":{"rendered":"https:\/\/demo.artureanec.com\/themes\/industrium\/?page_id=14334"},"modified":"2024-11-29T20:15:59","modified_gmt":"2024-11-29T23:15:59","slug":"shop","status":"publish","type":"page","link":"https:\/\/nrmuebles.com\/en\/shop\/","title":{"rendered":"Productos"},"content":{"rendered":"<div data-elementor-type=\"wp-page\" data-elementor-id=\"14334\" class=\"elementor elementor-14334\" data-elementor-post-type=\"page\">\n\t\t\t\t\t\t<section class=\"elementor-section elementor-top-section elementor-element elementor-element-2129127 elementor-section-stretched elementor-section-boxed elementor-section-height-default elementor-section-height-default\" data-id=\"2129127\" data-element_type=\"section\" data-e-type=\"section\" data-settings=\"{&quot;stretch_section&quot;:&quot;section-stretched&quot;,&quot;background_background&quot;:&quot;classic&quot;}\">\n\t\t\t\t\t\t<div class=\"elementor-container elementor-column-gap-default\">\n\t\t\t\t\t<div class=\"elementor-column elementor-col-100 elementor-top-column elementor-element elementor-element-cd9e6d1\" data-id=\"cd9e6d1\" data-element_type=\"column\" data-e-type=\"column\">\n\t\t\t<div class=\"elementor-widget-wrap elementor-element-populated\">\n\t\t\t\t\t\t<div class=\"elementor-element elementor-element-1bfc361 elementor-widget elementor-widget-spacer\" data-id=\"1bfc361\" data-element_type=\"widget\" data-e-type=\"widget\" data-widget_type=\"spacer.default\">\n\t\t\t\t<div class=\"elementor-widget-container\">\n\t\t\t\t\t\t\t<div class=\"elementor-spacer\">\n\t\t\t<div class=\"elementor-spacer-inner\"><\/div>\n\t\t<\/div>\n\t\t\t\t\t\t<\/div>\n\t\t\t\t<\/div>\n\t\t\t\t\t<\/div>\n\t\t<\/div>\n\t\t\t\t\t<\/div>\n\t\t<\/section>\n\t\t\t\t<section class=\"elementor-section elementor-top-section elementor-element elementor-element-c50fe1c elementor-section-boxed elementor-section-height-default elementor-section-height-default\" data-id=\"c50fe1c\" data-element_type=\"section\" data-e-type=\"section\">\n\t\t\t\t\t\t<div class=\"elementor-container elementor-column-gap-default\">\n\t\t\t\t\t<div class=\"elementor-column elementor-col-100 elementor-top-column elementor-element elementor-element-d68b991\" data-id=\"d68b991\" data-element_type=\"column\" data-e-type=\"column\">\n\t\t\t<div class=\"elementor-widget-wrap elementor-element-populated\">\n\t\t\t\t\t\t<div class=\"elementor-element elementor-element-ba6b4fe elementor-absolute animated-fast elementor-hidden-mobile_extra elementor-hidden-mobile decoration-type-1 elementor-invisible elementor-widget elementor-widget-industrium_decoration\" data-id=\"ba6b4fe\" data-element_type=\"widget\" data-e-type=\"widget\" data-settings=\"{&quot;_position&quot;:&quot;absolute&quot;,&quot;_animation&quot;:&quot;industrium_decoration&quot;,&quot;_animation_tablet_extra&quot;:&quot;none&quot;,&quot;_animation_delay&quot;:300}\" data-widget_type=\"industrium_decoration.default\">\n\t\t\t\t<div class=\"elementor-widget-container\">\n\t\t\t\t\t        <div class=\"decoration-widget\">\n            <div class=\"decoration-container\">\n                <div class=\"industrium-decoration\">\n                    <div><\/div><div><\/div><div><\/div>\n                <\/div>\n            <\/div>\n        <\/div>\n        \t\t\t\t<\/div>\n\t\t\t\t<\/div>\n\t\t\t\t\t<\/div>\n\t\t<\/div>\n\t\t\t\t\t<\/div>\n\t\t<\/section>\n\t\t<div class=\"elementor-element elementor-element-469046c e-flex e-con-boxed e-con e-parent\" data-id=\"469046c\" data-element_type=\"container\" data-e-type=\"container\">\n\t\t\t\t\t<div class=\"e-con-inner\">\n\t\t<div class=\"elementor-element elementor-element-b94c771 e-con-full e-flex e-con e-child\" data-id=\"b94c771\" data-element_type=\"container\" data-e-type=\"container\">\n\t\t\t\t<div class=\"elementor-element elementor-element-7eed777 elementor-widget elementor-widget-image\" data-id=\"7eed777\" data-element_type=\"widget\" data-e-type=\"widget\" data-widget_type=\"image.default\">\n\t\t\t\t<div class=\"elementor-widget-container\">\n\t\t\t\t\t\t\t\t\t\t\t\t\t\t\t<img fetchpriority=\"high\" decoding=\"async\" width=\"1024\" height=\"765\" src=\"https:\/\/nrmuebles.com\/wp-content\/uploads\/2024\/11\/NR-17-1024x765.jpg\" class=\"attachment-large size-large wp-image-17094\" alt=\"\" srcset=\"https:\/\/nrmuebles.com\/wp-content\/uploads\/2024\/11\/NR-17-1024x765.jpg 1024w, https:\/\/nrmuebles.com\/wp-content\/uploads\/2024\/11\/NR-17-600x448.jpg 600w, https:\/\/nrmuebles.com\/wp-content\/uploads\/2024\/11\/NR-17-300x224.jpg 300w, https:\/\/nrmuebles.com\/wp-content\/uploads\/2024\/11\/NR-17-768x574.jpg 768w, https:\/\/nrmuebles.com\/wp-content\/uploads\/2024\/11\/NR-17-1536x1148.jpg 1536w, https:\/\/nrmuebles.com\/wp-content\/uploads\/2024\/11\/NR-17-960x718.jpg 960w, https:\/\/nrmuebles.com\/wp-content\/uploads\/2024\/11\/NR-17-640x479.jpg 640w, https:\/\/nrmuebles.com\/wp-content\/uploads\/2024\/11\/NR-17-480x359.jpg 480w, https:\/\/nrmuebles.com\/wp-content\/uploads\/2024\/11\/NR-17-384x287.jpg 384w, https:\/\/nrmuebles.com\/wp-content\/uploads\/2024\/11\/NR-17-320x239.jpg 320w, https:\/\/nrmuebles.com\/wp-content\/uploads\/2024\/11\/NR-17.jpg 1550w\" sizes=\"(max-width: 1024px) 100vw, 1024px\" \/>\t\t\t\t\t\t\t\t\t\t\t\t\t\t\t<\/div>\n\t\t\t\t<\/div>\n\t\t\t\t<div class=\"elementor-element elementor-element-32fca2f elementor-widget elementor-widget-industrium_price_item\" data-id=\"32fca2f\" data-element_type=\"widget\" data-e-type=\"widget\" data-widget_type=\"industrium_price_item.default\">\n\t\t\t\t<div class=\"elementor-widget-container\">\n\t\t\t\t\t\n        <div class=\"industrium-price-item-widget\">\n            <div class=\"price-item price-item-type-wide\">\n                                <div class=\"price-item-inner\">\n\n                                        \t<div class=\"price-item-title-price-wrapper\">\n                                            <div class=\"price-item-container price-item-currency-position-before\">\n                            <div class=\"price-wrapper\">\n                                <span class=\"currency\">Sillas<\/span><span class=\"price\"><\/span>                            <\/div>\n\n                                                    <\/div>\n                                            \t<\/div>\n                                        \t<div class=\"price-item-button-container\">\n                            <a class=\"industrium-button\" href=\"https:\/\/nrmuebles.com\/en\/sillas\/\" >VER TODOS<\/a>\n                        <\/div>\n                                        \n                <\/div>\n                            <\/div>\n        <\/div>\n        \t\t\t\t<\/div>\n\t\t\t\t<\/div>\n\t\t\t\t<\/div>\n\t\t<div class=\"elementor-element elementor-element-34dcd2f e-con-full e-flex e-con e-child\" data-id=\"34dcd2f\" data-element_type=\"container\" data-e-type=\"container\">\n\t\t\t\t<div class=\"elementor-element elementor-element-11a84cf elementor-widget elementor-widget-image\" data-id=\"11a84cf\" data-element_type=\"widget\" data-e-type=\"widget\" data-widget_type=\"image.default\">\n\t\t\t\t<div class=\"elementor-widget-container\">\n\t\t\t\t\t\t\t\t\t\t\t\t\t\t\t<img decoding=\"async\" width=\"1024\" height=\"765\" src=\"https:\/\/nrmuebles.com\/wp-content\/uploads\/2024\/11\/NR-18-1024x765.jpg\" class=\"attachment-large size-large wp-image-17095\" alt=\"\" srcset=\"https:\/\/nrmuebles.com\/wp-content\/uploads\/2024\/11\/NR-18-1024x765.jpg 1024w, https:\/\/nrmuebles.com\/wp-content\/uploads\/2024\/11\/NR-18-600x448.jpg 600w, https:\/\/nrmuebles.com\/wp-content\/uploads\/2024\/11\/NR-18-300x224.jpg 300w, https:\/\/nrmuebles.com\/wp-content\/uploads\/2024\/11\/NR-18-768x574.jpg 768w, https:\/\/nrmuebles.com\/wp-content\/uploads\/2024\/11\/NR-18-1536x1148.jpg 1536w, https:\/\/nrmuebles.com\/wp-content\/uploads\/2024\/11\/NR-18-960x718.jpg 960w, https:\/\/nrmuebles.com\/wp-content\/uploads\/2024\/11\/NR-18-640x479.jpg 640w, https:\/\/nrmuebles.com\/wp-content\/uploads\/2024\/11\/NR-18-480x359.jpg 480w, https:\/\/nrmuebles.com\/wp-content\/uploads\/2024\/11\/NR-18-384x287.jpg 384w, https:\/\/nrmuebles.com\/wp-content\/uploads\/2024\/11\/NR-18-320x239.jpg 320w, https:\/\/nrmuebles.com\/wp-content\/uploads\/2024\/11\/NR-18.jpg 1550w\" sizes=\"(max-width: 1024px) 100vw, 1024px\" \/>\t\t\t\t\t\t\t\t\t\t\t\t\t\t\t<\/div>\n\t\t\t\t<\/div>\n\t\t\t\t<div class=\"elementor-element elementor-element-ffe62db elementor-widget elementor-widget-industrium_price_item\" data-id=\"ffe62db\" data-element_type=\"widget\" data-e-type=\"widget\" data-widget_type=\"industrium_price_item.default\">\n\t\t\t\t<div class=\"elementor-widget-container\">\n\t\t\t\t\t\n        <div class=\"industrium-price-item-widget\">\n            <div class=\"price-item price-item-type-wide\">\n                                <div class=\"price-item-inner\">\n\n                                        \t<div class=\"price-item-title-price-wrapper\">\n                                            <div class=\"price-item-container price-item-currency-position-before\">\n                            <div class=\"price-wrapper\">\n                                <span class=\"currency\">Sillones<\/span><span class=\"price\"><\/span>                            <\/div>\n\n                                                    <\/div>\n                                            \t<\/div>\n                                        \t<div class=\"price-item-button-container\">\n                            <a class=\"industrium-button\" href=\"https:\/\/nrmuebles.com\/en\/sillones\/\" >VER TODOS<\/a>\n                        <\/div>\n                                        \n                <\/div>\n                            <\/div>\n        <\/div>\n        \t\t\t\t<\/div>\n\t\t\t\t<\/div>\n\t\t\t\t<\/div>\n\t\t\t\t\t<\/div>\n\t\t\t\t<\/div>\n\t\t<div class=\"elementor-element elementor-element-7059d08 e-flex e-con-boxed e-con e-parent\" data-id=\"7059d08\" data-element_type=\"container\" data-e-type=\"container\">\n\t\t\t\t\t<div class=\"e-con-inner\">\n\t\t<div class=\"elementor-element elementor-element-d5fae61 e-con-full e-flex e-con e-child\" data-id=\"d5fae61\" data-element_type=\"container\" data-e-type=\"container\">\n\t\t\t\t<div class=\"elementor-element elementor-element-67d50cb elementor-widget elementor-widget-image\" data-id=\"67d50cb\" data-element_type=\"widget\" data-e-type=\"widget\" data-widget_type=\"image.default\">\n\t\t\t\t<div class=\"elementor-widget-container\">\n\t\t\t\t\t\t\t\t\t\t\t\t\t\t\t<img decoding=\"async\" width=\"1024\" height=\"765\" src=\"https:\/\/nrmuebles.com\/wp-content\/uploads\/2024\/11\/NR-19-1024x765.jpg\" class=\"attachment-large size-large wp-image-17096\" alt=\"\" srcset=\"https:\/\/nrmuebles.com\/wp-content\/uploads\/2024\/11\/NR-19-1024x765.jpg 1024w, https:\/\/nrmuebles.com\/wp-content\/uploads\/2024\/11\/NR-19-600x448.jpg 600w, https:\/\/nrmuebles.com\/wp-content\/uploads\/2024\/11\/NR-19-300x224.jpg 300w, https:\/\/nrmuebles.com\/wp-content\/uploads\/2024\/11\/NR-19-768x574.jpg 768w, https:\/\/nrmuebles.com\/wp-content\/uploads\/2024\/11\/NR-19-1536x1148.jpg 1536w, https:\/\/nrmuebles.com\/wp-content\/uploads\/2024\/11\/NR-19-960x718.jpg 960w, https:\/\/nrmuebles.com\/wp-content\/uploads\/2024\/11\/NR-19-640x479.jpg 640w, https:\/\/nrmuebles.com\/wp-content\/uploads\/2024\/11\/NR-19-480x359.jpg 480w, https:\/\/nrmuebles.com\/wp-content\/uploads\/2024\/11\/NR-19-384x287.jpg 384w, https:\/\/nrmuebles.com\/wp-content\/uploads\/2024\/11\/NR-19-320x239.jpg 320w, https:\/\/nrmuebles.com\/wp-content\/uploads\/2024\/11\/NR-19.jpg 1552w\" sizes=\"(max-width: 1024px) 100vw, 1024px\" \/>\t\t\t\t\t\t\t\t\t\t\t\t\t\t\t<\/div>\n\t\t\t\t<\/div>\n\t\t\t\t<div class=\"elementor-element elementor-element-c17804d elementor-widget elementor-widget-industrium_price_item\" data-id=\"c17804d\" data-element_type=\"widget\" data-e-type=\"widget\" data-widget_type=\"industrium_price_item.default\">\n\t\t\t\t<div class=\"elementor-widget-container\">\n\t\t\t\t\t\n        <div class=\"industrium-price-item-widget\">\n            <div class=\"price-item price-item-type-wide\">\n                                <div class=\"price-item-inner\">\n\n                                        \t<div class=\"price-item-title-price-wrapper\">\n                                            <div class=\"price-item-container price-item-currency-position-before\">\n                            <div class=\"price-wrapper\">\n                                <span class=\"currency\">Combos<\/span><span class=\"price\"><\/span>                            <\/div>\n\n                                                    <\/div>\n                                            \t<\/div>\n                                        \t<div class=\"price-item-button-container\">\n                            <a class=\"industrium-button\" href=\"https:\/\/nrmuebles.com\/en\/combos\/\" >VER TODOS<\/a>\n                        <\/div>\n                                        \n                <\/div>\n                            <\/div>\n        <\/div>\n        \t\t\t\t<\/div>\n\t\t\t\t<\/div>\n\t\t\t\t<\/div>\n\t\t<div class=\"elementor-element elementor-element-d2ee5ae e-con-full e-flex e-con e-child\" data-id=\"d2ee5ae\" data-element_type=\"container\" data-e-type=\"container\">\n\t\t\t\t<div class=\"elementor-element elementor-element-09847e3 elementor-widget elementor-widget-image\" data-id=\"09847e3\" data-element_type=\"widget\" data-e-type=\"widget\" data-widget_type=\"image.default\">\n\t\t\t\t<div class=\"elementor-widget-container\">\n\t\t\t\t\t\t\t\t\t\t\t\t\t\t\t<img loading=\"lazy\" decoding=\"async\" width=\"1024\" height=\"765\" src=\"https:\/\/nrmuebles.com\/wp-content\/uploads\/2024\/11\/NR-20-1024x765.jpg\" class=\"attachment-large size-large wp-image-17093\" alt=\"\" srcset=\"https:\/\/nrmuebles.com\/wp-content\/uploads\/2024\/11\/NR-20-1024x765.jpg 1024w, https:\/\/nrmuebles.com\/wp-content\/uploads\/2024\/11\/NR-20-600x448.jpg 600w, https:\/\/nrmuebles.com\/wp-content\/uploads\/2024\/11\/NR-20-300x224.jpg 300w, https:\/\/nrmuebles.com\/wp-content\/uploads\/2024\/11\/NR-20-768x574.jpg 768w, https:\/\/nrmuebles.com\/wp-content\/uploads\/2024\/11\/NR-20-1536x1148.jpg 1536w, https:\/\/nrmuebles.com\/wp-content\/uploads\/2024\/11\/NR-20-960x718.jpg 960w, https:\/\/nrmuebles.com\/wp-content\/uploads\/2024\/11\/NR-20-640x479.jpg 640w, https:\/\/nrmuebles.com\/wp-content\/uploads\/2024\/11\/NR-20-480x359.jpg 480w, https:\/\/nrmuebles.com\/wp-content\/uploads\/2024\/11\/NR-20-384x287.jpg 384w, https:\/\/nrmuebles.com\/wp-content\/uploads\/2024\/11\/NR-20-320x239.jpg 320w, https:\/\/nrmuebles.com\/wp-content\/uploads\/2024\/11\/NR-20.jpg 1550w\" sizes=\"(max-width: 1024px) 100vw, 1024px\" \/>\t\t\t\t\t\t\t\t\t\t\t\t\t\t\t<\/div>\n\t\t\t\t<\/div>\n\t\t\t\t<div class=\"elementor-element elementor-element-fd20b44 elementor-widget elementor-widget-industrium_price_item\" data-id=\"fd20b44\" data-element_type=\"widget\" data-e-type=\"widget\" data-widget_type=\"industrium_price_item.default\">\n\t\t\t\t<div class=\"elementor-widget-container\">\n\t\t\t\t\t\n        <div class=\"industrium-price-item-widget\">\n            <div class=\"price-item price-item-type-wide\">\n                                <div class=\"price-item-inner\">\n\n                                        \t<div class=\"price-item-title-price-wrapper\">\n                                            <div class=\"price-item-container price-item-currency-position-before\">\n                            <div class=\"price-wrapper\">\n                                <span class=\"currency\">Mesas<\/span><span class=\"price\"><\/span>                            <\/div>\n\n                                                    <\/div>\n                                            \t<\/div>\n                                        \t<div class=\"price-item-button-container\">\n                            <a class=\"industrium-button\" href=\"https:\/\/nrmuebles.com\/en\/mesas\/\" >VER TODOS<\/a>\n                        <\/div>\n                                        \n                <\/div>\n                            <\/div>\n        <\/div>\n        \t\t\t\t<\/div>\n\t\t\t\t<\/div>\n\t\t\t\t<\/div>\n\t\t\t\t\t<\/div>\n\t\t\t\t<\/div>\n\t\t\t\t<section class=\"elementor-section elementor-top-section elementor-element elementor-element-cee153d elementor-section-stretched elementor-section-full_width elementor-section-height-min-height elementor-section-height-default elementor-section-items-middle\" data-id=\"cee153d\" data-element_type=\"section\" data-e-type=\"section\" data-settings=\"{&quot;stretch_section&quot;:&quot;section-stretched&quot;,&quot;background_background&quot;:&quot;classic&quot;}\">\n\t\t\t\t\t\t<div class=\"elementor-container elementor-column-gap-default\">\n\t\t\t\t\t<div class=\"elementor-column elementor-col-100 elementor-top-column elementor-element elementor-element-efc19bb\" data-id=\"efc19bb\" data-element_type=\"column\" data-e-type=\"column\" data-settings=\"{&quot;background_background&quot;:&quot;classic&quot;}\">\n\t\t\t<div class=\"elementor-widget-wrap elementor-element-populated\">\n\t\t\t\t<div class=\"elementor-element elementor-element-4d76321 e-grid e-con-boxed e-con e-parent\" data-id=\"4d76321\" data-element_type=\"container\" data-e-type=\"container\" data-settings=\"{&quot;background_background&quot;:&quot;classic&quot;}\">\n\t\t\t\t\t<div class=\"e-con-inner\">\n\t\t\t\t<div class=\"elementor-element elementor-element-1226976 elementor-widget elementor-widget-industrium_heading\" data-id=\"1226976\" data-element_type=\"widget\" data-e-type=\"widget\" data-widget_type=\"industrium_heading.default\">\n\t\t\t\t<div class=\"elementor-widget-container\">\n\t\t\t\t\t<div class=\"industrium-heading-widget\"><h2 class=\"industrium-heading\"><span class=\"industrium-subheading no-dot\">\u00bfTen\u00e9s dudas?<\/span><span class=\"industrium-heading-content\">Contactanos!<\/span><\/h2><\/div>\t\t\t\t<\/div>\n\t\t\t\t<\/div>\n\t\t\t\t<div class=\"elementor-element elementor-element-35bb6cd elementor-widget elementor-widget-industrium_button\" data-id=\"35bb6cd\" data-element_type=\"widget\" data-e-type=\"widget\" data-widget_type=\"industrium_button.default\">\n\t\t\t\t<div class=\"elementor-widget-container\">\n\t\t\t\t\t\n        <div class=\"button-widget\">\n            <div class=\"button-container\">\n                <a class=\"industrium-button button-type-1\" href=\"https:\/\/nrmuebles.com\/en\/contact\/\" >\n                    CONTACTAR<svg viewbox=\"0 0 13 20\"><polyline points=\"0.5 19.5 3 19.5 12.5 10 3 0.5\"><\/polyline><\/svg>                    \n                <\/a>\n            <\/div>\n        <\/div>\n        \t\t\t\t<\/div>\n\t\t\t\t<\/div>\n\t\t\t\t\t<\/div>\n\t\t\t\t<\/div>\n\t\t\t\t\t<\/div>\n\t\t<\/div>\n\t\t\t\t\t<\/div>\n\t\t<\/section>\n\t\t\t\t<\/div>","protected":false},"excerpt":{"rendered":"","protected":false},"author":1,"featured_media":0,"parent":0,"menu_order":0,"comment_status":"closed","ping_status":"closed","template":"","meta":{"_joinchat":[],"footnotes":""},"class_list":["post-14334","page","type-page","status-publish","hentry"],"yoast_head":"<!-- This site is optimized with the Yoast SEO plugin v27.2 - https:\/\/yoast.com\/product\/yoast-seo-wordpress\/ -->\n<title>Nr Muebles - Productos<\/title>\n<meta name=\"description\" content=\"Somos fabricantes. Dise\u00f1amos nuestros productos para conseguir la m\u00e1xima satisfaccion de nuestros clientes. Conseguilos ac\u00e1.\" \/>\n<meta name=\"robots\" content=\"index, follow, max-snippet:-1, max-image-preview:large, max-video-preview:-1\" \/>\n<link rel=\"canonical\" href=\"https:\/\/nrmuebles.com\/en\/shop\/\" \/>\n<meta property=\"og:locale\" content=\"en_GB\" \/>\n<meta property=\"og:type\" content=\"article\" \/>\n<meta property=\"og:title\" content=\"Nr Muebles - Productos\" \/>\n<meta property=\"og:description\" content=\"Somos fabricantes. Dise\u00f1amos nuestros productos para conseguir la m\u00e1xima satisfaccion de nuestros clientes. Conseguilos ac\u00e1.\" \/>\n<meta property=\"og:url\" content=\"https:\/\/nrmuebles.com\/en\/shop\/\" \/>\n<meta property=\"og:site_name\" content=\"Nr Muebles\" \/>\n<meta property=\"article:modified_time\" content=\"2024-11-29T23:15:59+00:00\" \/>\n<meta property=\"og:image\" content=\"https:\/\/nrmuebles.com\/wp-content\/uploads\/2024\/11\/NR-17.jpg\" \/>\n\t<meta property=\"og:image:width\" content=\"1550\" \/>\n\t<meta property=\"og:image:height\" content=\"1158\" \/>\n\t<meta property=\"og:image:type\" content=\"image\/jpeg\" \/>\n<meta name=\"twitter:card\" content=\"summary_large_image\" \/>\n<meta name=\"twitter:label1\" content=\"Estimated reading time\" \/>\n\t<meta name=\"twitter:data1\" content=\"1 minute\" \/>\n<script type=\"application\/ld+json\" class=\"yoast-schema-graph\">{\"@context\":\"https:\/\/schema.org\",\"@graph\":[{\"@type\":\"WebPage\",\"@id\":\"https:\/\/nrmuebles.com\/shop\/\",\"url\":\"https:\/\/nrmuebles.com\/shop\/\",\"name\":\"Nr Muebles - Productos\",\"isPartOf\":{\"@id\":\"https:\/\/nrmuebles.com\/#website\"},\"primaryImageOfPage\":{\"@id\":\"https:\/\/nrmuebles.com\/shop\/#primaryimage\"},\"image\":{\"@id\":\"https:\/\/nrmuebles.com\/shop\/#primaryimage\"},\"thumbnailUrl\":\"https:\/\/nrmuebles.com\/wp-content\/uploads\/2024\/11\/NR-17-1024x765.jpg\",\"datePublished\":\"2023-01-24T16:13:30+00:00\",\"dateModified\":\"2024-11-29T23:15:59+00:00\",\"description\":\"Somos fabricantes. Dise\u00f1amos nuestros productos para conseguir la m\u00e1xima satisfaccion de nuestros clientes. Conseguilos ac\u00e1.\",\"breadcrumb\":{\"@id\":\"https:\/\/nrmuebles.com\/shop\/#breadcrumb\"},\"inLanguage\":\"en-GB\",\"potentialAction\":[{\"@type\":\"ReadAction\",\"target\":[\"https:\/\/nrmuebles.com\/shop\/\"]}]},{\"@type\":\"ImageObject\",\"inLanguage\":\"en-GB\",\"@id\":\"https:\/\/nrmuebles.com\/shop\/#primaryimage\",\"url\":\"https:\/\/nrmuebles.com\/wp-content\/uploads\/2024\/11\/NR-17-1024x765.jpg\",\"contentUrl\":\"https:\/\/nrmuebles.com\/wp-content\/uploads\/2024\/11\/NR-17-1024x765.jpg\"},{\"@type\":\"BreadcrumbList\",\"@id\":\"https:\/\/nrmuebles.com\/shop\/#breadcrumb\",\"itemListElement\":[{\"@type\":\"ListItem\",\"position\":1,\"name\":\"Inicio\",\"item\":\"https:\/\/nrmuebles.com\/\"},{\"@type\":\"ListItem\",\"position\":2,\"name\":\"Productos\"}]},{\"@type\":\"WebSite\",\"@id\":\"https:\/\/nrmuebles.com\/#website\",\"url\":\"https:\/\/nrmuebles.com\/\",\"name\":\"Nr Muebles\",\"description\":\"\",\"potentialAction\":[{\"@type\":\"SearchAction\",\"target\":{\"@type\":\"EntryPoint\",\"urlTemplate\":\"https:\/\/nrmuebles.com\/?s={search_term_string}\"},\"query-input\":{\"@type\":\"PropertyValueSpecification\",\"valueRequired\":true,\"valueName\":\"search_term_string\"}}],\"inLanguage\":\"en-GB\"}]}<\/script>\n<!-- \/ Yoast SEO plugin. -->","yoast_head_json":{"title":"Nr Muebles - Productos","description":"Somos fabricantes. Dise\u00f1amos nuestros productos para conseguir la m\u00e1xima satisfaccion de nuestros clientes. Conseguilos ac\u00e1.","robots":{"index":"index","follow":"follow","max-snippet":"max-snippet:-1","max-image-preview":"max-image-preview:large","max-video-preview":"max-video-preview:-1"},"canonical":"https:\/\/nrmuebles.com\/en\/shop\/","og_locale":"en_GB","og_type":"article","og_title":"Nr Muebles - Productos","og_description":"Somos fabricantes. Dise\u00f1amos nuestros productos para conseguir la m\u00e1xima satisfaccion de nuestros clientes. Conseguilos ac\u00e1.","og_url":"https:\/\/nrmuebles.com\/en\/shop\/","og_site_name":"Nr Muebles","article_modified_time":"2024-11-29T23:15:59+00:00","og_image":[{"width":1550,"height":1158,"url":"https:\/\/nrmuebles.com\/wp-content\/uploads\/2024\/11\/NR-17.jpg","type":"image\/jpeg"}],"twitter_card":"summary_large_image","twitter_misc":{"Estimated reading time":"1 minute"},"schema":{"@context":"https:\/\/schema.org","@graph":[{"@type":"WebPage","@id":"https:\/\/nrmuebles.com\/shop\/","url":"https:\/\/nrmuebles.com\/shop\/","name":"Nr Muebles - Productos","isPartOf":{"@id":"https:\/\/nrmuebles.com\/#website"},"primaryImageOfPage":{"@id":"https:\/\/nrmuebles.com\/shop\/#primaryimage"},"image":{"@id":"https:\/\/nrmuebles.com\/shop\/#primaryimage"},"thumbnailUrl":"https:\/\/nrmuebles.com\/wp-content\/uploads\/2024\/11\/NR-17-1024x765.jpg","datePublished":"2023-01-24T16:13:30+00:00","dateModified":"2024-11-29T23:15:59+00:00","description":"Somos fabricantes. Dise\u00f1amos nuestros productos para conseguir la m\u00e1xima satisfaccion de nuestros clientes. Conseguilos ac\u00e1.","breadcrumb":{"@id":"https:\/\/nrmuebles.com\/shop\/#breadcrumb"},"inLanguage":"en-GB","potentialAction":[{"@type":"ReadAction","target":["https:\/\/nrmuebles.com\/shop\/"]}]},{"@type":"ImageObject","inLanguage":"en-GB","@id":"https:\/\/nrmuebles.com\/shop\/#primaryimage","url":"https:\/\/nrmuebles.com\/wp-content\/uploads\/2024\/11\/NR-17-1024x765.jpg","contentUrl":"https:\/\/nrmuebles.com\/wp-content\/uploads\/2024\/11\/NR-17-1024x765.jpg"},{"@type":"BreadcrumbList","@id":"https:\/\/nrmuebles.com\/shop\/#breadcrumb","itemListElement":[{"@type":"ListItem","position":1,"name":"Inicio","item":"https:\/\/nrmuebles.com\/"},{"@type":"ListItem","position":2,"name":"Productos"}]},{"@type":"WebSite","@id":"https:\/\/nrmuebles.com\/#website","url":"https:\/\/nrmuebles.com\/","name":"Nr Muebles","description":"","potentialAction":[{"@type":"SearchAction","target":{"@type":"EntryPoint","urlTemplate":"https:\/\/nrmuebles.com\/?s={search_term_string}"},"query-input":{"@type":"PropertyValueSpecification","valueRequired":true,"valueName":"search_term_string"}}],"inLanguage":"en-GB"}]}},"_links":{"self":[{"href":"https:\/\/nrmuebles.com\/en\/wp-json\/wp\/v2\/pages\/14334","targetHints":{"allow":["GET"]}}],"collection":[{"href":"https:\/\/nrmuebles.com\/en\/wp-json\/wp\/v2\/pages"}],"about":[{"href":"https:\/\/nrmuebles.com\/en\/wp-json\/wp\/v2\/types\/page"}],"author":[{"embeddable":true,"href":"https:\/\/nrmuebles.com\/en\/wp-json\/wp\/v2\/users\/1"}],"replies":[{"embeddable":true,"href":"https:\/\/nrmuebles.com\/en\/wp-json\/wp\/v2\/comments?post=14334"}],"version-history":[{"count":93,"href":"https:\/\/nrmuebles.com\/en\/wp-json\/wp\/v2\/pages\/14334\/revisions"}],"predecessor-version":[{"id":17504,"href":"https:\/\/nrmuebles.com\/en\/wp-json\/wp\/v2\/pages\/14334\/revisions\/17504"}],"wp:attachment":[{"href":"https:\/\/nrmuebles.com\/en\/wp-json\/wp\/v2\/media?parent=14334"}],"curies":[{"name":"wp","href":"https:\/\/api.w.org\/{rel}","templated":true}]}}